{"id":483,"date":"2015-10-06T15:32:00","date_gmt":"2015-10-06T13:32:00","guid":{"rendered":"http:\/\/www.studiomicali.com\/traduzioni-milano\/"},"modified":"2017-08-27T10:14:13","modified_gmt":"2017-08-27T08:14:13","slug":"uebersetzungsdienste-mailand","status":"publish","type":"page","link":"https:\/\/www.studiomicali.com\/de\/uebersetzungsdienste-mailand\/","title":{"rendered":"\u00dcbersetzungsdienste"},"content":{"rendered":"\n<style type=\"text\/css\" data-created_by=\"avia_inline_auto\" id=\"style-css-av-av_section-69428ed43027a2477fd62bff12ebc303\">\n.avia-section.av-av_section-69428ed43027a2477fd62bff12ebc303{\nbackground-repeat:no-repeat;\nbackground-image:url(https:\/\/www.studiomicali.com\/wp-content\/uploads\/2015\/10\/h_Traduzioni.jpg);\nbackground-position:50% 50%;\nbackground-attachment:fixed;\n}\n.avia-section.av-av_section-69428ed43027a2477fd62bff12ebc303 .av-extra-border-element .av-extra-border-inner{\nbackground-color:#f8f8f8;\n}\n<\/style>\n<div id='av_section_1'  class='avia-section av-av_section-69428ed43027a2477fd62bff12ebc303 main_color avia-section-large avia-no-shadow  avia-builder-el-0  el_before_av_one_full  avia-builder-el-first  avia-full-stretch avia-bg-style-fixed av-arrow-down-section av-minimum-height av-minimum-height-custom av-height-custom  container_wrap sidebar_right'  data-section-bg-repeat='stretch' data-av_minimum_height_px='500'><div class='container av-section-cont-open' style='height:500px'><main  role=\"main\" itemprop=\"mainContentOfPage\"  class='template-page content  av-content-small alpha units'><div class='post-entry post-entry-type-page post-entry-483'><div class='entry-content-wrapper clearfix'><\/div><\/div><\/main><!-- close content main element --><\/div><div class='av-extra-border-element border-extra-arrow-down'><div class='av-extra-border-outer'><div class='av-extra-border-inner'><\/div><\/div><\/div><\/div><div id='after_section_1'  class='main_color av_default_container_wrap container_wrap sidebar_right'  ><div class='container av-section-cont-open' ><div class='template-page content  av-content-small alpha units'><div class='post-entry post-entry-type-page post-entry-483'><div class='entry-content-wrapper clearfix'>\n\n<style type=\"text\/css\" data-created_by=\"avia_inline_auto\" id=\"style-css-av-av_one_full-8c8acfc9aad294c299e6d11f42857933\">\n.flex_column.av-av_one_full-8c8acfc9aad294c299e6d11f42857933{\nborder-radius:0px 0px 0px 0px;\npadding:0 0 0 0;\n}\n<\/style>\n<div  class='flex_column av-av_one_full-8c8acfc9aad294c299e6d11f42857933 av_one_full  avia-builder-el-1  el_after_av_section  el_before_av_section  avia-builder-el-no-sibling  first flex_column_div av-zero-column-padding  '     ><p>\n<style type=\"text\/css\" data-created_by=\"avia_inline_auto\" id=\"style-css-av-av_heading-112659228bd4284deb66ce6e8e1889cc\">\n#top .av-special-heading.av-av_heading-112659228bd4284deb66ce6e8e1889cc{\npadding-bottom:10px;\nfont-size:40px;\n}\nbody .av-special-heading.av-av_heading-112659228bd4284deb66ce6e8e1889cc .av-special-heading-tag .heading-char{\nfont-size:25px;\n}\n#top #wrap_all .av-special-heading.av-av_heading-112659228bd4284deb66ce6e8e1889cc .av-special-heading-tag{\nfont-size:40px;\n}\n.av-special-heading.av-av_heading-112659228bd4284deb66ce6e8e1889cc .av-subheading{\nfont-size:15px;\n}\n\n@media only screen and (min-width: 480px) and (max-width: 767px){ \n#top #wrap_all .av-special-heading.av-av_heading-112659228bd4284deb66ce6e8e1889cc .av-special-heading-tag{\nfont-size:0.8em;\n}\n}\n\n@media only screen and (max-width: 479px){ \n#top #wrap_all .av-special-heading.av-av_heading-112659228bd4284deb66ce6e8e1889cc .av-special-heading-tag{\nfont-size:0.8em;\n}\n}\n<\/style>\n<div  class='av-special-heading av-av_heading-112659228bd4284deb66ce6e8e1889cc av-special-heading-h1 blockquote modern-quote modern-centered  avia-builder-el-2  el_before_av_hr  avia-builder-el-first  av-inherit-size'><h1 class='av-special-heading-tag '  itemprop=\"headline\"  > \u00dcbersetzungsdienste in Mailand<\/h1><div class='av-subheading av-subheading_below'><p>Die Philosophie und Funktionsweise von Studio Micali, \u00dcbersetzungen in Mailand<\/p>\n<\/div><div class=\"special-heading-border\"><div class=\"special-heading-inner-border\"><\/div><\/div><\/div><br \/>\n\n<style type=\"text\/css\" data-created_by=\"avia_inline_auto\" id=\"style-css-av-av_hr-0dda62e92981490d17f79342809bdc13\">\n#top .hr.av-av_hr-0dda62e92981490d17f79342809bdc13{\nmargin-top:15px;\nmargin-bottom:15px;\n}\n.hr.av-av_hr-0dda62e92981490d17f79342809bdc13 .hr-inner{\nwidth:100px;\nborder-color:#6786a1;\nmax-width:45%;\n}\n.hr.av-av_hr-0dda62e92981490d17f79342809bdc13 .av-seperator-icon{\ncolor:#6786a1;\n}\n.hr.av-av_hr-0dda62e92981490d17f79342809bdc13 .av-seperator-icon.avia-svg-icon svg:first-child{\nfill:#6786a1;\nstroke:#6786a1;\n}\n<\/style>\n<div  class='hr av-av_hr-0dda62e92981490d17f79342809bdc13 hr-custom  avia-builder-el-3  el_after_av_heading  el_before_av_heading  hr-center hr-icon-yes'><span class='hr-inner inner-border-av-border-thin'><span class=\"hr-inner-style\"><\/span><\/span><span class='av-seperator-icon avia-iconfont avia-font-entypo-fontello' data-av_icon='\ue8b1' data-av_iconfont='entypo-fontello' ><\/span><span class='hr-inner inner-border-av-border-thin'><span class=\"hr-inner-style\"><\/span><\/span><\/div><br \/>\n\n<style type=\"text\/css\" data-created_by=\"avia_inline_auto\" id=\"style-css-av-av_heading-1e9a577ce98ee3bcbcee4a54821c0241\">\n#top .av-special-heading.av-av_heading-1e9a577ce98ee3bcbcee4a54821c0241{\npadding-bottom:10px;\n}\nbody .av-special-heading.av-av_heading-1e9a577ce98ee3bcbcee4a54821c0241 .av-special-heading-tag .heading-char{\nfont-size:25px;\n}\n.av-special-heading.av-av_heading-1e9a577ce98ee3bcbcee4a54821c0241 .av-subheading{\nfont-size:15px;\n}\n<\/style>\n<div  class='av-special-heading av-av_heading-1e9a577ce98ee3bcbcee4a54821c0241 av-special-heading-h3 blockquote classic-quote  avia-builder-el-4  el_after_av_hr  el_before_av_textblock '><h3 class='av-special-heading-tag '  itemprop=\"headline\"  > Qualit\u00e4t, Vertraulichkeit und Zuverl\u00e4ssigkeit sind f\u00fcr uns die wichtigsten Werte!<\/h3><div class=\"special-heading-border\"><div class=\"special-heading-inner-border\"><\/div><\/div><\/div><br \/>\n<section  class='av_textblock_section av-av_textblock-396ddf1f42196ca838231e61a4602801 '   itemscope=\"itemscope\" itemtype=\"https:\/\/schema.org\/CreativeWork\" ><div class='avia_textblock'  itemprop=\"text\" ><p style=\"text-align: center;\">\u00dcbersetzungen in professioneller Qualit\u00e4t k\u00f6nnen nur durch fachlich spezialisierte \u00dcbersetzer angefertigt werden. Es ist in dem Zusammenhang zu ber\u00fccksichtigen, dass sich die Sprache im Einklang mit der wissenschaftlichen und technologischen Entwicklung weiterentwickelt; auch gesellschaftliche Ver\u00e4nderungen kommen mitunter in der Sprache zum Ausdruck.<\/p>\n<\/div><\/section><\/p><\/div><\/div><\/div><\/div><!-- close content main div --><\/div><\/div>\n<style type=\"text\/css\" data-created_by=\"avia_inline_auto\" id=\"style-css-av-av_section-43da25d3e453fed6951d8fa71dc9c0f1\">\n.avia-section.av-av_section-43da25d3e453fed6951d8fa71dc9c0f1{\nbackground-repeat:no-repeat;\nbackground-image:url(https:\/\/www.studiomicali.com\/wp-content\/uploads\/2015\/10\/sfondo-servizio-traduzioni-milano.jpg);\nbackground-position:50% 100%;\nbackground-attachment:fixed;\n}\n<\/style>\n<div id='av_section_2'  class='avia-section av-av_section-43da25d3e453fed6951d8fa71dc9c0f1 main_color avia-section-default avia-no-shadow  avia-builder-el-6  el_after_av_one_full  avia-builder-el-last  avia-full-stretch avia-bg-style-fixed container_wrap sidebar_right'  data-section-bg-repeat='stretch'><div class='container av-section-cont-open' ><div class='template-page content  av-content-small alpha units'><div class='post-entry post-entry-type-page post-entry-483'><div class='entry-content-wrapper clearfix'>\n\n<style type=\"text\/css\" data-created_by=\"avia_inline_auto\" id=\"style-css-av-av_one_half-352b07ef7d3bc99b2e9f92e7a9e06bdb\">\n.flex_column.av-av_one_half-352b07ef7d3bc99b2e9f92e7a9e06bdb{\nborder-radius:0px 0px 0px 0px;\npadding:0px 0px 0px 0px;\n}\n<\/style>\n<div  class='flex_column av-av_one_half-352b07ef7d3bc99b2e9f92e7a9e06bdb av_one_half  avia-builder-el-7  el_before_av_one_half  avia-builder-el-first  first flex_column_div av-zero-column-padding  '     ><\/div>\n<style type=\"text\/css\" data-created_by=\"avia_inline_auto\" id=\"style-css-av-av_one_half-b016b26b6da1b059cbf252634f1497e2\">\n.flex_column.av-av_one_half-b016b26b6da1b059cbf252634f1497e2{\nborder-radius:0px 0px 0px 0px;\npadding:40px 40px 40px 40px;\nbackground-color:rgba(255,255,255,0.95);\n}\n<\/style>\n<div  class='flex_column av-av_one_half-b016b26b6da1b059cbf252634f1497e2 av_one_half  avia-builder-el-8  el_after_av_one_half  avia-builder-el-last  flex_column_div  '     ><p>\n<style type=\"text\/css\" data-created_by=\"avia_inline_auto\" id=\"style-css-av-av_heading-38d3accb4b0ee1fa047ace6443e98278\">\n#top .av-special-heading.av-av_heading-38d3accb4b0ee1fa047ace6443e98278{\npadding-bottom:10px;\n}\nbody .av-special-heading.av-av_heading-38d3accb4b0ee1fa047ace6443e98278 .av-special-heading-tag .heading-char{\nfont-size:25px;\n}\n.av-special-heading.av-av_heading-38d3accb4b0ee1fa047ace6443e98278 .av-subheading{\nfont-size:15px;\n}\n<\/style>\n<div  class='av-special-heading av-av_heading-38d3accb4b0ee1fa047ace6443e98278 av-special-heading-h2 blockquote modern-quote  avia-builder-el-9  el_before_av_textblock  avia-builder-el-first '><h2 class='av-special-heading-tag '  itemprop=\"headline\"  > Beratungsdienstleistungen<\/h2><div class=\"special-heading-border\"><div class=\"special-heading-inner-border\"><\/div><\/div><\/div><br \/>\n<section  class='av_textblock_section av-av_textblock-5387b3f35525b28b65f0993194ae66f8 '   itemscope=\"itemscope\" itemtype=\"https:\/\/schema.org\/CreativeWork\" ><div class='avia_textblock av_inherit_color'  itemprop=\"text\" ><p>Eine richtige und genaue \u00dcbersetzung erfordert zunehmend mehr Kompetenzen und erfordert daher:<\/p>\n<\/div><\/section><br \/>\n<section  class='av_textblock_section av-av_textblock-396ddf1f42196ca838231e61a4602801 '   itemscope=\"itemscope\" itemtype=\"https:\/\/schema.org\/CreativeWork\" ><div class='avia_textblock'  itemprop=\"text\" ><ul>\n<li>stilistisches Gef\u00fchl von Muttersprachlern<\/li>\n<li>sprachliche Kompetenz und vertieftes technisches Wissen<\/li>\n<li>die Verwendung geeigneter Ressourcen (W\u00f6rterb\u00fccher, technische Dokumentation von verschiedenen Fachgebieten, Glossare).<\/li>\n<li>Kompetenzen f\u00fcr die Nutzung von Fachw\u00f6rterb\u00fcchern<\/li>\n<li>relevante, genaue und aktuelle terminologische Nachforschung<\/li>\n<li>langj\u00e4hrige Erfahrung auf dem Fachgebiet<\/li>\n<\/ul>\n<p>Unser Unternehmen stellt sicher, dass diese Anforderungen erf\u00fcllt werden.<\/p>\n<\/div><\/section><br \/>\n\n<style type=\"text\/css\" data-created_by=\"avia_inline_auto\" id=\"style-css-av-av_heading-599dd629218147690f31ec1ef61fb25f\">\n#top .av-special-heading.av-av_heading-599dd629218147690f31ec1ef61fb25f{\npadding-bottom:10px;\n}\nbody .av-special-heading.av-av_heading-599dd629218147690f31ec1ef61fb25f .av-special-heading-tag .heading-char{\nfont-size:25px;\n}\n.av-special-heading.av-av_heading-599dd629218147690f31ec1ef61fb25f .av-subheading{\nfont-size:15px;\n}\n<\/style>\n<div  class='av-special-heading av-av_heading-599dd629218147690f31ec1ef61fb25f av-special-heading-h2 blockquote modern-quote  avia-builder-el-12  el_after_av_textblock  el_before_av_iconlist '><h2 class='av-special-heading-tag '  itemprop=\"headline\"  >Das Ergebnis<\/h2><div class=\"special-heading-border\"><div class=\"special-heading-inner-border\"><\/div><\/div><\/div><br \/>\n\n<style type=\"text\/css\" data-created_by=\"avia_inline_auto\" id=\"style-css-av-av_iconlist-154e779393cea9b322734552ac02f4f3\">\n#top .avia-icon-list-container.av-av_iconlist-154e779393cea9b322734552ac02f4f3 .iconlist_icon{\nbackground-color:#9db8cc;\n}\n<\/style>\n<div  class='avia-icon-list-container av-av_iconlist-154e779393cea9b322734552ac02f4f3  avia-builder-el-13  el_after_av_heading  avia-builder-el-last '><ul class='avia-icon-list avia_animate_when_almost_visible avia-icon-list-left av-iconlist-big av-av_iconlist-154e779393cea9b322734552ac02f4f3 avia-iconlist-animate'>\n<li><div class='iconlist_icon av-av_iconlist_item-49a631d0767e184e168da7cf2473721c avia-font-entypo-fontello avia-iconfont avia-font-entypo-fontello'><span class='av-icon-char' data-av_icon='\ue8b1' data-av_iconfont='entypo-fontello' aria-hidden=\"true\"><\/span><\/div><article class=\"article-icon-entry \"  itemscope=\"itemscope\" itemtype=\"https:\/\/schema.org\/CreativeWork\" ><div class=\"iconlist_content_wrap\"><header class=\"entry-content-header\" aria-label=\"Icon: spezifische Terminologie f\u00fcr alle Fachgebiete\"><h4 class='av_iconlist_title iconlist_title  '  itemprop=\"headline\" >spezifische Terminologie f\u00fcr alle Fachgebiete<\/h4><\/header><div class='iconlist_content '  itemprop=\"text\" ><h5 class=\"p1\"><\/h5>\n<h4 class=\"p1\"><\/h4>\n<\/div><\/div><footer class=\"entry-footer\"><\/footer><\/article><div class=\"iconlist-timeline\"><\/div><\/li>\n<li><div class='iconlist_icon av-av_iconlist_item-29f9df9e0c343e3d55d77dd00da88641 avia-font-entypo-fontello avia-iconfont avia-font-entypo-fontello'><span class='av-icon-char' data-av_icon='\ue8aa' data-av_iconfont='entypo-fontello' aria-hidden=\"true\"><\/span><\/div><article class=\"article-icon-entry \"  itemscope=\"itemscope\" itemtype=\"https:\/\/schema.org\/CreativeWork\" ><div class=\"iconlist_content_wrap\"><header class=\"entry-content-header\" aria-label=\"Icon: Beachtung der vereinbarten Lieferfristen\"><h4 class='av_iconlist_title iconlist_title  '  itemprop=\"headline\" >Beachtung der vereinbarten Lieferfristen<\/h4><\/header><div class='iconlist_content '  itemprop=\"text\" ><h5><\/h5>\n<h4><\/h4>\n<\/div><\/div><footer class=\"entry-footer\"><\/footer><\/article><div class=\"iconlist-timeline\"><\/div><\/li>\n<li><div class='iconlist_icon av-av_iconlist_item-e564053f2fd3c30cc69ef52b48df43c9 avia-font-entypo-fontello avia-iconfont avia-font-entypo-fontello'><span class='av-icon-char' data-av_icon='\ue8ac' data-av_iconfont='entypo-fontello' aria-hidden=\"true\"><\/span><\/div><article class=\"article-icon-entry \"  itemscope=\"itemscope\" itemtype=\"https:\/\/schema.org\/CreativeWork\" ><div class=\"iconlist_content_wrap\"><header class=\"entry-content-header\" aria-label=\"Icon: Verwendung von technologisch fortschrittlichen Plattformen\"><h4 class='av_iconlist_title iconlist_title  '  itemprop=\"headline\" >Verwendung von technologisch fortschrittlichen Plattformen<\/h4><\/header><div class='iconlist_content '  itemprop=\"text\" ><h5><\/h5>\n<h4><\/h4>\n<\/div><\/div><footer class=\"entry-footer\"><\/footer><\/article><div class=\"iconlist-timeline\"><\/div><\/li>\n<\/ul><\/div><\/p><\/div><\/div><\/div><\/div><!-- close content main div --><\/div><\/div><div id='after_section_2'  class='main_color av_default_container_wrap container_wrap sidebar_right'  ><div class='container av-section-cont-open' ><div class='template-page content  av-content-small alpha units'><div class='post-entry post-entry-type-page post-entry-483'><div class='entry-content-wrapper clearfix'><\/p>\n","protected":false},"excerpt":{"rendered":"","protected":false},"author":1,"featured_media":0,"parent":0,"menu_order":0,"comment_status":"closed","ping_status":"closed","template":"","meta":{"footnotes":""},"class_list":["post-483","page","type-page","status-publish","hentry"],"yoast_head":"<!-- This site is optimized with the Yoast SEO plugin v27.2 - https:\/\/yoast.com\/product\/yoast-seo-wordpress\/ -->\n<title>Professionelle \u00dcbersetzungsdienste in Mailand - \u00dcbersetzer Mailand<\/title>\n<meta name=\"description\" content=\"Studio Micali bietet \u00dcbersetzungs- und \u00dcbersetzungsdienste in Mailand und der Provinz an. Wir haben mehrj\u00e4hrige Erfahrung in technischen \u00dcbersetzungen\" \/>\n<meta name=\"robots\" content=\"index, follow, max-snippet:-1, max-image-preview:large, max-video-preview:-1\" \/>\n<link rel=\"canonical\" href=\"https:\/\/www.studiomicali.com\/de\/uebersetzungsdienste-mailand\/\" \/>\n<meta property=\"og:locale\" content=\"de_DE\" \/>\n<meta property=\"og:type\" content=\"article\" \/>\n<meta property=\"og:title\" content=\"Professionelle \u00dcbersetzungsdienste in Mailand - \u00dcbersetzer Mailand\" \/>\n<meta property=\"og:description\" content=\"Studio Micali bietet \u00dcbersetzungs- und \u00dcbersetzungsdienste in Mailand und der Provinz an. Wir haben mehrj\u00e4hrige Erfahrung in technischen \u00dcbersetzungen\" \/>\n<meta property=\"og:url\" content=\"https:\/\/www.studiomicali.com\/de\/uebersetzungsdienste-mailand\/\" \/>\n<meta property=\"og:site_name\" content=\"Studio Micali\" \/>\n<meta property=\"article:modified_time\" content=\"2017-08-27T08:14:13+00:00\" \/>\n<meta name=\"twitter:card\" content=\"summary_large_image\" \/>\n<meta name=\"twitter:label1\" content=\"Gesch\u00e4tzte Lesezeit\" \/>\n\t<meta name=\"twitter:data1\" content=\"4\u00a0Minuten\" \/>\n<script type=\"application\/ld+json\" class=\"yoast-schema-graph\">{\"@context\":\"https:\/\/schema.org\",\"@graph\":[{\"@type\":\"WebPage\",\"@id\":\"https:\/\/www.studiomicali.com\/de\/uebersetzungsdienste-mailand\/\",\"url\":\"https:\/\/www.studiomicali.com\/de\/uebersetzungsdienste-mailand\/\",\"name\":\"Professionelle \u00dcbersetzungsdienste in Mailand - \u00dcbersetzer Mailand\",\"isPartOf\":{\"@id\":\"https:\/\/www.studiomicali.com\/#website\"},\"datePublished\":\"2015-10-06T13:32:00+00:00\",\"dateModified\":\"2017-08-27T08:14:13+00:00\",\"description\":\"Studio Micali bietet \u00dcbersetzungs- und \u00dcbersetzungsdienste in Mailand und der Provinz an. Wir haben mehrj\u00e4hrige Erfahrung in technischen \u00dcbersetzungen\",\"breadcrumb\":{\"@id\":\"https:\/\/www.studiomicali.com\/de\/uebersetzungsdienste-mailand\/#breadcrumb\"},\"inLanguage\":\"de\",\"potentialAction\":[{\"@type\":\"ReadAction\",\"target\":[\"https:\/\/www.studiomicali.com\/de\/uebersetzungsdienste-mailand\/\"]}]},{\"@type\":\"BreadcrumbList\",\"@id\":\"https:\/\/www.studiomicali.com\/de\/uebersetzungsdienste-mailand\/#breadcrumb\",\"itemListElement\":[{\"@type\":\"ListItem\",\"position\":1,\"name\":\"Home\",\"item\":\"https:\/\/www.studiomicali.com\/de\/\"},{\"@type\":\"ListItem\",\"position\":2,\"name\":\"\u00dcbersetzungsdienste\"}]},{\"@type\":\"WebSite\",\"@id\":\"https:\/\/www.studiomicali.com\/#website\",\"url\":\"https:\/\/www.studiomicali.com\/\",\"name\":\"Studio Micali\",\"description\":\"\",\"publisher\":{\"@id\":\"https:\/\/www.studiomicali.com\/#organization\"},\"potentialAction\":[{\"@type\":\"SearchAction\",\"target\":{\"@type\":\"EntryPoint\",\"urlTemplate\":\"https:\/\/www.studiomicali.com\/?s={search_term_string}\"},\"query-input\":{\"@type\":\"PropertyValueSpecification\",\"valueRequired\":true,\"valueName\":\"search_term_string\"}}],\"inLanguage\":\"de\"},{\"@type\":\"Organization\",\"@id\":\"https:\/\/www.studiomicali.com\/#organization\",\"name\":\"Studio Micali - Servizi di traduzione\",\"url\":\"https:\/\/www.studiomicali.com\/\",\"logo\":{\"@type\":\"ImageObject\",\"inLanguage\":\"de\",\"@id\":\"https:\/\/www.studiomicali.com\/#\/schema\/logo\/image\/\",\"url\":\"https:\/\/www.studiomicali.com\/wp-content\/uploads\/2015\/10\/studio-micali-ico.png\",\"contentUrl\":\"https:\/\/www.studiomicali.com\/wp-content\/uploads\/2015\/10\/studio-micali-ico.png\",\"width\":64,\"height\":64,\"caption\":\"Studio Micali - Servizi di traduzione\"},\"image\":{\"@id\":\"https:\/\/www.studiomicali.com\/#\/schema\/logo\/image\/\"}}]}<\/script>\n<!-- \/ Yoast SEO plugin. -->","yoast_head_json":{"title":"Professionelle \u00dcbersetzungsdienste in Mailand - \u00dcbersetzer Mailand","description":"Studio Micali bietet \u00dcbersetzungs- und \u00dcbersetzungsdienste in Mailand und der Provinz an. Wir haben mehrj\u00e4hrige Erfahrung in technischen \u00dcbersetzungen","robots":{"index":"index","follow":"follow","max-snippet":"max-snippet:-1","max-image-preview":"max-image-preview:large","max-video-preview":"max-video-preview:-1"},"canonical":"https:\/\/www.studiomicali.com\/de\/uebersetzungsdienste-mailand\/","og_locale":"de_DE","og_type":"article","og_title":"Professionelle \u00dcbersetzungsdienste in Mailand - \u00dcbersetzer Mailand","og_description":"Studio Micali bietet \u00dcbersetzungs- und \u00dcbersetzungsdienste in Mailand und der Provinz an. Wir haben mehrj\u00e4hrige Erfahrung in technischen \u00dcbersetzungen","og_url":"https:\/\/www.studiomicali.com\/de\/uebersetzungsdienste-mailand\/","og_site_name":"Studio Micali","article_modified_time":"2017-08-27T08:14:13+00:00","twitter_card":"summary_large_image","twitter_misc":{"Gesch\u00e4tzte Lesezeit":"4\u00a0Minuten"},"schema":{"@context":"https:\/\/schema.org","@graph":[{"@type":"WebPage","@id":"https:\/\/www.studiomicali.com\/de\/uebersetzungsdienste-mailand\/","url":"https:\/\/www.studiomicali.com\/de\/uebersetzungsdienste-mailand\/","name":"Professionelle \u00dcbersetzungsdienste in Mailand - \u00dcbersetzer Mailand","isPartOf":{"@id":"https:\/\/www.studiomicali.com\/#website"},"datePublished":"2015-10-06T13:32:00+00:00","dateModified":"2017-08-27T08:14:13+00:00","description":"Studio Micali bietet \u00dcbersetzungs- und \u00dcbersetzungsdienste in Mailand und der Provinz an. Wir haben mehrj\u00e4hrige Erfahrung in technischen \u00dcbersetzungen","breadcrumb":{"@id":"https:\/\/www.studiomicali.com\/de\/uebersetzungsdienste-mailand\/#breadcrumb"},"inLanguage":"de","potentialAction":[{"@type":"ReadAction","target":["https:\/\/www.studiomicali.com\/de\/uebersetzungsdienste-mailand\/"]}]},{"@type":"BreadcrumbList","@id":"https:\/\/www.studiomicali.com\/de\/uebersetzungsdienste-mailand\/#breadcrumb","itemListElement":[{"@type":"ListItem","position":1,"name":"Home","item":"https:\/\/www.studiomicali.com\/de\/"},{"@type":"ListItem","position":2,"name":"\u00dcbersetzungsdienste"}]},{"@type":"WebSite","@id":"https:\/\/www.studiomicali.com\/#website","url":"https:\/\/www.studiomicali.com\/","name":"Studio Micali","description":"","publisher":{"@id":"https:\/\/www.studiomicali.com\/#organization"},"potentialAction":[{"@type":"SearchAction","target":{"@type":"EntryPoint","urlTemplate":"https:\/\/www.studiomicali.com\/?s={search_term_string}"},"query-input":{"@type":"PropertyValueSpecification","valueRequired":true,"valueName":"search_term_string"}}],"inLanguage":"de"},{"@type":"Organization","@id":"https:\/\/www.studiomicali.com\/#organization","name":"Studio Micali - Servizi di traduzione","url":"https:\/\/www.studiomicali.com\/","logo":{"@type":"ImageObject","inLanguage":"de","@id":"https:\/\/www.studiomicali.com\/#\/schema\/logo\/image\/","url":"https:\/\/www.studiomicali.com\/wp-content\/uploads\/2015\/10\/studio-micali-ico.png","contentUrl":"https:\/\/www.studiomicali.com\/wp-content\/uploads\/2015\/10\/studio-micali-ico.png","width":64,"height":64,"caption":"Studio Micali - Servizi di traduzione"},"image":{"@id":"https:\/\/www.studiomicali.com\/#\/schema\/logo\/image\/"}}]}},"_links":{"self":[{"href":"https:\/\/www.studiomicali.com\/de\/wp-json\/wp\/v2\/pages\/483","targetHints":{"allow":["GET"]}}],"collection":[{"href":"https:\/\/www.studiomicali.com\/de\/wp-json\/wp\/v2\/pages"}],"about":[{"href":"https:\/\/www.studiomicali.com\/de\/wp-json\/wp\/v2\/types\/page"}],"author":[{"embeddable":true,"href":"https:\/\/www.studiomicali.com\/de\/wp-json\/wp\/v2\/users\/1"}],"replies":[{"embeddable":true,"href":"https:\/\/www.studiomicali.com\/de\/wp-json\/wp\/v2\/comments?post=483"}],"version-history":[{"count":2,"href":"https:\/\/www.studiomicali.com\/de\/wp-json\/wp\/v2\/pages\/483\/revisions"}],"predecessor-version":[{"id":486,"href":"https:\/\/www.studiomicali.com\/de\/wp-json\/wp\/v2\/pages\/483\/revisions\/486"}],"wp:attachment":[{"href":"https:\/\/www.studiomicali.com\/de\/wp-json\/wp\/v2\/media?parent=483"}],"curies":[{"name":"wp","href":"https:\/\/api.w.org\/{rel}","templated":true}]}}