{"id":494,"date":"2015-10-06T15:41:03","date_gmt":"2015-10-06T13:41:03","guid":{"rendered":"http:\/\/www.studiomicali.com\/lingue-offerte\/"},"modified":"2017-08-27T10:23:15","modified_gmt":"2017-08-27T08:23:15","slug":"angebotene-sprachrichtungen","status":"publish","type":"page","link":"https:\/\/www.studiomicali.com\/de\/angebotene-sprachrichtungen\/","title":{"rendered":"Angebotene Sprachrichtungen"},"content":{"rendered":"\n<style type=\"text\/css\" data-created_by=\"avia_inline_auto\" id=\"style-css-av-av_section-d5e18e74c0e3dd76cc60c68a9822487a\">\n.avia-section.av-av_section-d5e18e74c0e3dd76cc60c68a9822487a{\nbackground-repeat:no-repeat;\nbackground-image:url(https:\/\/www.studiomicali.com\/wp-content\/uploads\/2015\/10\/traduzioni-lingue-milano.jpg);\nbackground-position:50% 50%;\nbackground-attachment:fixed;\n}\n.avia-section.av-av_section-d5e18e74c0e3dd76cc60c68a9822487a .av-extra-border-element .av-extra-border-inner{\nbackground-color:#f8f8f8;\n}\n<\/style>\n<div id='av_section_1'  class='avia-section av-av_section-d5e18e74c0e3dd76cc60c68a9822487a main_color avia-section-large avia-no-shadow  avia-builder-el-0  el_before_av_one_full  avia-builder-el-first  avia-full-stretch avia-bg-style-fixed av-arrow-down-section av-minimum-height av-minimum-height-custom av-height-custom  container_wrap sidebar_right'  data-section-bg-repeat='stretch' data-av_minimum_height_px='500'><div class='container av-section-cont-open' style='height:500px'><main  role=\"main\" itemprop=\"mainContentOfPage\"  class='template-page content  av-content-small alpha units'><div class='post-entry post-entry-type-page post-entry-494'><div class='entry-content-wrapper clearfix'><\/div><\/div><\/main><!-- close content main element --><\/div><div class='av-extra-border-element border-extra-arrow-down'><div class='av-extra-border-outer'><div class='av-extra-border-inner'><\/div><\/div><\/div><\/div><div id='after_section_1'  class='main_color av_default_container_wrap container_wrap sidebar_right'  ><div class='container av-section-cont-open' ><div class='template-page content  av-content-small alpha units'><div class='post-entry post-entry-type-page post-entry-494'><div class='entry-content-wrapper clearfix'>\n\n<style type=\"text\/css\" data-created_by=\"avia_inline_auto\" id=\"style-css-av-av_one_full-8c8acfc9aad294c299e6d11f42857933\">\n.flex_column.av-av_one_full-8c8acfc9aad294c299e6d11f42857933{\nborder-radius:0px 0px 0px 0px;\npadding:0 0 0 0;\n}\n<\/style>\n<div  class='flex_column av-av_one_full-8c8acfc9aad294c299e6d11f42857933 av_one_full  avia-builder-el-1  el_after_av_section  el_before_av_section  avia-builder-el-no-sibling  first flex_column_div av-zero-column-padding  '     ><p>\n<style type=\"text\/css\" data-created_by=\"avia_inline_auto\" id=\"style-css-av-av_heading-decbcbcb01b4a862500b04573a6eb7c1\">\n#top .av-special-heading.av-av_heading-decbcbcb01b4a862500b04573a6eb7c1{\npadding-bottom:10px;\nfont-size:40px;\n}\nbody .av-special-heading.av-av_heading-decbcbcb01b4a862500b04573a6eb7c1 .av-special-heading-tag .heading-char{\nfont-size:25px;\n}\n#top #wrap_all .av-special-heading.av-av_heading-decbcbcb01b4a862500b04573a6eb7c1 .av-special-heading-tag{\nfont-size:40px;\n}\n.av-special-heading.av-av_heading-decbcbcb01b4a862500b04573a6eb7c1 .av-subheading{\nfont-size:15px;\n}\n\n@media only screen and (min-width: 480px) and (max-width: 767px){ \n#top #wrap_all .av-special-heading.av-av_heading-decbcbcb01b4a862500b04573a6eb7c1 .av-special-heading-tag{\nfont-size:0.8em;\n}\n}\n\n@media only screen and (max-width: 479px){ \n#top #wrap_all .av-special-heading.av-av_heading-decbcbcb01b4a862500b04573a6eb7c1 .av-special-heading-tag{\nfont-size:0.8em;\n}\n}\n<\/style>\n<div  class='av-special-heading av-av_heading-decbcbcb01b4a862500b04573a6eb7c1 av-special-heading-h1 blockquote modern-quote modern-centered  avia-builder-el-2  el_before_av_hr  avia-builder-el-first  av-inherit-size'><h1 class='av-special-heading-tag '  itemprop=\"headline\"  >Angebotene Sprachrichtungen<\/h1><div class=\"special-heading-border\"><div class=\"special-heading-inner-border\"><\/div><\/div><\/div><br \/>\n\n<style type=\"text\/css\" data-created_by=\"avia_inline_auto\" id=\"style-css-av-av_hr-0dda62e92981490d17f79342809bdc13\">\n#top .hr.av-av_hr-0dda62e92981490d17f79342809bdc13{\nmargin-top:15px;\nmargin-bottom:15px;\n}\n.hr.av-av_hr-0dda62e92981490d17f79342809bdc13 .hr-inner{\nwidth:100px;\nborder-color:#6786a1;\nmax-width:45%;\n}\n.hr.av-av_hr-0dda62e92981490d17f79342809bdc13 .av-seperator-icon{\ncolor:#6786a1;\n}\n.hr.av-av_hr-0dda62e92981490d17f79342809bdc13 .av-seperator-icon.avia-svg-icon svg:first-child{\nfill:#6786a1;\nstroke:#6786a1;\n}\n<\/style>\n<div  class='hr av-av_hr-0dda62e92981490d17f79342809bdc13 hr-custom  avia-builder-el-3  el_after_av_heading  el_before_av_textblock  hr-center hr-icon-yes'><span class='hr-inner inner-border-av-border-thin'><span class=\"hr-inner-style\"><\/span><\/span><span class='av-seperator-icon avia-iconfont avia-font-entypo-fontello' data-av_icon='\ue8b1' data-av_iconfont='entypo-fontello' ><\/span><span class='hr-inner inner-border-av-border-thin'><span class=\"hr-inner-style\"><\/span><\/span><\/div><br \/>\n<section  class='av_textblock_section av-av_textblock-396ddf1f42196ca838231e61a4602801 '   itemscope=\"itemscope\" itemtype=\"https:\/\/schema.org\/CreativeWork\" ><div class='avia_textblock'  itemprop=\"text\" ><p style=\"text-align: center;\">Wir \u00fcbersetzen alle europ\u00e4ischen Sprachen. Betreffend der au\u00dfereurop\u00e4ischen Sprachen bieten wir Sprachdienstleistungen f\u00fcr chinesisch, japanisch, koreanisch, indonesisch, arabisch und noch einige weitere Sprachen an.\u00a0Wir haben ein Team von professionell arbeitenden muttersprachlichen \u00dcbersetzern mit jahrelanger Praxis und Spezialisierung auf diversen Fachgebieten.<\/p>\n<\/div><\/section><br \/>\n<section  class='av_textblock_section av-av_textblock-5387b3f35525b28b65f0993194ae66f8 '   itemscope=\"itemscope\" itemtype=\"https:\/\/schema.org\/CreativeWork\" ><div class='avia_textblock av_inherit_color'  itemprop=\"text\" ><h3 style=\"text-align: center;\">Die uns zu Verf\u00fcgung stehenden Ressourcen erm\u00f6glichen sehr hochwertige \u00dcbersetzungen f\u00fcr die nachfolgenden Sprachkombinationen:<\/h3>\n<\/div><\/section><\/p><\/div><\/div><\/div><\/div><!-- close content main div --><\/div><\/div>\n<style type=\"text\/css\" data-created_by=\"avia_inline_auto\" id=\"style-css-av-av_section-5f3dcba65e4df24c43c79a628d9408d8\">\n.avia-section.av-av_section-5f3dcba65e4df24c43c79a628d9408d8{\nbackground-repeat:no-repeat;\nbackground-image:url(https:\/\/www.studiomicali.com\/wp-content\/uploads\/2015\/10\/traduzioni-lingue-milano.jpg);\nbackground-position:50% 50%;\nbackground-attachment:fixed;\n}\n<\/style>\n<div id='av_section_2'  class='avia-section av-av_section-5f3dcba65e4df24c43c79a628d9408d8 main_color avia-section-default avia-no-shadow  avia-builder-el-6  el_after_av_one_full  el_before_av_promobox  avia-full-stretch avia-bg-style-fixed container_wrap sidebar_right'  data-section-bg-repeat='stretch'><div class='container av-section-cont-open' ><div class='template-page content  av-content-small alpha units'><div class='post-entry post-entry-type-page post-entry-494'><div class='entry-content-wrapper clearfix'>\n\n<style type=\"text\/css\" data-created_by=\"avia_inline_auto\" id=\"style-css-av-av_one_third-7bb0d0f43d7faa4268dc7d8bbb2e2982\">\n.flex_column.av-av_one_third-7bb0d0f43d7faa4268dc7d8bbb2e2982{\nborder-radius:0px 0px 0px 0px;\npadding:30px 30px 30px 30px;\nbackground-color:rgba(255,255,255,0.95);\n}\n<\/style>\n<div  class='flex_column av-av_one_third-7bb0d0f43d7faa4268dc7d8bbb2e2982 av_one_third  avia-builder-el-7  el_before_av_one_third  avia-builder-el-first  first flex_column_div  '     ><section  class='av_textblock_section av-av_textblock-5387b3f35525b28b65f0993194ae66f8 '   itemscope=\"itemscope\" itemtype=\"https:\/\/schema.org\/CreativeWork\" ><div class='avia_textblock av_inherit_color'  itemprop=\"text\" ><p>ITALIENISCH &#8211; BULGARISCH<br \/>\nITALIENISCH &#8211; D\u00c4NISCH<br \/>\nITALIENISCH &#8211; ENGLISCH<br \/>\nITALIENISCH &#8211; ESTL\u00c4NDISCH<br \/>\nITALIENISCH &#8211; FINNISCH<br \/>\nITALIENISCH &#8211; FRANZ\u00d6SISCH<br \/>\nITALIENISCH &#8211; GRIECHISCH<br \/>\nITALIENISCH &#8211; G\u00c4LISCH<br \/>\nITALIENISCH &#8211; DEUTSCH<br \/>\nITALIENISCH &#8211; KROATISCH<br \/>\nITALIENISCH &#8211; LETTISCH<br \/>\nITALIENISCH &#8211; LITAUISCH<br \/>\nITALIENISCH &#8211; MALTESISCH<br \/>\nITALIENISCH &#8211; HOLL\u00c4NDISCH<br \/>\nITALIENISCH &#8211; POLNISCH<br \/>\nITALIENISCH &#8211; PORTUGIESISCH<br \/>\nITALIENISCH &#8211; RUM\u00c4NISCH<br \/>\nITALIENISCH &#8211; SCHWEDISCH<br \/>\nITALIENISCH &#8211; SLOWAKISCH<br \/>\nITALIENISCH &#8211; SLOWENISCH<br \/>\nITALIENISCH &#8211; SPANISCH<br \/>\nITALIENISCH &#8211; TSCHECHISCH<br \/>\nITALIENISCH &#8211; UNGARISCH<br \/>\nITALIENISCH &#8211; ARABISCH<br \/>\nITALIENISCH &#8211; CHINESISCH<br \/>\nITALIENISCH &#8211; HINDI<br \/>\nITALIENISCH &#8211; INDONESISCH<br \/>\nITALIENISCH &#8211; JAPANISCH<br \/>\nITALIENISCH &#8211; KOREANISCH<br \/>\nITALIENISCH &#8211; NORWEGISCH<br \/>\nITALIENISCH &#8211; RUSSISCH<br \/>\nITALIENISCH &#8211; T\u00dcRKISCH<br \/>\nITALIENISCH &#8211; VIETNAMESISCH<\/p>\n<\/div><\/section><\/div>\n<style type=\"text\/css\" data-created_by=\"avia_inline_auto\" id=\"style-css-av-av_one_third-4e2700ee963d0c05ad7a4af57d3151bb\">\n.flex_column.av-av_one_third-4e2700ee963d0c05ad7a4af57d3151bb{\nborder-radius:0px 0px 0px 0px;\npadding:30px 30px 30px 30px;\nbackground-color:rgba(255,255,255,0.95);\n}\n<\/style>\n<div  class='flex_column av-av_one_third-4e2700ee963d0c05ad7a4af57d3151bb av_one_third  avia-builder-el-9  el_after_av_one_third  el_before_av_one_third  flex_column_div  '     ><section  class='av_textblock_section av-av_textblock-5387b3f35525b28b65f0993194ae66f8 '   itemscope=\"itemscope\" itemtype=\"https:\/\/schema.org\/CreativeWork\" ><div class='avia_textblock av_inherit_color'  itemprop=\"text\" ><p>DEUTSCH &#8211; BULGARISCH<br \/>\nDEUTSCH &#8211; D\u00c4NISCH<br \/>\nDEUTSCH &#8211; ENGLISCH<br \/>\nDEUTSCH &#8211; ESTL\u00c4NDISCH<br \/>\nDEUTSCH &#8211; FINNISCH<br \/>\nDEUTSCH &#8211; FRANZ\u00d6SISCH<br \/>\nDEUTSCH &#8211; GRIECHISCH<br \/>\nDEUTSCH &#8211; IRISCH<br \/>\nDEUTSCH &#8211; ITALIENISCH<br \/>\nDEUTSCH &#8211; KROATISCH<br \/>\nDEUTSCH &#8211; LETTISCH<br \/>\nDEUTSCH &#8211; LITAUISCH<br \/>\nDEUTSCH &#8211; MALTESISCH<br \/>\nDEUTSCH &#8211; HOLL\u00c4NDISCH<br \/>\nDEUTSCH &#8211; POLNISCH<br \/>\nDEUTSCH &#8211; PORTUGIESISCH<br \/>\nDEUTSCH &#8211; RUM\u00c4NISCH<br \/>\nDEUTSCH &#8211; SCHWEDISCH<br \/>\nDEUTSCH &#8211; SLOWAKISCH<br \/>\nDEUTSCH &#8211; SLOWENISCH<br \/>\nDEUTSCH &#8211; SPANISCH<br \/>\nDEUTSCH &#8211; TSCHECHISCH<br \/>\nDEUTSCH &#8211; UNGARISCH<br \/>\nDEUTSCH &#8211; ARABISCH<br \/>\nDEUTSCH &#8211; CHINESISCH<br \/>\nDEUTSCH &#8211; HINDI<br \/>\nDEUTSCH &#8211; INDONESISCH<br \/>\nDEUTSCH &#8211; JAPANISCH<br \/>\nDEUTSCH &#8211; KOREANISCH<br \/>\nDEUTSCH &#8211; NORWEGISCH<br \/>\nDEUTSCH &#8211; RUSSISCH<br \/>\nDEUTSCH &#8211; T\u00dcRKISCH<br \/>\nDEUTSCH &#8211; VIETNAMESISCH<\/p>\n<\/div><\/section><\/div>\n<style type=\"text\/css\" data-created_by=\"avia_inline_auto\" id=\"style-css-av-av_one_third-4e2700ee963d0c05ad7a4af57d3151bb\">\n.flex_column.av-av_one_third-4e2700ee963d0c05ad7a4af57d3151bb{\nborder-radius:0px 0px 0px 0px;\npadding:30px 30px 30px 30px;\nbackground-color:rgba(255,255,255,0.95);\n}\n<\/style>\n<div  class='flex_column av-av_one_third-4e2700ee963d0c05ad7a4af57d3151bb av_one_third  avia-builder-el-11  el_after_av_one_third  avia-builder-el-last  flex_column_div  '     ><section  class='av_textblock_section av-av_textblock-5387b3f35525b28b65f0993194ae66f8 '   itemscope=\"itemscope\" itemtype=\"https:\/\/schema.org\/CreativeWork\" ><div class='avia_textblock av_inherit_color'  itemprop=\"text\" ><p>ENGLISCH &#8211; BULGARISCH<br \/>\nENGLISCH &#8211; D\u00c4NISCH<br \/>\nENGLISCH &#8211; DEUTSCH<br \/>\nENGLISCH &#8211; ESTL\u00c4NDISCH<br \/>\nENGLISCH &#8211; FINNISCH<br \/>\nENGLISCH &#8211; FRANZ\u00d6SISCH<br \/>\nENGLISCH &#8211; GRIECHISCH<br \/>\nENGLISCH &#8211; G\u00c4LISCH<br \/>\nENGLISCH &#8211; ITALIENISCH<br \/>\nENGLISCH &#8211; KROATISCH<br \/>\nENGLISCH &#8211; LETTISCH<br \/>\nENGLISCH &#8211; LITAUISCH<br \/>\nENGLISCH &#8211; MALTESISCH<br \/>\nENGLISCH &#8211; HOLL\u00c4NDISCH<br \/>\nENGLISCH &#8211; POLNISCH<br \/>\nENGLISCH &#8211; PORTUGIESISCH<br \/>\nENGLISCH &#8211; RUM\u00c4NISCH<br \/>\nENGLISCH &#8211; SCHWEDISCH<br \/>\nENGLISCH &#8211; SLOWAKISCH<br \/>\nENGLISCH &#8211; SLOWENISCH<br \/>\nENGLISCH &#8211; SPANISCH<br \/>\nENGLISCH &#8211; TSCHECHISCH<br \/>\nENGLISCH &#8211; UNGARISCH<br \/>\nENGLISCH &#8211; ARABISCH<br \/>\nENGLISCH &#8211; CHINESISCH<br \/>\nENGLISCH &#8211; HINDI<br \/>\nENGLISCH &#8211; INDONESISCH<br \/>\nENGLISCH &#8211; JAPANISCH<br \/>\nENGLISCH &#8211; KOREANISCH<br \/>\nENGLISCH &#8211; NORWEGISCH<br \/>\nENGLISCH &#8211; RUSSISCH<br \/>\nENGLISCH &#8211; T\u00dcRKISCH<br \/>\nENGLISCH &#8211; VIETNAMESISCH<\/p>\n<\/div><\/section><\/div><\/div><\/div><\/div><!-- close content main div --><\/div><\/div><div id='after_section_2'  class='main_color av_default_container_wrap container_wrap sidebar_right'  ><div class='container av-section-cont-open' ><div class='template-page content  av-content-small alpha units'><div class='post-entry post-entry-type-page post-entry-494'><div class='entry-content-wrapper clearfix'><div  class='av_promobox av-av_promobox-2574612cef0a86cb0ed4964a045efad1 avia-button-no  avia-builder-el-13  el_after_av_section  avia-builder-el-no-sibling '><div class='avia-promocontent'><p>\nAuf Anfrage k\u00f6nnen wir auch Projekte f\u00fcr andere Sprachkombinationen und f\u00fcr seltene Sprachen \u00fcbernehmen.<\/p>\n<p>Wir bieten schnellen und zuverl\u00e4ssigen Service gem\u00e4\u00df den Anforderungen des Kunden und der festgelegten Fristen. Die Texte k\u00f6nnen per CD, per Email oder auf Papier geliefert werden wobei auch Formate wie AutoCAD (DWG), InDesign (INDD), usw. m\u00f6glich sind.<\/p>\n<\/div><\/div><\/p>\n","protected":false},"excerpt":{"rendered":"","protected":false},"author":1,"featured_media":0,"parent":0,"menu_order":0,"comment_status":"closed","ping_status":"closed","template":"","meta":{"footnotes":""},"class_list":["post-494","page","type-page","status-publish","hentry"],"yoast_head":"<!-- This site is optimized with the Yoast SEO plugin v27.2 - https:\/\/yoast.com\/product\/yoast-seo-wordpress\/ -->\n<title>European Language Translation Services, asiatische und arabische in Mailand<\/title>\n<meta name=\"description\" content=\"Micali Studio ist spezialisiert auf \u00dcbersetzungen in europ\u00e4ische Sprachen, asiatische und arabische in Mailand un Provinz\" \/>\n<meta name=\"robots\" content=\"index, follow, max-snippet:-1, max-image-preview:large, max-video-preview:-1\" \/>\n<link rel=\"canonical\" href=\"https:\/\/www.studiomicali.com\/de\/angebotene-sprachrichtungen\/\" \/>\n<meta property=\"og:locale\" content=\"de_DE\" \/>\n<meta property=\"og:type\" content=\"article\" \/>\n<meta property=\"og:title\" content=\"European Language Translation Services, asiatische und arabische in Mailand\" \/>\n<meta property=\"og:description\" content=\"Micali Studio ist spezialisiert auf \u00dcbersetzungen in europ\u00e4ische Sprachen, asiatische und arabische in Mailand un Provinz\" \/>\n<meta property=\"og:url\" content=\"https:\/\/www.studiomicali.com\/de\/angebotene-sprachrichtungen\/\" \/>\n<meta property=\"og:site_name\" content=\"Studio Micali\" \/>\n<meta property=\"article:modified_time\" content=\"2017-08-27T08:23:15+00:00\" \/>\n<meta name=\"twitter:card\" content=\"summary_large_image\" \/>\n<meta name=\"twitter:label1\" content=\"Gesch\u00e4tzte Lesezeit\" \/>\n\t<meta name=\"twitter:data1\" content=\"5\u00a0Minuten\" \/>\n<script type=\"application\/ld+json\" class=\"yoast-schema-graph\">{\"@context\":\"https:\/\/schema.org\",\"@graph\":[{\"@type\":\"WebPage\",\"@id\":\"https:\/\/www.studiomicali.com\/de\/angebotene-sprachrichtungen\/\",\"url\":\"https:\/\/www.studiomicali.com\/de\/angebotene-sprachrichtungen\/\",\"name\":\"European Language Translation Services, asiatische und arabische in Mailand\",\"isPartOf\":{\"@id\":\"https:\/\/www.studiomicali.com\/#website\"},\"datePublished\":\"2015-10-06T13:41:03+00:00\",\"dateModified\":\"2017-08-27T08:23:15+00:00\",\"description\":\"Micali Studio ist spezialisiert auf \u00dcbersetzungen in europ\u00e4ische Sprachen, asiatische und arabische in Mailand un Provinz\",\"breadcrumb\":{\"@id\":\"https:\/\/www.studiomicali.com\/de\/angebotene-sprachrichtungen\/#breadcrumb\"},\"inLanguage\":\"de\",\"potentialAction\":[{\"@type\":\"ReadAction\",\"target\":[\"https:\/\/www.studiomicali.com\/de\/angebotene-sprachrichtungen\/\"]}]},{\"@type\":\"BreadcrumbList\",\"@id\":\"https:\/\/www.studiomicali.com\/de\/angebotene-sprachrichtungen\/#breadcrumb\",\"itemListElement\":[{\"@type\":\"ListItem\",\"position\":1,\"name\":\"Home\",\"item\":\"https:\/\/www.studiomicali.com\/de\/\"},{\"@type\":\"ListItem\",\"position\":2,\"name\":\"Angebotene Sprachrichtungen\"}]},{\"@type\":\"WebSite\",\"@id\":\"https:\/\/www.studiomicali.com\/#website\",\"url\":\"https:\/\/www.studiomicali.com\/\",\"name\":\"Studio Micali\",\"description\":\"\",\"publisher\":{\"@id\":\"https:\/\/www.studiomicali.com\/#organization\"},\"potentialAction\":[{\"@type\":\"SearchAction\",\"target\":{\"@type\":\"EntryPoint\",\"urlTemplate\":\"https:\/\/www.studiomicali.com\/?s={search_term_string}\"},\"query-input\":{\"@type\":\"PropertyValueSpecification\",\"valueRequired\":true,\"valueName\":\"search_term_string\"}}],\"inLanguage\":\"de\"},{\"@type\":\"Organization\",\"@id\":\"https:\/\/www.studiomicali.com\/#organization\",\"name\":\"Studio Micali - Servizi di traduzione\",\"url\":\"https:\/\/www.studiomicali.com\/\",\"logo\":{\"@type\":\"ImageObject\",\"inLanguage\":\"de\",\"@id\":\"https:\/\/www.studiomicali.com\/#\/schema\/logo\/image\/\",\"url\":\"https:\/\/www.studiomicali.com\/wp-content\/uploads\/2015\/10\/studio-micali-ico.png\",\"contentUrl\":\"https:\/\/www.studiomicali.com\/wp-content\/uploads\/2015\/10\/studio-micali-ico.png\",\"width\":64,\"height\":64,\"caption\":\"Studio Micali - Servizi di traduzione\"},\"image\":{\"@id\":\"https:\/\/www.studiomicali.com\/#\/schema\/logo\/image\/\"}}]}<\/script>\n<!-- \/ Yoast SEO plugin. -->","yoast_head_json":{"title":"European Language Translation Services, asiatische und arabische in Mailand","description":"Micali Studio ist spezialisiert auf \u00dcbersetzungen in europ\u00e4ische Sprachen, asiatische und arabische in Mailand un Provinz","robots":{"index":"index","follow":"follow","max-snippet":"max-snippet:-1","max-image-preview":"max-image-preview:large","max-video-preview":"max-video-preview:-1"},"canonical":"https:\/\/www.studiomicali.com\/de\/angebotene-sprachrichtungen\/","og_locale":"de_DE","og_type":"article","og_title":"European Language Translation Services, asiatische und arabische in Mailand","og_description":"Micali Studio ist spezialisiert auf \u00dcbersetzungen in europ\u00e4ische Sprachen, asiatische und arabische in Mailand un Provinz","og_url":"https:\/\/www.studiomicali.com\/de\/angebotene-sprachrichtungen\/","og_site_name":"Studio Micali","article_modified_time":"2017-08-27T08:23:15+00:00","twitter_card":"summary_large_image","twitter_misc":{"Gesch\u00e4tzte Lesezeit":"5\u00a0Minuten"},"schema":{"@context":"https:\/\/schema.org","@graph":[{"@type":"WebPage","@id":"https:\/\/www.studiomicali.com\/de\/angebotene-sprachrichtungen\/","url":"https:\/\/www.studiomicali.com\/de\/angebotene-sprachrichtungen\/","name":"European Language Translation Services, asiatische und arabische in Mailand","isPartOf":{"@id":"https:\/\/www.studiomicali.com\/#website"},"datePublished":"2015-10-06T13:41:03+00:00","dateModified":"2017-08-27T08:23:15+00:00","description":"Micali Studio ist spezialisiert auf \u00dcbersetzungen in europ\u00e4ische Sprachen, asiatische und arabische in Mailand un Provinz","breadcrumb":{"@id":"https:\/\/www.studiomicali.com\/de\/angebotene-sprachrichtungen\/#breadcrumb"},"inLanguage":"de","potentialAction":[{"@type":"ReadAction","target":["https:\/\/www.studiomicali.com\/de\/angebotene-sprachrichtungen\/"]}]},{"@type":"BreadcrumbList","@id":"https:\/\/www.studiomicali.com\/de\/angebotene-sprachrichtungen\/#breadcrumb","itemListElement":[{"@type":"ListItem","position":1,"name":"Home","item":"https:\/\/www.studiomicali.com\/de\/"},{"@type":"ListItem","position":2,"name":"Angebotene Sprachrichtungen"}]},{"@type":"WebSite","@id":"https:\/\/www.studiomicali.com\/#website","url":"https:\/\/www.studiomicali.com\/","name":"Studio Micali","description":"","publisher":{"@id":"https:\/\/www.studiomicali.com\/#organization"},"potentialAction":[{"@type":"SearchAction","target":{"@type":"EntryPoint","urlTemplate":"https:\/\/www.studiomicali.com\/?s={search_term_string}"},"query-input":{"@type":"PropertyValueSpecification","valueRequired":true,"valueName":"search_term_string"}}],"inLanguage":"de"},{"@type":"Organization","@id":"https:\/\/www.studiomicali.com\/#organization","name":"Studio Micali - Servizi di traduzione","url":"https:\/\/www.studiomicali.com\/","logo":{"@type":"ImageObject","inLanguage":"de","@id":"https:\/\/www.studiomicali.com\/#\/schema\/logo\/image\/","url":"https:\/\/www.studiomicali.com\/wp-content\/uploads\/2015\/10\/studio-micali-ico.png","contentUrl":"https:\/\/www.studiomicali.com\/wp-content\/uploads\/2015\/10\/studio-micali-ico.png","width":64,"height":64,"caption":"Studio Micali - Servizi di traduzione"},"image":{"@id":"https:\/\/www.studiomicali.com\/#\/schema\/logo\/image\/"}}]}},"_links":{"self":[{"href":"https:\/\/www.studiomicali.com\/de\/wp-json\/wp\/v2\/pages\/494","targetHints":{"allow":["GET"]}}],"collection":[{"href":"https:\/\/www.studiomicali.com\/de\/wp-json\/wp\/v2\/pages"}],"about":[{"href":"https:\/\/www.studiomicali.com\/de\/wp-json\/wp\/v2\/types\/page"}],"author":[{"embeddable":true,"href":"https:\/\/www.studiomicali.com\/de\/wp-json\/wp\/v2\/users\/1"}],"replies":[{"embeddable":true,"href":"https:\/\/www.studiomicali.com\/de\/wp-json\/wp\/v2\/comments?post=494"}],"version-history":[{"count":2,"href":"https:\/\/www.studiomicali.com\/de\/wp-json\/wp\/v2\/pages\/494\/revisions"}],"predecessor-version":[{"id":500,"href":"https:\/\/www.studiomicali.com\/de\/wp-json\/wp\/v2\/pages\/494\/revisions\/500"}],"wp:attachment":[{"href":"https:\/\/www.studiomicali.com\/de\/wp-json\/wp\/v2\/media?parent=494"}],"curies":[{"name":"wp","href":"https:\/\/api.w.org\/{rel}","templated":true}]}}