{"id":513,"date":"2015-10-06T15:47:57","date_gmt":"2015-10-06T13:47:57","guid":{"rendered":"http:\/\/www.studiomicali.com\/rappresentanze-industriali\/"},"modified":"2017-09-15T10:03:12","modified_gmt":"2017-09-15T08:03:12","slug":"industrievertretung","status":"publish","type":"page","link":"https:\/\/www.studiomicali.com\/de\/industrievertretung\/","title":{"rendered":"Industrievertretung"},"content":{"rendered":"\n<style type=\"text\/css\" data-created_by=\"avia_inline_auto\" id=\"style-css-av-av_section-6c85de3e5873d175740ff572f347a400\">\n.avia-section.av-av_section-6c85de3e5873d175740ff572f347a400{\nbackground-repeat:no-repeat;\nbackground-image:url(https:\/\/www.studiomicali.com\/wp-content\/uploads\/2015\/10\/settori-applicazione-traduzione.jpg);\nbackground-position:50% 50%;\nbackground-attachment:fixed;\n}\n.avia-section.av-av_section-6c85de3e5873d175740ff572f347a400 .av-extra-border-element .av-extra-border-inner{\nbackground-color:#f8f8f8;\n}\n<\/style>\n<div id='av_section_1'  class='avia-section av-av_section-6c85de3e5873d175740ff572f347a400 main_color avia-section-large avia-no-shadow  avia-builder-el-0  el_before_av_one_full  avia-builder-el-first  avia-full-stretch avia-bg-style-fixed av-arrow-down-section av-minimum-height av-minimum-height-custom av-height-custom  container_wrap sidebar_right'  data-section-bg-repeat='stretch' data-av_minimum_height_px='500'><div class='container av-section-cont-open' style='height:500px'><main  role=\"main\" itemprop=\"mainContentOfPage\"  class='template-page content  av-content-small alpha units'><div class='post-entry post-entry-type-page post-entry-513'><div class='entry-content-wrapper clearfix'><\/div><\/div><\/main><!-- close content main element --><\/div><div class='av-extra-border-element border-extra-arrow-down'><div class='av-extra-border-outer'><div class='av-extra-border-inner'><\/div><\/div><\/div><\/div><div id='after_section_1'  class='main_color av_default_container_wrap container_wrap sidebar_right'  ><div class='container av-section-cont-open' ><div class='template-page content  av-content-small alpha units'><div class='post-entry post-entry-type-page post-entry-513'><div class='entry-content-wrapper clearfix'>\n\n<style type=\"text\/css\" data-created_by=\"avia_inline_auto\" id=\"style-css-av-av_one_full-8c8acfc9aad294c299e6d11f42857933\">\n.flex_column.av-av_one_full-8c8acfc9aad294c299e6d11f42857933{\nborder-radius:0px 0px 0px 0px;\npadding:0 0 0 0;\n}\n<\/style>\n<div  class='flex_column av-av_one_full-8c8acfc9aad294c299e6d11f42857933 av_one_full  avia-builder-el-1  el_after_av_section  el_before_av_section  avia-builder-el-no-sibling  first flex_column_div av-zero-column-padding  '     ><p>\n<style type=\"text\/css\" data-created_by=\"avia_inline_auto\" id=\"style-css-av-av_heading-fbe7e9b28d0d48688bed432e8f8ce204\">\n#top .av-special-heading.av-av_heading-fbe7e9b28d0d48688bed432e8f8ce204{\npadding-bottom:10px;\nfont-size:40px;\n}\nbody .av-special-heading.av-av_heading-fbe7e9b28d0d48688bed432e8f8ce204 .av-special-heading-tag .heading-char{\nfont-size:25px;\n}\n#top #wrap_all .av-special-heading.av-av_heading-fbe7e9b28d0d48688bed432e8f8ce204 .av-special-heading-tag{\nfont-size:40px;\n}\n.av-special-heading.av-av_heading-fbe7e9b28d0d48688bed432e8f8ce204 .av-subheading{\nfont-size:15px;\n}\n\n@media only screen and (min-width: 480px) and (max-width: 767px){ \n#top #wrap_all .av-special-heading.av-av_heading-fbe7e9b28d0d48688bed432e8f8ce204 .av-special-heading-tag{\nfont-size:0.8em;\n}\n}\n\n@media only screen and (max-width: 479px){ \n#top #wrap_all .av-special-heading.av-av_heading-fbe7e9b28d0d48688bed432e8f8ce204 .av-special-heading-tag{\nfont-size:0.8em;\n}\n}\n<\/style>\n<div  class='av-special-heading av-av_heading-fbe7e9b28d0d48688bed432e8f8ce204 av-special-heading-h1 blockquote modern-quote modern-centered  avia-builder-el-2  el_before_av_hr  avia-builder-el-first  av-inherit-size'><h1 class='av-special-heading-tag '  itemprop=\"headline\"  >Industrievertretung<\/h1><div class=\"special-heading-border\"><div class=\"special-heading-inner-border\"><\/div><\/div><\/div><br \/>\n\n<style type=\"text\/css\" data-created_by=\"avia_inline_auto\" id=\"style-css-av-av_hr-0dda62e92981490d17f79342809bdc13\">\n#top .hr.av-av_hr-0dda62e92981490d17f79342809bdc13{\nmargin-top:15px;\nmargin-bottom:15px;\n}\n.hr.av-av_hr-0dda62e92981490d17f79342809bdc13 .hr-inner{\nwidth:100px;\nborder-color:#6786a1;\nmax-width:45%;\n}\n.hr.av-av_hr-0dda62e92981490d17f79342809bdc13 .av-seperator-icon{\ncolor:#6786a1;\n}\n.hr.av-av_hr-0dda62e92981490d17f79342809bdc13 .av-seperator-icon.avia-svg-icon svg:first-child{\nfill:#6786a1;\nstroke:#6786a1;\n}\n<\/style>\n<div  class='hr av-av_hr-0dda62e92981490d17f79342809bdc13 hr-custom  avia-builder-el-3  el_after_av_heading  el_before_av_textblock  hr-center hr-icon-yes'><span class='hr-inner inner-border-av-border-thin'><span class=\"hr-inner-style\"><\/span><\/span><span class='av-seperator-icon avia-iconfont avia-font-entypo-fontello' data-av_icon='\ue8b1' data-av_iconfont='entypo-fontello' ><\/span><span class='hr-inner inner-border-av-border-thin'><span class=\"hr-inner-style\"><\/span><\/span><\/div><br \/>\n<section  class='av_textblock_section av-av_textblock-396ddf1f42196ca838231e61a4602801 '   itemscope=\"itemscope\" itemtype=\"https:\/\/schema.org\/CreativeWork\" ><div class='avia_textblock'  itemprop=\"text\" ><p style=\"text-align: center;\">Die Komplexit\u00e4t der internationalen M\u00e4rkte f\u00fchrt zu den nachfolgenden Charakteristiken:<\/p>\n<p style=\"text-align: center;\"><strong>starke und anhaltende Ausdehnung des Wettbewerbs<\/strong><br \/>\n<strong>hohe Volatilit\u00e4t des Konsums<\/strong><br \/>\n<strong>zunehmend gute Qualit\u00e4t der Lieferungen<\/strong><\/p>\n<p style=\"text-align: center;\">Diese Faktoren veranlassen die Unternehmen dazu verschiedene L\u00f6sungen zu entwickeln die bezwecken, sowohl deren Fachgebiete zu erweitern als auch deren Wettbewerbsf\u00e4higkeit zu verbessern, um den ver\u00e4nderten Anforderungen der internationalen M\u00e4rkte gerecht zu werden.<\/p>\n<\/div><\/section><\/p><\/div>\n<\/div><\/div><\/div><!-- close content main div --><\/div><\/div>\n<style type=\"text\/css\" data-created_by=\"avia_inline_auto\" id=\"style-css-av-av_section-b6d7f3cabc884ec2718c68c2ea3d9bf2\">\n.avia-section.av-av_section-b6d7f3cabc884ec2718c68c2ea3d9bf2{\nbackground-repeat:no-repeat;\nbackground-image:url(https:\/\/www.studiomicali.com\/wp-content\/uploads\/2015\/10\/settori-applicazione-traduzione.jpg);\nbackground-position:50% 50%;\nbackground-attachment:fixed;\n}\n<\/style>\n<div id='av_section_2'  class='avia-section av-av_section-b6d7f3cabc884ec2718c68c2ea3d9bf2 main_color avia-section-default avia-no-shadow  avia-builder-el-5  el_after_av_one_full  avia-builder-el-last  avia-full-stretch avia-bg-style-fixed container_wrap sidebar_right'  data-section-bg-repeat='stretch'><div class='container av-section-cont-open' ><div class='template-page content  av-content-small alpha units'><div class='post-entry post-entry-type-page post-entry-513'><div class='entry-content-wrapper clearfix'>\n\n<style type=\"text\/css\" data-created_by=\"avia_inline_auto\" id=\"style-css-av-av_one_half-352b07ef7d3bc99b2e9f92e7a9e06bdb\">\n.flex_column.av-av_one_half-352b07ef7d3bc99b2e9f92e7a9e06bdb{\nborder-radius:0px 0px 0px 0px;\npadding:0px 0px 0px 0px;\n}\n<\/style>\n<div  class='flex_column av-av_one_half-352b07ef7d3bc99b2e9f92e7a9e06bdb av_one_half  avia-builder-el-6  el_before_av_one_half  avia-builder-el-first  first flex_column_div av-zero-column-padding  '     ><\/div>\n<style type=\"text\/css\" data-created_by=\"avia_inline_auto\" id=\"style-css-av-av_one_half-4e2700ee963d0c05ad7a4af57d3151bb\">\n.flex_column.av-av_one_half-4e2700ee963d0c05ad7a4af57d3151bb{\nborder-radius:0px 0px 0px 0px;\npadding:30px 30px 30px 30px;\nbackground-color:rgba(255,255,255,0.95);\n}\n<\/style>\n<div  class='flex_column av-av_one_half-4e2700ee963d0c05ad7a4af57d3151bb av_one_half  avia-builder-el-7  el_after_av_one_half  avia-builder-el-last  flex_column_div  '     ><p><section  class='av_textblock_section av-av_textblock-5387b3f35525b28b65f0993194ae66f8 '   itemscope=\"itemscope\" itemtype=\"https:\/\/schema.org\/CreativeWork\" ><div class='avia_textblock av_inherit_color'  itemprop=\"text\" ><p>Enger Kontakt und ein intensiver Informationsaustausch bilden die Basis f\u00fcr eine erfolgreiche Zusammenarbeit. Wir sind f\u00fcr die Partner die wir zur Zeit vertreten in verschiedenen M\u00e4rkten t\u00e4tig.<\/p>\n<\/div><\/section><br \/>\n<section  class='av_textblock_section av-av_textblock-2de302bf1aa3cf4c9157dbe6f50ac7eb '   itemscope=\"itemscope\" itemtype=\"https:\/\/schema.org\/CreativeWork\" ><div class='avia_textblock'  itemprop=\"text\" ><p>Studio MICALI, in seiner Rolle als Exportmanager, bietet sich den Kunden gegen\u00fcber als Vermittler zwischen Industrie und Handel an; dieses beinhaltet eine integrierte Reihe von Dienstleistungen zur Definition eines passenden, effizienten und konkreten Plans zur Eroberung der Exportm\u00e4rkte; hierzu geh\u00f6ren:<\/p>\n<ul>\n<li>Identifikation bestehender M\u00f6glichkeiten,<\/li>\n<li>die Entwicklung geeigneter und effizienter Strategien zur Penetration ausl\u00e4ndischer M\u00e4rkte<\/li>\n<li>die Entwicklung strategischer Ma\u00dfnahmen und Prozeduren zur Optimierung von Zeitpl\u00e4nen, Reduzierung von Risiken und Verbesserung der Wettbewerbsf\u00e4higkeit unserer Kunden beruhend auf der Zufriedenheit der Abnehmer<\/li>\n<\/ul>\n<\/div><\/section><br \/>\n<section  class='av_textblock_section av-av_textblock-396ddf1f42196ca838231e61a4602801 '   itemscope=\"itemscope\" itemtype=\"https:\/\/schema.org\/CreativeWork\" ><div class='avia_textblock'  itemprop=\"text\" ><p>Wir vertreten ausschlie\u00dflich kleine und mittelgro\u00dfe Unternehmen welche innovativ und flexibel sind und sich auf den globalen M\u00e4rkten expandieren wollen.<\/p>\n<p>Wir bieten unseren Partnern technisches Know-how und Ingenieurdienstleistungen an. Der Vorteil einer Zusammenarbeit mit Studio MICALI besteht in der Gewinnung eines idealen Partners dessen hohe Kompetenz und reiche Erfahrung gepaart mit hoher Zuverl\u00e4ssigkeit und exzellentem Service den Erfolg Ihres Unternehmens auf den internationalen M\u00e4rkten f\u00f6rdert.<\/p>\n<\/div><\/section><\/p><\/div><\/div><\/div><\/div><!-- close content main div --><\/div><\/div><div id='after_section_2'  class='main_color av_default_container_wrap container_wrap sidebar_right'  ><div class='container av-section-cont-open' ><div class='template-page content  av-content-small alpha units'><div class='post-entry post-entry-type-page post-entry-513'><div class='entry-content-wrapper clearfix'>\n","protected":false},"excerpt":{"rendered":"","protected":false},"author":1,"featured_media":0,"parent":0,"menu_order":0,"comment_status":"closed","ping_status":"closed","template":"","meta":{"footnotes":""},"class_list":["post-513","page","type-page","status-publish","hentry"],"yoast_head":"<!-- This site is optimized with the Yoast SEO plugin v27.2 - https:\/\/yoast.com\/product\/yoast-seo-wordpress\/ -->\n<title>Unternehmensvertreter und \u00dcbersetzungen Dienstleistungen in Mailand<\/title>\n<meta name=\"description\" content=\"Studio Micali bietet Business-Service Vertreter in Mailand. Wir sind vertrauensw\u00fcrdig und innovative Partner mit Unternehmen wollen in den Markt erweitern\" \/>\n<meta name=\"robots\" content=\"index, follow, max-snippet:-1, max-image-preview:large, max-video-preview:-1\" \/>\n<link rel=\"canonical\" href=\"https:\/\/www.studiomicali.com\/de\/industrievertretung\/\" \/>\n<meta property=\"og:locale\" content=\"de_DE\" \/>\n<meta property=\"og:type\" content=\"article\" \/>\n<meta property=\"og:title\" content=\"Unternehmensvertreter und \u00dcbersetzungen Dienstleistungen in Mailand\" \/>\n<meta property=\"og:description\" content=\"Studio Micali bietet Business-Service Vertreter in Mailand. Wir sind vertrauensw\u00fcrdig und innovative Partner mit Unternehmen wollen in den Markt erweitern\" \/>\n<meta property=\"og:url\" content=\"https:\/\/www.studiomicali.com\/de\/industrievertretung\/\" \/>\n<meta property=\"og:site_name\" content=\"Studio Micali\" \/>\n<meta property=\"article:modified_time\" content=\"2017-09-15T08:03:12+00:00\" \/>\n<meta name=\"twitter:card\" content=\"summary_large_image\" \/>\n<meta name=\"twitter:label1\" content=\"Gesch\u00e4tzte Lesezeit\" \/>\n\t<meta name=\"twitter:data1\" content=\"3\u00a0Minuten\" \/>\n<script type=\"application\/ld+json\" class=\"yoast-schema-graph\">{\"@context\":\"https:\/\/schema.org\",\"@graph\":[{\"@type\":\"WebPage\",\"@id\":\"https:\/\/www.studiomicali.com\/de\/industrievertretung\/\",\"url\":\"https:\/\/www.studiomicali.com\/de\/industrievertretung\/\",\"name\":\"Unternehmensvertreter und \u00dcbersetzungen Dienstleistungen in Mailand\",\"isPartOf\":{\"@id\":\"https:\/\/www.studiomicali.com\/#website\"},\"datePublished\":\"2015-10-06T13:47:57+00:00\",\"dateModified\":\"2017-09-15T08:03:12+00:00\",\"description\":\"Studio Micali bietet Business-Service Vertreter in Mailand. Wir sind vertrauensw\u00fcrdig und innovative Partner mit Unternehmen wollen in den Markt erweitern\",\"breadcrumb\":{\"@id\":\"https:\/\/www.studiomicali.com\/de\/industrievertretung\/#breadcrumb\"},\"inLanguage\":\"de\",\"potentialAction\":[{\"@type\":\"ReadAction\",\"target\":[\"https:\/\/www.studiomicali.com\/de\/industrievertretung\/\"]}]},{\"@type\":\"BreadcrumbList\",\"@id\":\"https:\/\/www.studiomicali.com\/de\/industrievertretung\/#breadcrumb\",\"itemListElement\":[{\"@type\":\"ListItem\",\"position\":1,\"name\":\"Home\",\"item\":\"https:\/\/www.studiomicali.com\/de\/\"},{\"@type\":\"ListItem\",\"position\":2,\"name\":\"Industrievertretung\"}]},{\"@type\":\"WebSite\",\"@id\":\"https:\/\/www.studiomicali.com\/#website\",\"url\":\"https:\/\/www.studiomicali.com\/\",\"name\":\"Studio Micali\",\"description\":\"\",\"publisher\":{\"@id\":\"https:\/\/www.studiomicali.com\/#organization\"},\"potentialAction\":[{\"@type\":\"SearchAction\",\"target\":{\"@type\":\"EntryPoint\",\"urlTemplate\":\"https:\/\/www.studiomicali.com\/?s={search_term_string}\"},\"query-input\":{\"@type\":\"PropertyValueSpecification\",\"valueRequired\":true,\"valueName\":\"search_term_string\"}}],\"inLanguage\":\"de\"},{\"@type\":\"Organization\",\"@id\":\"https:\/\/www.studiomicali.com\/#organization\",\"name\":\"Studio Micali - Servizi di traduzione\",\"url\":\"https:\/\/www.studiomicali.com\/\",\"logo\":{\"@type\":\"ImageObject\",\"inLanguage\":\"de\",\"@id\":\"https:\/\/www.studiomicali.com\/#\/schema\/logo\/image\/\",\"url\":\"https:\/\/www.studiomicali.com\/wp-content\/uploads\/2015\/10\/studio-micali-ico.png\",\"contentUrl\":\"https:\/\/www.studiomicali.com\/wp-content\/uploads\/2015\/10\/studio-micali-ico.png\",\"width\":64,\"height\":64,\"caption\":\"Studio Micali - Servizi di traduzione\"},\"image\":{\"@id\":\"https:\/\/www.studiomicali.com\/#\/schema\/logo\/image\/\"}}]}<\/script>\n<!-- \/ Yoast SEO plugin. -->","yoast_head_json":{"title":"Unternehmensvertreter und \u00dcbersetzungen Dienstleistungen in Mailand","description":"Studio Micali bietet Business-Service Vertreter in Mailand. Wir sind vertrauensw\u00fcrdig und innovative Partner mit Unternehmen wollen in den Markt erweitern","robots":{"index":"index","follow":"follow","max-snippet":"max-snippet:-1","max-image-preview":"max-image-preview:large","max-video-preview":"max-video-preview:-1"},"canonical":"https:\/\/www.studiomicali.com\/de\/industrievertretung\/","og_locale":"de_DE","og_type":"article","og_title":"Unternehmensvertreter und \u00dcbersetzungen Dienstleistungen in Mailand","og_description":"Studio Micali bietet Business-Service Vertreter in Mailand. Wir sind vertrauensw\u00fcrdig und innovative Partner mit Unternehmen wollen in den Markt erweitern","og_url":"https:\/\/www.studiomicali.com\/de\/industrievertretung\/","og_site_name":"Studio Micali","article_modified_time":"2017-09-15T08:03:12+00:00","twitter_card":"summary_large_image","twitter_misc":{"Gesch\u00e4tzte Lesezeit":"3\u00a0Minuten"},"schema":{"@context":"https:\/\/schema.org","@graph":[{"@type":"WebPage","@id":"https:\/\/www.studiomicali.com\/de\/industrievertretung\/","url":"https:\/\/www.studiomicali.com\/de\/industrievertretung\/","name":"Unternehmensvertreter und \u00dcbersetzungen Dienstleistungen in Mailand","isPartOf":{"@id":"https:\/\/www.studiomicali.com\/#website"},"datePublished":"2015-10-06T13:47:57+00:00","dateModified":"2017-09-15T08:03:12+00:00","description":"Studio Micali bietet Business-Service Vertreter in Mailand. Wir sind vertrauensw\u00fcrdig und innovative Partner mit Unternehmen wollen in den Markt erweitern","breadcrumb":{"@id":"https:\/\/www.studiomicali.com\/de\/industrievertretung\/#breadcrumb"},"inLanguage":"de","potentialAction":[{"@type":"ReadAction","target":["https:\/\/www.studiomicali.com\/de\/industrievertretung\/"]}]},{"@type":"BreadcrumbList","@id":"https:\/\/www.studiomicali.com\/de\/industrievertretung\/#breadcrumb","itemListElement":[{"@type":"ListItem","position":1,"name":"Home","item":"https:\/\/www.studiomicali.com\/de\/"},{"@type":"ListItem","position":2,"name":"Industrievertretung"}]},{"@type":"WebSite","@id":"https:\/\/www.studiomicali.com\/#website","url":"https:\/\/www.studiomicali.com\/","name":"Studio Micali","description":"","publisher":{"@id":"https:\/\/www.studiomicali.com\/#organization"},"potentialAction":[{"@type":"SearchAction","target":{"@type":"EntryPoint","urlTemplate":"https:\/\/www.studiomicali.com\/?s={search_term_string}"},"query-input":{"@type":"PropertyValueSpecification","valueRequired":true,"valueName":"search_term_string"}}],"inLanguage":"de"},{"@type":"Organization","@id":"https:\/\/www.studiomicali.com\/#organization","name":"Studio Micali - Servizi di traduzione","url":"https:\/\/www.studiomicali.com\/","logo":{"@type":"ImageObject","inLanguage":"de","@id":"https:\/\/www.studiomicali.com\/#\/schema\/logo\/image\/","url":"https:\/\/www.studiomicali.com\/wp-content\/uploads\/2015\/10\/studio-micali-ico.png","contentUrl":"https:\/\/www.studiomicali.com\/wp-content\/uploads\/2015\/10\/studio-micali-ico.png","width":64,"height":64,"caption":"Studio Micali - Servizi di traduzione"},"image":{"@id":"https:\/\/www.studiomicali.com\/#\/schema\/logo\/image\/"}}]}},"_links":{"self":[{"href":"https:\/\/www.studiomicali.com\/de\/wp-json\/wp\/v2\/pages\/513","targetHints":{"allow":["GET"]}}],"collection":[{"href":"https:\/\/www.studiomicali.com\/de\/wp-json\/wp\/v2\/pages"}],"about":[{"href":"https:\/\/www.studiomicali.com\/de\/wp-json\/wp\/v2\/types\/page"}],"author":[{"embeddable":true,"href":"https:\/\/www.studiomicali.com\/de\/wp-json\/wp\/v2\/users\/1"}],"replies":[{"embeddable":true,"href":"https:\/\/www.studiomicali.com\/de\/wp-json\/wp\/v2\/comments?post=513"}],"version-history":[{"count":3,"href":"https:\/\/www.studiomicali.com\/de\/wp-json\/wp\/v2\/pages\/513\/revisions"}],"predecessor-version":[{"id":630,"href":"https:\/\/www.studiomicali.com\/de\/wp-json\/wp\/v2\/pages\/513\/revisions\/630"}],"wp:attachment":[{"href":"https:\/\/www.studiomicali.com\/de\/wp-json\/wp\/v2\/media?parent=513"}],"curies":[{"name":"wp","href":"https:\/\/api.w.org\/{rel}","templated":true}]}}