{"id":519,"date":"2015-10-06T16:03:51","date_gmt":"2015-10-06T14:03:51","guid":{"rendered":"http:\/\/www.studiomicali.com\/servizi-offerti\/"},"modified":"2017-08-27T10:37:27","modified_gmt":"2017-08-27T08:37:27","slug":"dienstleistungen","status":"publish","type":"page","link":"https:\/\/www.studiomicali.com\/de\/dienstleistungen\/","title":{"rendered":"Dienstleistungen"},"content":{"rendered":"\n<style type=\"text\/css\" data-created_by=\"avia_inline_auto\" id=\"style-css-av-av_section-6c85de3e5873d175740ff572f347a400\">\n.avia-section.av-av_section-6c85de3e5873d175740ff572f347a400{\nbackground-repeat:no-repeat;\nbackground-image:url(https:\/\/www.studiomicali.com\/wp-content\/uploads\/2015\/10\/settori-applicazione-traduzione.jpg);\nbackground-position:50% 50%;\nbackground-attachment:fixed;\n}\n.avia-section.av-av_section-6c85de3e5873d175740ff572f347a400 .av-extra-border-element .av-extra-border-inner{\nbackground-color:#f8f8f8;\n}\n<\/style>\n<div id='av_section_1'  class='avia-section av-av_section-6c85de3e5873d175740ff572f347a400 main_color avia-section-large avia-no-shadow  avia-builder-el-0  el_before_av_one_full  avia-builder-el-first  avia-full-stretch avia-bg-style-fixed av-arrow-down-section av-minimum-height av-minimum-height-custom av-height-custom  container_wrap sidebar_right'  data-section-bg-repeat='stretch' data-av_minimum_height_px='500'><div class='container av-section-cont-open' style='height:500px'><main  role=\"main\" itemprop=\"mainContentOfPage\"  class='template-page content  av-content-small alpha units'><div class='post-entry post-entry-type-page post-entry-519'><div class='entry-content-wrapper clearfix'><\/div><\/div><\/main><!-- close content main element --><\/div><div class='av-extra-border-element border-extra-arrow-down'><div class='av-extra-border-outer'><div class='av-extra-border-inner'><\/div><\/div><\/div><\/div><div id='after_section_1'  class='main_color av_default_container_wrap container_wrap sidebar_right'  ><div class='container av-section-cont-open' ><div class='template-page content  av-content-small alpha units'><div class='post-entry post-entry-type-page post-entry-519'><div class='entry-content-wrapper clearfix'>\n\n<style type=\"text\/css\" data-created_by=\"avia_inline_auto\" id=\"style-css-av-av_one_full-8c8acfc9aad294c299e6d11f42857933\">\n.flex_column.av-av_one_full-8c8acfc9aad294c299e6d11f42857933{\nborder-radius:0px 0px 0px 0px;\npadding:0 0 0 0;\n}\n<\/style>\n<div  class='flex_column av-av_one_full-8c8acfc9aad294c299e6d11f42857933 av_one_full  avia-builder-el-1  el_after_av_section  el_before_av_one_half  avia-builder-el-first  first flex_column_div av-zero-column-padding  '     ><p>\n<style type=\"text\/css\" data-created_by=\"avia_inline_auto\" id=\"style-css-av-av_heading-3708187895edfcb2a3da812988dea0ee\">\n#top .av-special-heading.av-av_heading-3708187895edfcb2a3da812988dea0ee{\npadding-bottom:10px;\nfont-size:40px;\n}\nbody .av-special-heading.av-av_heading-3708187895edfcb2a3da812988dea0ee .av-special-heading-tag .heading-char{\nfont-size:25px;\n}\n#top #wrap_all .av-special-heading.av-av_heading-3708187895edfcb2a3da812988dea0ee .av-special-heading-tag{\nfont-size:40px;\n}\n.av-special-heading.av-av_heading-3708187895edfcb2a3da812988dea0ee .av-subheading{\nfont-size:15px;\n}\n\n@media only screen and (min-width: 480px) and (max-width: 767px){ \n#top #wrap_all .av-special-heading.av-av_heading-3708187895edfcb2a3da812988dea0ee .av-special-heading-tag{\nfont-size:0.8em;\n}\n}\n\n@media only screen and (max-width: 479px){ \n#top #wrap_all .av-special-heading.av-av_heading-3708187895edfcb2a3da812988dea0ee .av-special-heading-tag{\nfont-size:0.8em;\n}\n}\n<\/style>\n<div  class='av-special-heading av-av_heading-3708187895edfcb2a3da812988dea0ee av-special-heading-h1 blockquote modern-quote modern-centered  avia-builder-el-2  el_before_av_hr  avia-builder-el-first  av-inherit-size'><h1 class='av-special-heading-tag '  itemprop=\"headline\"  >Dienstleistungen<\/h1><div class=\"special-heading-border\"><div class=\"special-heading-inner-border\"><\/div><\/div><\/div><br \/>\n\n<style type=\"text\/css\" data-created_by=\"avia_inline_auto\" id=\"style-css-av-av_hr-0dda62e92981490d17f79342809bdc13\">\n#top .hr.av-av_hr-0dda62e92981490d17f79342809bdc13{\nmargin-top:15px;\nmargin-bottom:15px;\n}\n.hr.av-av_hr-0dda62e92981490d17f79342809bdc13 .hr-inner{\nwidth:100px;\nborder-color:#6786a1;\nmax-width:45%;\n}\n.hr.av-av_hr-0dda62e92981490d17f79342809bdc13 .av-seperator-icon{\ncolor:#6786a1;\n}\n.hr.av-av_hr-0dda62e92981490d17f79342809bdc13 .av-seperator-icon.avia-svg-icon svg:first-child{\nfill:#6786a1;\nstroke:#6786a1;\n}\n<\/style>\n<div  class='hr av-av_hr-0dda62e92981490d17f79342809bdc13 hr-custom  avia-builder-el-3  el_after_av_heading  avia-builder-el-last  hr-center hr-icon-yes'><span class='hr-inner inner-border-av-border-thin'><span class=\"hr-inner-style\"><\/span><\/span><span class='av-seperator-icon avia-iconfont avia-font-entypo-fontello' data-av_icon='\ue8b1' data-av_iconfont='entypo-fontello' ><\/span><span class='hr-inner inner-border-av-border-thin'><span class=\"hr-inner-style\"><\/span><\/span><\/div><\/p><\/div>\n<style type=\"text\/css\" data-created_by=\"avia_inline_auto\" id=\"style-css-av-av_one_half-352b07ef7d3bc99b2e9f92e7a9e06bdb\">\n.flex_column.av-av_one_half-352b07ef7d3bc99b2e9f92e7a9e06bdb{\nborder-radius:0px 0px 0px 0px;\npadding:0px 0px 0px 0px;\n}\n<\/style>\n<div  class='flex_column av-av_one_half-352b07ef7d3bc99b2e9f92e7a9e06bdb av_one_half  avia-builder-el-4  el_after_av_one_full  el_before_av_one_half  first flex_column_div av-zero-column-padding  column-top-margin'     ><section  class='av_textblock_section av-av_textblock-5387b3f35525b28b65f0993194ae66f8 '   itemscope=\"itemscope\" itemtype=\"https:\/\/schema.org\/CreativeWork\" ><div class='avia_textblock av_inherit_color'  itemprop=\"text\" ><ul>\n<li>Identifikation und Analyse der M\u00e4rkte im deutschsprachigem Raum (Deutschland, \u00d6sterreich und Schweiz) und Ausforschung von relevanten Informationen (Gesetze, Vertriebsnetz, Vorschriften).<\/li>\n<li>Ausforschung, Identifizierung und Kontaktaufnahme mit deutschsprachigen Kunden und Partnern f\u00fcr Marketing und Erstellung\/Vertrieb von Waren und Dienstleistungen in Italien.<\/li>\n<li>Unterst\u00fctzung f\u00fcr die Teilnahme an Handelsmessen in Italien\/Mailand (inklusive der Dolmetscherdienste) sowie Unterst\u00fctzung w\u00e4hrend der gesch\u00e4ftlichen Verhandlungen.<\/li>\n<\/ul>\n<\/div><\/section><\/div>\n<style type=\"text\/css\" data-created_by=\"avia_inline_auto\" id=\"style-css-av-av_one_half-4758770270e4d67e338d6de8f5ed72b3\">\n.flex_column.av-av_one_half-4758770270e4d67e338d6de8f5ed72b3{\nborder-radius:0px 0px 0px 0px;\npadding:0 0 0 0;\n}\n<\/style>\n<div  class='flex_column av-av_one_half-4758770270e4d67e338d6de8f5ed72b3 av_one_half  avia-builder-el-6  el_after_av_one_half  avia-builder-el-last  flex_column_div av-zero-column-padding  column-top-margin'     ><section  class='av_textblock_section av-av_textblock-5387b3f35525b28b65f0993194ae66f8 '   itemscope=\"itemscope\" itemtype=\"https:\/\/schema.org\/CreativeWork\" ><div class='avia_textblock av_inherit_color'  itemprop=\"text\" ><ul>\n<li>Technische und kommerzielle Unterst\u00fctzung f\u00fcr die Planung und das Management der Beziehungen mit ausl\u00e4ndischen Partnern (allgemeine Verkaufsbedingungen, Preislisten, Zahlungsbedingungen, Entwerfen von Angeboten, Fakturierung \u2026.).<\/li>\n<li>Management der Beziehungen mit dritten welche an der Gesch\u00e4ftsbeziehung mit den ausl\u00e4ndischen Kunden beteiligt sind (Transporteure, \u00dcbermittler, Zollbeh\u00f6rden usw.) und Unterst\u00fctzung bei Fragen rund um Zollangelegenheiten, Steuern und W\u00e4hrungen.<\/li>\n<\/ul>\n<\/div><\/section><\/div><\/p>\n","protected":false},"excerpt":{"rendered":"","protected":false},"author":1,"featured_media":0,"parent":0,"menu_order":0,"comment_status":"closed","ping_status":"closed","template":"","meta":{"footnotes":""},"class_list":["post-519","page","type-page","status-publish","hentry"],"yoast_head":"<!-- This site is optimized with the Yoast SEO plugin v27.2 - https:\/\/yoast.com\/product\/yoast-seo-wordpress\/ -->\n<title>Professionelle Studio-Dienstleistungen f\u00fcr \u00dcbersetzungen in Mailand<\/title>\n<meta name=\"description\" content=\"Studio Micali bietet professionelle \u00dcbersetzungen, die Suche nach Kunden und ausl\u00e4ndischen Partnern, Unterst\u00fctzung f\u00fcr die Teilnahme an Veranstaltungen\" \/>\n<meta name=\"robots\" content=\"index, follow, max-snippet:-1, max-image-preview:large, max-video-preview:-1\" \/>\n<link rel=\"canonical\" href=\"https:\/\/www.studiomicali.com\/de\/dienstleistungen\/\" \/>\n<meta property=\"og:locale\" content=\"de_DE\" \/>\n<meta property=\"og:type\" content=\"article\" \/>\n<meta property=\"og:title\" content=\"Professionelle Studio-Dienstleistungen f\u00fcr \u00dcbersetzungen in Mailand\" \/>\n<meta property=\"og:description\" content=\"Studio Micali bietet professionelle \u00dcbersetzungen, die Suche nach Kunden und ausl\u00e4ndischen Partnern, Unterst\u00fctzung f\u00fcr die Teilnahme an Veranstaltungen\" \/>\n<meta property=\"og:url\" content=\"https:\/\/www.studiomicali.com\/de\/dienstleistungen\/\" \/>\n<meta property=\"og:site_name\" content=\"Studio Micali\" \/>\n<meta property=\"article:modified_time\" content=\"2017-08-27T08:37:27+00:00\" \/>\n<meta name=\"twitter:card\" content=\"summary_large_image\" \/>\n<meta name=\"twitter:label1\" content=\"Gesch\u00e4tzte Lesezeit\" \/>\n\t<meta name=\"twitter:data1\" content=\"2\u00a0Minuten\" \/>\n<script type=\"application\/ld+json\" class=\"yoast-schema-graph\">{\"@context\":\"https:\/\/schema.org\",\"@graph\":[{\"@type\":\"WebPage\",\"@id\":\"https:\/\/www.studiomicali.com\/de\/dienstleistungen\/\",\"url\":\"https:\/\/www.studiomicali.com\/de\/dienstleistungen\/\",\"name\":\"Professionelle Studio-Dienstleistungen f\u00fcr \u00dcbersetzungen in Mailand\",\"isPartOf\":{\"@id\":\"https:\/\/www.studiomicali.com\/#website\"},\"datePublished\":\"2015-10-06T14:03:51+00:00\",\"dateModified\":\"2017-08-27T08:37:27+00:00\",\"description\":\"Studio Micali bietet professionelle \u00dcbersetzungen, die Suche nach Kunden und ausl\u00e4ndischen Partnern, Unterst\u00fctzung f\u00fcr die Teilnahme an Veranstaltungen\",\"breadcrumb\":{\"@id\":\"https:\/\/www.studiomicali.com\/de\/dienstleistungen\/#breadcrumb\"},\"inLanguage\":\"de\",\"potentialAction\":[{\"@type\":\"ReadAction\",\"target\":[\"https:\/\/www.studiomicali.com\/de\/dienstleistungen\/\"]}]},{\"@type\":\"BreadcrumbList\",\"@id\":\"https:\/\/www.studiomicali.com\/de\/dienstleistungen\/#breadcrumb\",\"itemListElement\":[{\"@type\":\"ListItem\",\"position\":1,\"name\":\"Home\",\"item\":\"https:\/\/www.studiomicali.com\/de\/\"},{\"@type\":\"ListItem\",\"position\":2,\"name\":\"Dienstleistungen\"}]},{\"@type\":\"WebSite\",\"@id\":\"https:\/\/www.studiomicali.com\/#website\",\"url\":\"https:\/\/www.studiomicali.com\/\",\"name\":\"Studio Micali\",\"description\":\"\",\"publisher\":{\"@id\":\"https:\/\/www.studiomicali.com\/#organization\"},\"potentialAction\":[{\"@type\":\"SearchAction\",\"target\":{\"@type\":\"EntryPoint\",\"urlTemplate\":\"https:\/\/www.studiomicali.com\/?s={search_term_string}\"},\"query-input\":{\"@type\":\"PropertyValueSpecification\",\"valueRequired\":true,\"valueName\":\"search_term_string\"}}],\"inLanguage\":\"de\"},{\"@type\":\"Organization\",\"@id\":\"https:\/\/www.studiomicali.com\/#organization\",\"name\":\"Studio Micali - Servizi di traduzione\",\"url\":\"https:\/\/www.studiomicali.com\/\",\"logo\":{\"@type\":\"ImageObject\",\"inLanguage\":\"de\",\"@id\":\"https:\/\/www.studiomicali.com\/#\/schema\/logo\/image\/\",\"url\":\"https:\/\/www.studiomicali.com\/wp-content\/uploads\/2015\/10\/studio-micali-ico.png\",\"contentUrl\":\"https:\/\/www.studiomicali.com\/wp-content\/uploads\/2015\/10\/studio-micali-ico.png\",\"width\":64,\"height\":64,\"caption\":\"Studio Micali - Servizi di traduzione\"},\"image\":{\"@id\":\"https:\/\/www.studiomicali.com\/#\/schema\/logo\/image\/\"}}]}<\/script>\n<!-- \/ Yoast SEO plugin. -->","yoast_head_json":{"title":"Professionelle Studio-Dienstleistungen f\u00fcr \u00dcbersetzungen in Mailand","description":"Studio Micali bietet professionelle \u00dcbersetzungen, die Suche nach Kunden und ausl\u00e4ndischen Partnern, Unterst\u00fctzung f\u00fcr die Teilnahme an Veranstaltungen","robots":{"index":"index","follow":"follow","max-snippet":"max-snippet:-1","max-image-preview":"max-image-preview:large","max-video-preview":"max-video-preview:-1"},"canonical":"https:\/\/www.studiomicali.com\/de\/dienstleistungen\/","og_locale":"de_DE","og_type":"article","og_title":"Professionelle Studio-Dienstleistungen f\u00fcr \u00dcbersetzungen in Mailand","og_description":"Studio Micali bietet professionelle \u00dcbersetzungen, die Suche nach Kunden und ausl\u00e4ndischen Partnern, Unterst\u00fctzung f\u00fcr die Teilnahme an Veranstaltungen","og_url":"https:\/\/www.studiomicali.com\/de\/dienstleistungen\/","og_site_name":"Studio Micali","article_modified_time":"2017-08-27T08:37:27+00:00","twitter_card":"summary_large_image","twitter_misc":{"Gesch\u00e4tzte Lesezeit":"2\u00a0Minuten"},"schema":{"@context":"https:\/\/schema.org","@graph":[{"@type":"WebPage","@id":"https:\/\/www.studiomicali.com\/de\/dienstleistungen\/","url":"https:\/\/www.studiomicali.com\/de\/dienstleistungen\/","name":"Professionelle Studio-Dienstleistungen f\u00fcr \u00dcbersetzungen in Mailand","isPartOf":{"@id":"https:\/\/www.studiomicali.com\/#website"},"datePublished":"2015-10-06T14:03:51+00:00","dateModified":"2017-08-27T08:37:27+00:00","description":"Studio Micali bietet professionelle \u00dcbersetzungen, die Suche nach Kunden und ausl\u00e4ndischen Partnern, Unterst\u00fctzung f\u00fcr die Teilnahme an Veranstaltungen","breadcrumb":{"@id":"https:\/\/www.studiomicali.com\/de\/dienstleistungen\/#breadcrumb"},"inLanguage":"de","potentialAction":[{"@type":"ReadAction","target":["https:\/\/www.studiomicali.com\/de\/dienstleistungen\/"]}]},{"@type":"BreadcrumbList","@id":"https:\/\/www.studiomicali.com\/de\/dienstleistungen\/#breadcrumb","itemListElement":[{"@type":"ListItem","position":1,"name":"Home","item":"https:\/\/www.studiomicali.com\/de\/"},{"@type":"ListItem","position":2,"name":"Dienstleistungen"}]},{"@type":"WebSite","@id":"https:\/\/www.studiomicali.com\/#website","url":"https:\/\/www.studiomicali.com\/","name":"Studio Micali","description":"","publisher":{"@id":"https:\/\/www.studiomicali.com\/#organization"},"potentialAction":[{"@type":"SearchAction","target":{"@type":"EntryPoint","urlTemplate":"https:\/\/www.studiomicali.com\/?s={search_term_string}"},"query-input":{"@type":"PropertyValueSpecification","valueRequired":true,"valueName":"search_term_string"}}],"inLanguage":"de"},{"@type":"Organization","@id":"https:\/\/www.studiomicali.com\/#organization","name":"Studio Micali - Servizi di traduzione","url":"https:\/\/www.studiomicali.com\/","logo":{"@type":"ImageObject","inLanguage":"de","@id":"https:\/\/www.studiomicali.com\/#\/schema\/logo\/image\/","url":"https:\/\/www.studiomicali.com\/wp-content\/uploads\/2015\/10\/studio-micali-ico.png","contentUrl":"https:\/\/www.studiomicali.com\/wp-content\/uploads\/2015\/10\/studio-micali-ico.png","width":64,"height":64,"caption":"Studio Micali - Servizi di traduzione"},"image":{"@id":"https:\/\/www.studiomicali.com\/#\/schema\/logo\/image\/"}}]}},"_links":{"self":[{"href":"https:\/\/www.studiomicali.com\/de\/wp-json\/wp\/v2\/pages\/519","targetHints":{"allow":["GET"]}}],"collection":[{"href":"https:\/\/www.studiomicali.com\/de\/wp-json\/wp\/v2\/pages"}],"about":[{"href":"https:\/\/www.studiomicali.com\/de\/wp-json\/wp\/v2\/types\/page"}],"author":[{"embeddable":true,"href":"https:\/\/www.studiomicali.com\/de\/wp-json\/wp\/v2\/users\/1"}],"replies":[{"embeddable":true,"href":"https:\/\/www.studiomicali.com\/de\/wp-json\/wp\/v2\/comments?post=519"}],"version-history":[{"count":2,"href":"https:\/\/www.studiomicali.com\/de\/wp-json\/wp\/v2\/pages\/519\/revisions"}],"predecessor-version":[{"id":522,"href":"https:\/\/www.studiomicali.com\/de\/wp-json\/wp\/v2\/pages\/519\/revisions\/522"}],"wp:attachment":[{"href":"https:\/\/www.studiomicali.com\/de\/wp-json\/wp\/v2\/media?parent=519"}],"curies":[{"name":"wp","href":"https:\/\/api.w.org\/{rel}","templated":true}]}}