{"id":537,"date":"2015-10-06T16:26:09","date_gmt":"2015-10-06T14:26:09","guid":{"rendered":"http:\/\/www.studiomicali.com\/eventi-aziendali\/"},"modified":"2017-08-27T10:48:29","modified_gmt":"2017-08-27T08:48:29","slug":"firmen-events-im-raum-mailand","status":"publish","type":"page","link":"https:\/\/www.studiomicali.com\/de\/firmen-events-im-raum-mailand\/","title":{"rendered":"Firmen-Events im Raum Mailand"},"content":{"rendered":"\n<style type=\"text\/css\" data-created_by=\"avia_inline_auto\" id=\"style-css-av-av_section-7bea67b3237ba62800b7e227540c1265\">\n.avia-section.av-av_section-7bea67b3237ba62800b7e227540c1265{\nbackground-repeat:no-repeat;\nbackground-image:url(https:\/\/www.studiomicali.com\/wp-content\/uploads\/2015\/10\/h_Eventi_Aziendali.jpg);\nbackground-position:50% 50%;\nbackground-attachment:fixed;\n}\n<\/style>\n<div id='av_section_1'  class='avia-section av-av_section-7bea67b3237ba62800b7e227540c1265 main_color avia-section-large avia-no-shadow  avia-builder-el-0  el_before_av_one_full  avia-builder-el-first  avia-full-stretch avia-bg-style-fixed av-minimum-height av-minimum-height-custom av-height-custom  container_wrap sidebar_right'  data-section-bg-repeat='stretch' data-av_minimum_height_px='500'><div class='container av-section-cont-open' style='height:500px'><main  role=\"main\" itemprop=\"mainContentOfPage\"  class='template-page content  av-content-small alpha units'><div class='post-entry post-entry-type-page post-entry-537'><div class='entry-content-wrapper clearfix'><\/div><\/div><\/main><!-- close content main element --><\/div><\/div><div id='after_section_1'  class='main_color av_default_container_wrap container_wrap sidebar_right'  ><div class='container av-section-cont-open' ><div class='template-page content  av-content-small alpha units'><div class='post-entry post-entry-type-page post-entry-537'><div class='entry-content-wrapper clearfix'>\n\n<style type=\"text\/css\" data-created_by=\"avia_inline_auto\" id=\"style-css-av-av_one_full-83f7017c712f57fe483ba253cae0bbe5\">\n.flex_column.av-av_one_full-83f7017c712f57fe483ba253cae0bbe5{\nborder-radius:0px 0px 0px 0px;\npadding:0 0 0 0;\n}\n<\/style>\n<div  class='flex_column av-av_one_full-83f7017c712f57fe483ba253cae0bbe5 av_one_full  avia-builder-el-1  el_after_av_section  el_before_av_section  avia-builder-el-no-sibling  first no_margin flex_column_div av-zero-column-padding  '     ><p>\n<style type=\"text\/css\" data-created_by=\"avia_inline_auto\" id=\"style-css-av-av_heading-c3091a8b1dc7e82c86ea81c212ac9ec5\">\n#top .av-special-heading.av-av_heading-c3091a8b1dc7e82c86ea81c212ac9ec5{\npadding-bottom:10px;\nfont-size:40px;\n}\nbody .av-special-heading.av-av_heading-c3091a8b1dc7e82c86ea81c212ac9ec5 .av-special-heading-tag .heading-char{\nfont-size:25px;\n}\n#top #wrap_all .av-special-heading.av-av_heading-c3091a8b1dc7e82c86ea81c212ac9ec5 .av-special-heading-tag{\nfont-size:40px;\n}\n.av-special-heading.av-av_heading-c3091a8b1dc7e82c86ea81c212ac9ec5 .av-subheading{\nfont-size:15px;\n}\n\n@media only screen and (min-width: 480px) and (max-width: 767px){ \n#top #wrap_all .av-special-heading.av-av_heading-c3091a8b1dc7e82c86ea81c212ac9ec5 .av-special-heading-tag{\nfont-size:0.8em;\n}\n}\n\n@media only screen and (max-width: 479px){ \n#top #wrap_all .av-special-heading.av-av_heading-c3091a8b1dc7e82c86ea81c212ac9ec5 .av-special-heading-tag{\nfont-size:0.8em;\n}\n}\n<\/style>\n<div  class='av-special-heading av-av_heading-c3091a8b1dc7e82c86ea81c212ac9ec5 av-special-heading-h1 blockquote modern-quote modern-centered  avia-builder-el-2  el_before_av_hr  avia-builder-el-first  av-inherit-size'><h1 class='av-special-heading-tag '  itemprop=\"headline\"  >Firmen-Events im Raum Mailand<\/h1><div class=\"special-heading-border\"><div class=\"special-heading-inner-border\"><\/div><\/div><\/div><br \/>\n\n<style type=\"text\/css\" data-created_by=\"avia_inline_auto\" id=\"style-css-av-av_hr-0dda62e92981490d17f79342809bdc13\">\n#top .hr.av-av_hr-0dda62e92981490d17f79342809bdc13{\nmargin-top:15px;\nmargin-bottom:15px;\n}\n.hr.av-av_hr-0dda62e92981490d17f79342809bdc13 .hr-inner{\nwidth:100px;\nborder-color:#6786a1;\nmax-width:45%;\n}\n.hr.av-av_hr-0dda62e92981490d17f79342809bdc13 .av-seperator-icon{\ncolor:#6786a1;\n}\n.hr.av-av_hr-0dda62e92981490d17f79342809bdc13 .av-seperator-icon.avia-svg-icon svg:first-child{\nfill:#6786a1;\nstroke:#6786a1;\n}\n<\/style>\n<div  class='hr av-av_hr-0dda62e92981490d17f79342809bdc13 hr-custom  avia-builder-el-3  el_after_av_heading  el_before_av_textblock  hr-center hr-icon-yes'><span class='hr-inner inner-border-av-border-thin'><span class=\"hr-inner-style\"><\/span><\/span><span class='av-seperator-icon avia-iconfont avia-font-entypo-fontello' data-av_icon='\ue8b1' data-av_iconfont='entypo-fontello' ><\/span><span class='hr-inner inner-border-av-border-thin'><span class=\"hr-inner-style\"><\/span><\/span><\/div><br \/>\n<section  class='av_textblock_section av-av_textblock-396ddf1f42196ca838231e61a4602801 '   itemscope=\"itemscope\" itemtype=\"https:\/\/schema.org\/CreativeWork\" ><div class='avia_textblock'  itemprop=\"text\" ><h2 style=\"text-align: center;\">AUFTRAG<\/h2>\n<p style=\"text-align: center;\">Alle Events dessen Organisation uns anvertraut wurde sollen einen besonderen Touch haben wodurch die Teilnehmer sich nicht nur an die Schulungsma\u00dfnahmen erinnern, sondern auch eine positive Erinnerung an eine gemeinsam verbrachte Zeit behalten. Dies wird das Ergebnis des Events sein welches wir f\u00fcr Sie organisieren.<\/p>\n<\/div><\/section><\/p><\/div><\/div><\/div><\/div><!-- close content main div --><\/div><\/div>\n<style type=\"text\/css\" data-created_by=\"avia_inline_auto\" id=\"style-css-av-av_section-ef93294d0f5ac29e221bb9d0bb00d501\">\n.avia-section.av-av_section-ef93294d0f5ac29e221bb9d0bb00d501{\nbackground-repeat:no-repeat;\nbackground-image:url(https:\/\/www.studiomicali.com\/wp-content\/uploads\/2015\/10\/h_Eventi_Aziendali.jpg);\nbackground-position:50% 50%;\nbackground-attachment:fixed;\n}\n.avia-section.av-av_section-ef93294d0f5ac29e221bb9d0bb00d501 .av-section-color-overlay{\nopacity:0.5;\nbackground-color:#000000;\n}\n<\/style>\n<div id='av_section_2'  class='avia-section av-av_section-ef93294d0f5ac29e221bb9d0bb00d501 main_color avia-section-default avia-no-border-styling  avia-builder-el-5  el_after_av_one_full  avia-builder-el-last  avia-full-stretch avia-bg-style-fixed av-section-color-overlay-active container_wrap sidebar_right'  data-section-bg-repeat='stretch'><div class=\"av-section-color-overlay-wrap\"><div class=\"av-section-color-overlay\"><\/div><div class='container av-section-cont-open' ><div class='template-page content  av-content-small alpha units'><div class='post-entry post-entry-type-page post-entry-537'><div class='entry-content-wrapper clearfix'>\n\n<style type=\"text\/css\" data-created_by=\"avia_inline_auto\" id=\"style-css-av-av_one_half-352b07ef7d3bc99b2e9f92e7a9e06bdb\">\n.flex_column.av-av_one_half-352b07ef7d3bc99b2e9f92e7a9e06bdb{\nborder-radius:0px 0px 0px 0px;\npadding:0px 0px 0px 0px;\n}\n<\/style>\n<div  class='flex_column av-av_one_half-352b07ef7d3bc99b2e9f92e7a9e06bdb av_one_half  avia-builder-el-6  el_before_av_one_half  avia-builder-el-first  first flex_column_div av-zero-column-padding  '     ><p>\n<style type=\"text\/css\" data-created_by=\"avia_inline_auto\" id=\"style-css-av-av_image-4d767921bc9e8fec091ddcdfe0830fa6\">\n.avia-image-container.av-av_image-4d767921bc9e8fec091ddcdfe0830fa6 img.avia_image{\nbox-shadow:none;\n}\n.avia-image-container.av-av_image-4d767921bc9e8fec091ddcdfe0830fa6 .av-image-caption-overlay-center{\ncolor:#ffffff;\n}\n<\/style>\n<div  class='avia-image-container av-av_image-4d767921bc9e8fec091ddcdfe0830fa6 av-styling- avia-align-center  avia-builder-el-7  el_before_av_hr  avia-builder-el-first '   itemprop=\"image\" itemscope=\"itemscope\" itemtype=\"https:\/\/schema.org\/ImageObject\" ><div class=\"avia-image-container-inner\"><div class=\"avia-image-overlay-wrap\"><img decoding=\"async\" fetchpriority=\"high\" class='wp-image-684 avia-img-lazy-loading-not-684 avia_image ' src=\"https:\/\/www.studiomicali.com\/wp-content\/uploads\/2015\/10\/b_Meeting_Assistance.jpg\" alt='' title='Assistenza traduzioni eventi aziendali Milano'  height=\"800\" width=\"1100\"  itemprop=\"thumbnailUrl\" srcset=\"https:\/\/www.studiomicali.com\/wp-content\/uploads\/2015\/10\/b_Meeting_Assistance.jpg 1100w, https:\/\/www.studiomicali.com\/wp-content\/uploads\/2015\/10\/b_Meeting_Assistance-300x218.jpg 300w, https:\/\/www.studiomicali.com\/wp-content\/uploads\/2015\/10\/b_Meeting_Assistance-1030x749.jpg 1030w, https:\/\/www.studiomicali.com\/wp-content\/uploads\/2015\/10\/b_Meeting_Assistance-768x559.jpg 768w, https:\/\/www.studiomicali.com\/wp-content\/uploads\/2015\/10\/b_Meeting_Assistance-705x513.jpg 705w\" sizes=\"(max-width: 1100px) 100vw, 1100px\" \/><\/div><\/div><\/div><br \/>\n\n<style type=\"text\/css\" data-created_by=\"avia_inline_auto\" id=\"style-css-av-av_hr-5ea7596238ed9f191e6b5e662093052f\">\n#top .hr.hr-invisible.av-av_hr-5ea7596238ed9f191e6b5e662093052f{\nheight:30px;\n}\n<\/style>\n<div  class='hr av-av_hr-5ea7596238ed9f191e6b5e662093052f hr-invisible  avia-builder-el-8  el_after_av_image  el_before_av_image '><span class='hr-inner '><span class=\"hr-inner-style\"><\/span><\/span><\/div><br \/>\n\n<style type=\"text\/css\" data-created_by=\"avia_inline_auto\" id=\"style-css-av-av_image-794a37ff4e5485a773b2ece6a1cc6dd8\">\n.avia-image-container.av-av_image-794a37ff4e5485a773b2ece6a1cc6dd8 img.avia_image{\nbox-shadow:none;\n}\n.avia-image-container.av-av_image-794a37ff4e5485a773b2ece6a1cc6dd8 .av-image-caption-overlay-center{\ncolor:#ffffff;\n}\n<\/style>\n<div  class='avia-image-container av-av_image-794a37ff4e5485a773b2ece6a1cc6dd8 av-styling- avia-align-center  avia-builder-el-9  el_after_av_hr  avia-builder-el-last '   itemprop=\"image\" itemscope=\"itemscope\" itemtype=\"https:\/\/schema.org\/ImageObject\" ><div class=\"avia-image-container-inner\"><div class=\"avia-image-overlay-wrap\"><img decoding=\"async\" fetchpriority=\"high\" class='wp-image-687 avia-img-lazy-loading-not-687 avia_image ' src=\"https:\/\/www.studiomicali.com\/wp-content\/uploads\/2015\/10\/b_Assistenza_Eventi_Aziendali.jpg\" alt='' title='Assistenza traduzioni eventi Milano'  height=\"800\" width=\"1100\"  itemprop=\"thumbnailUrl\" srcset=\"https:\/\/www.studiomicali.com\/wp-content\/uploads\/2015\/10\/b_Assistenza_Eventi_Aziendali.jpg 1100w, https:\/\/www.studiomicali.com\/wp-content\/uploads\/2015\/10\/b_Assistenza_Eventi_Aziendali-300x218.jpg 300w, https:\/\/www.studiomicali.com\/wp-content\/uploads\/2015\/10\/b_Assistenza_Eventi_Aziendali-1030x749.jpg 1030w, https:\/\/www.studiomicali.com\/wp-content\/uploads\/2015\/10\/b_Assistenza_Eventi_Aziendali-768x559.jpg 768w, https:\/\/www.studiomicali.com\/wp-content\/uploads\/2015\/10\/b_Assistenza_Eventi_Aziendali-705x513.jpg 705w\" sizes=\"(max-width: 1100px) 100vw, 1100px\" \/><\/div><\/div><\/div><\/p><\/div>\n<style type=\"text\/css\" data-created_by=\"avia_inline_auto\" id=\"style-css-av-av_one_half-4e2700ee963d0c05ad7a4af57d3151bb\">\n.flex_column.av-av_one_half-4e2700ee963d0c05ad7a4af57d3151bb{\nborder-radius:0px 0px 0px 0px;\npadding:30px 30px 30px 30px;\nbackground-color:rgba(255,255,255,0.95);\n}\n<\/style>\n<div  class='flex_column av-av_one_half-4e2700ee963d0c05ad7a4af57d3151bb av_one_half  avia-builder-el-10  el_after_av_one_half  avia-builder-el-last  flex_column_div  '     ><p><section  class='av_textblock_section av-av_textblock-5387b3f35525b28b65f0993194ae66f8 '   itemscope=\"itemscope\" itemtype=\"https:\/\/schema.org\/CreativeWork\" ><div class='avia_textblock av_inherit_color'  itemprop=\"text\" ><p>Diese Dienstleistung hat den Schwerpunkt in der Organisation und Planung von Firmen-Events der nachfolgenden Arten:<\/p>\n<ul>\n<li>Beginn der Vermarktung neuer Produkte<\/li>\n<li>Einweihungen<\/li>\n<li>Kommunikationskampagnen<\/li>\n<li>Ereignisse<\/li>\n<li>Gala-Diners<\/li>\n<li>Banketts<\/li>\n<li>Teamzusammenstellungen<\/li>\n<\/ul>\n<\/div><\/section><br \/>\n<section  class='av_textblock_section av-av_textblock-396ddf1f42196ca838231e61a4602801 '   itemscope=\"itemscope\" itemtype=\"https:\/\/schema.org\/CreativeWork\" ><div class='avia_textblock'  itemprop=\"text\" ><p>Der Schwerpunkt liegt bei kreativen Programmen, attraktiven Standorten, sorgf\u00e4ltiger Planung und einer breiten Spanne von gesellschaftlichen Ereignissen welche im Hinblick auf den Bedarf Ihrer Kunden optimal geeignet sind.<\/p>\n<blockquote>\n<p>Jedes Projekt wird im Hinblick auf die zu erreichenden Ziele ma\u00dfgeschneidert: die Kunden liefern die Informationen und wir erstellen ein Event bei dem jedes Detail im Hinblick auf die speziellen Anforderungen und das von dem Kunden angegebene Budget passt.<\/p>\n<\/blockquote>\n<p>Die Assoziation des Images Ihrer Firma mit einem Event erm\u00f6glicht es bestimmte charakteristische Details hervorzuheben und den Unternehmensstil darzustellen; dies ist ein wesentliches Element bei der strategischen Zielsetzung das Markenimage hervorzuheben.<\/p>\n<\/div><\/section><\/p><\/div><\/div><\/div><\/div><!-- close content main div --><\/div><\/div><\/div><div id='after_section_2'  class='main_color av_default_container_wrap container_wrap sidebar_right'  ><div class='container av-section-cont-open' ><div class='template-page content  av-content-small alpha units'><div class='post-entry post-entry-type-page post-entry-537'><div class='entry-content-wrapper clearfix'><\/p>\n","protected":false},"excerpt":{"rendered":"","protected":false},"author":1,"featured_media":0,"parent":0,"menu_order":0,"comment_status":"closed","ping_status":"closed","template":"","meta":{"footnotes":""},"class_list":["post-537","page","type-page","status-publish","hentry"],"yoast_head":"<!-- This site is optimized with the Yoast SEO plugin v27.2 - https:\/\/yoast.com\/product\/yoast-seo-wordpress\/ -->\n<title>Unterst\u00fctzung und \u00dcbersetzungsservice f\u00fcr Firmenveranstaltungen Mailand<\/title>\n<meta name=\"description\" content=\"Corporate Events \u00dcbersetzung Unterst\u00fctzung f\u00fcr die Einf\u00fchrung neuer Produkte, Werbekampagnen, Gala-Diners und \u00d6ffnungen in Mailand und in der Provinz.\" \/>\n<meta name=\"robots\" content=\"index, follow, max-snippet:-1, max-image-preview:large, max-video-preview:-1\" \/>\n<link rel=\"canonical\" href=\"https:\/\/www.studiomicali.com\/de\/firmen-events-im-raum-mailand\/\" \/>\n<meta property=\"og:locale\" content=\"de_DE\" \/>\n<meta property=\"og:type\" content=\"article\" \/>\n<meta property=\"og:title\" content=\"Unterst\u00fctzung und \u00dcbersetzungsservice f\u00fcr Firmenveranstaltungen Mailand\" \/>\n<meta property=\"og:description\" content=\"Corporate Events \u00dcbersetzung Unterst\u00fctzung f\u00fcr die Einf\u00fchrung neuer Produkte, Werbekampagnen, Gala-Diners und \u00d6ffnungen in Mailand und in der Provinz.\" \/>\n<meta property=\"og:url\" content=\"https:\/\/www.studiomicali.com\/de\/firmen-events-im-raum-mailand\/\" \/>\n<meta property=\"og:site_name\" content=\"Studio Micali\" \/>\n<meta property=\"article:modified_time\" content=\"2017-08-27T08:48:29+00:00\" \/>\n<meta name=\"twitter:card\" content=\"summary_large_image\" \/>\n<meta name=\"twitter:label1\" content=\"Gesch\u00e4tzte Lesezeit\" \/>\n\t<meta name=\"twitter:data1\" content=\"4\u00a0Minuten\" \/>\n<script type=\"application\/ld+json\" class=\"yoast-schema-graph\">{\"@context\":\"https:\/\/schema.org\",\"@graph\":[{\"@type\":\"WebPage\",\"@id\":\"https:\/\/www.studiomicali.com\/de\/firmen-events-im-raum-mailand\/\",\"url\":\"https:\/\/www.studiomicali.com\/de\/firmen-events-im-raum-mailand\/\",\"name\":\"Unterst\u00fctzung und \u00dcbersetzungsservice f\u00fcr Firmenveranstaltungen Mailand\",\"isPartOf\":{\"@id\":\"https:\/\/www.studiomicali.com\/#website\"},\"datePublished\":\"2015-10-06T14:26:09+00:00\",\"dateModified\":\"2017-08-27T08:48:29+00:00\",\"description\":\"Corporate Events \u00dcbersetzung Unterst\u00fctzung f\u00fcr die Einf\u00fchrung neuer Produkte, Werbekampagnen, Gala-Diners und \u00d6ffnungen in Mailand und in der Provinz.\",\"breadcrumb\":{\"@id\":\"https:\/\/www.studiomicali.com\/de\/firmen-events-im-raum-mailand\/#breadcrumb\"},\"inLanguage\":\"de\",\"potentialAction\":[{\"@type\":\"ReadAction\",\"target\":[\"https:\/\/www.studiomicali.com\/de\/firmen-events-im-raum-mailand\/\"]}]},{\"@type\":\"BreadcrumbList\",\"@id\":\"https:\/\/www.studiomicali.com\/de\/firmen-events-im-raum-mailand\/#breadcrumb\",\"itemListElement\":[{\"@type\":\"ListItem\",\"position\":1,\"name\":\"Home\",\"item\":\"https:\/\/www.studiomicali.com\/de\/\"},{\"@type\":\"ListItem\",\"position\":2,\"name\":\"Firmen-Events im Raum Mailand\"}]},{\"@type\":\"WebSite\",\"@id\":\"https:\/\/www.studiomicali.com\/#website\",\"url\":\"https:\/\/www.studiomicali.com\/\",\"name\":\"Studio Micali\",\"description\":\"\",\"publisher\":{\"@id\":\"https:\/\/www.studiomicali.com\/#organization\"},\"potentialAction\":[{\"@type\":\"SearchAction\",\"target\":{\"@type\":\"EntryPoint\",\"urlTemplate\":\"https:\/\/www.studiomicali.com\/?s={search_term_string}\"},\"query-input\":{\"@type\":\"PropertyValueSpecification\",\"valueRequired\":true,\"valueName\":\"search_term_string\"}}],\"inLanguage\":\"de\"},{\"@type\":\"Organization\",\"@id\":\"https:\/\/www.studiomicali.com\/#organization\",\"name\":\"Studio Micali - Servizi di traduzione\",\"url\":\"https:\/\/www.studiomicali.com\/\",\"logo\":{\"@type\":\"ImageObject\",\"inLanguage\":\"de\",\"@id\":\"https:\/\/www.studiomicali.com\/#\/schema\/logo\/image\/\",\"url\":\"https:\/\/www.studiomicali.com\/wp-content\/uploads\/2015\/10\/studio-micali-ico.png\",\"contentUrl\":\"https:\/\/www.studiomicali.com\/wp-content\/uploads\/2015\/10\/studio-micali-ico.png\",\"width\":64,\"height\":64,\"caption\":\"Studio Micali - Servizi di traduzione\"},\"image\":{\"@id\":\"https:\/\/www.studiomicali.com\/#\/schema\/logo\/image\/\"}}]}<\/script>\n<!-- \/ Yoast SEO plugin. -->","yoast_head_json":{"title":"Unterst\u00fctzung und \u00dcbersetzungsservice f\u00fcr Firmenveranstaltungen Mailand","description":"Corporate Events \u00dcbersetzung Unterst\u00fctzung f\u00fcr die Einf\u00fchrung neuer Produkte, Werbekampagnen, Gala-Diners und \u00d6ffnungen in Mailand und in der Provinz.","robots":{"index":"index","follow":"follow","max-snippet":"max-snippet:-1","max-image-preview":"max-image-preview:large","max-video-preview":"max-video-preview:-1"},"canonical":"https:\/\/www.studiomicali.com\/de\/firmen-events-im-raum-mailand\/","og_locale":"de_DE","og_type":"article","og_title":"Unterst\u00fctzung und \u00dcbersetzungsservice f\u00fcr Firmenveranstaltungen Mailand","og_description":"Corporate Events \u00dcbersetzung Unterst\u00fctzung f\u00fcr die Einf\u00fchrung neuer Produkte, Werbekampagnen, Gala-Diners und \u00d6ffnungen in Mailand und in der Provinz.","og_url":"https:\/\/www.studiomicali.com\/de\/firmen-events-im-raum-mailand\/","og_site_name":"Studio Micali","article_modified_time":"2017-08-27T08:48:29+00:00","twitter_card":"summary_large_image","twitter_misc":{"Gesch\u00e4tzte Lesezeit":"4\u00a0Minuten"},"schema":{"@context":"https:\/\/schema.org","@graph":[{"@type":"WebPage","@id":"https:\/\/www.studiomicali.com\/de\/firmen-events-im-raum-mailand\/","url":"https:\/\/www.studiomicali.com\/de\/firmen-events-im-raum-mailand\/","name":"Unterst\u00fctzung und \u00dcbersetzungsservice f\u00fcr Firmenveranstaltungen Mailand","isPartOf":{"@id":"https:\/\/www.studiomicali.com\/#website"},"datePublished":"2015-10-06T14:26:09+00:00","dateModified":"2017-08-27T08:48:29+00:00","description":"Corporate Events \u00dcbersetzung Unterst\u00fctzung f\u00fcr die Einf\u00fchrung neuer Produkte, Werbekampagnen, Gala-Diners und \u00d6ffnungen in Mailand und in der Provinz.","breadcrumb":{"@id":"https:\/\/www.studiomicali.com\/de\/firmen-events-im-raum-mailand\/#breadcrumb"},"inLanguage":"de","potentialAction":[{"@type":"ReadAction","target":["https:\/\/www.studiomicali.com\/de\/firmen-events-im-raum-mailand\/"]}]},{"@type":"BreadcrumbList","@id":"https:\/\/www.studiomicali.com\/de\/firmen-events-im-raum-mailand\/#breadcrumb","itemListElement":[{"@type":"ListItem","position":1,"name":"Home","item":"https:\/\/www.studiomicali.com\/de\/"},{"@type":"ListItem","position":2,"name":"Firmen-Events im Raum Mailand"}]},{"@type":"WebSite","@id":"https:\/\/www.studiomicali.com\/#website","url":"https:\/\/www.studiomicali.com\/","name":"Studio Micali","description":"","publisher":{"@id":"https:\/\/www.studiomicali.com\/#organization"},"potentialAction":[{"@type":"SearchAction","target":{"@type":"EntryPoint","urlTemplate":"https:\/\/www.studiomicali.com\/?s={search_term_string}"},"query-input":{"@type":"PropertyValueSpecification","valueRequired":true,"valueName":"search_term_string"}}],"inLanguage":"de"},{"@type":"Organization","@id":"https:\/\/www.studiomicali.com\/#organization","name":"Studio Micali - Servizi di traduzione","url":"https:\/\/www.studiomicali.com\/","logo":{"@type":"ImageObject","inLanguage":"de","@id":"https:\/\/www.studiomicali.com\/#\/schema\/logo\/image\/","url":"https:\/\/www.studiomicali.com\/wp-content\/uploads\/2015\/10\/studio-micali-ico.png","contentUrl":"https:\/\/www.studiomicali.com\/wp-content\/uploads\/2015\/10\/studio-micali-ico.png","width":64,"height":64,"caption":"Studio Micali - Servizi di traduzione"},"image":{"@id":"https:\/\/www.studiomicali.com\/#\/schema\/logo\/image\/"}}]}},"_links":{"self":[{"href":"https:\/\/www.studiomicali.com\/de\/wp-json\/wp\/v2\/pages\/537","targetHints":{"allow":["GET"]}}],"collection":[{"href":"https:\/\/www.studiomicali.com\/de\/wp-json\/wp\/v2\/pages"}],"about":[{"href":"https:\/\/www.studiomicali.com\/de\/wp-json\/wp\/v2\/types\/page"}],"author":[{"embeddable":true,"href":"https:\/\/www.studiomicali.com\/de\/wp-json\/wp\/v2\/users\/1"}],"replies":[{"embeddable":true,"href":"https:\/\/www.studiomicali.com\/de\/wp-json\/wp\/v2\/comments?post=537"}],"version-history":[{"count":2,"href":"https:\/\/www.studiomicali.com\/de\/wp-json\/wp\/v2\/pages\/537\/revisions"}],"predecessor-version":[{"id":540,"href":"https:\/\/www.studiomicali.com\/de\/wp-json\/wp\/v2\/pages\/537\/revisions\/540"}],"wp:attachment":[{"href":"https:\/\/www.studiomicali.com\/de\/wp-json\/wp\/v2\/media?parent=537"}],"curies":[{"name":"wp","href":"https:\/\/api.w.org\/{rel}","templated":true}]}}