{"id":543,"date":"2015-10-06T16:29:26","date_gmt":"2015-10-06T14:29:26","guid":{"rendered":"http:\/\/www.studiomicali.com\/contatti\/"},"modified":"2021-03-15T12:31:31","modified_gmt":"2021-03-15T11:31:31","slug":"kontakt","status":"publish","type":"page","link":"https:\/\/www.studiomicali.com\/de\/kontakt\/","title":{"rendered":"Kontakt"},"content":{"rendered":"\n<style type=\"text\/css\" data-created_by=\"avia_inline_auto\" id=\"style-css-av-av_section-62887742490cb2eb89051100c4d12a41\">\n.avia-section.av-av_section-62887742490cb2eb89051100c4d12a41{\nbackground-repeat:no-repeat;\nbackground-image:url(https:\/\/www.studiomicali.com\/wp-content\/uploads\/2015\/10\/h_Contatti.jpg);\nbackground-position:50% 50%;\nbackground-attachment:fixed;\n}\n.avia-section.av-av_section-62887742490cb2eb89051100c4d12a41 .av-extra-border-element .av-extra-border-inner{\nbackground-color:#f8f8f8;\n}\n<\/style>\n<div id='av_section_1'  class='avia-section av-av_section-62887742490cb2eb89051100c4d12a41 main_color avia-section-large avia-no-shadow  avia-builder-el-0  el_before_av_one_full  avia-builder-el-first  avia-full-stretch avia-bg-style-fixed av-arrow-down-section av-minimum-height av-minimum-height-custom av-height-custom  container_wrap sidebar_right'  data-section-bg-repeat='stretch' data-av_minimum_height_px='500'><div class='container av-section-cont-open' style='height:500px'><main  role=\"main\" itemprop=\"mainContentOfPage\"  class='template-page content  av-content-small alpha units'><div class='post-entry post-entry-type-page post-entry-543'><div class='entry-content-wrapper clearfix'><\/div><\/div><\/main><!-- close content main element --><\/div><div class='av-extra-border-element border-extra-arrow-down'><div class='av-extra-border-outer'><div class='av-extra-border-inner'><\/div><\/div><\/div><\/div><div id='after_section_1'  class='main_color av_default_container_wrap container_wrap sidebar_right'  ><div class='container av-section-cont-open' ><div class='template-page content  av-content-small alpha units'><div class='post-entry post-entry-type-page post-entry-543'><div class='entry-content-wrapper clearfix'>\n\n<style type=\"text\/css\" data-created_by=\"avia_inline_auto\" id=\"style-css-av-av_one_full-8c8acfc9aad294c299e6d11f42857933\">\n.flex_column.av-av_one_full-8c8acfc9aad294c299e6d11f42857933{\nborder-radius:0px 0px 0px 0px;\npadding:0 0 0 0;\n}\n<\/style>\n<div  class='flex_column av-av_one_full-8c8acfc9aad294c299e6d11f42857933 av_one_full  avia-builder-el-1  el_after_av_section  el_before_av_one_half  avia-builder-el-first  first flex_column_div av-zero-column-padding  '     ><p>\n<style type=\"text\/css\" data-created_by=\"avia_inline_auto\" id=\"style-css-av-av_heading-4edbb6b8d89df1fa0f0af0d16c7ede3e\">\n#top .av-special-heading.av-av_heading-4edbb6b8d89df1fa0f0af0d16c7ede3e{\npadding-bottom:10px;\nfont-size:40px;\n}\nbody .av-special-heading.av-av_heading-4edbb6b8d89df1fa0f0af0d16c7ede3e .av-special-heading-tag .heading-char{\nfont-size:25px;\n}\n#top #wrap_all .av-special-heading.av-av_heading-4edbb6b8d89df1fa0f0af0d16c7ede3e .av-special-heading-tag{\nfont-size:40px;\n}\n.av-special-heading.av-av_heading-4edbb6b8d89df1fa0f0af0d16c7ede3e .av-subheading{\nfont-size:15px;\n}\n\n@media only screen and (min-width: 480px) and (max-width: 767px){ \n#top #wrap_all .av-special-heading.av-av_heading-4edbb6b8d89df1fa0f0af0d16c7ede3e .av-special-heading-tag{\nfont-size:0.8em;\n}\n}\n\n@media only screen and (max-width: 479px){ \n#top #wrap_all .av-special-heading.av-av_heading-4edbb6b8d89df1fa0f0af0d16c7ede3e .av-special-heading-tag{\nfont-size:0.8em;\n}\n}\n<\/style>\n<div  class='av-special-heading av-av_heading-4edbb6b8d89df1fa0f0af0d16c7ede3e av-special-heading-h1 blockquote modern-quote modern-centered  avia-builder-el-2  el_before_av_hr  avia-builder-el-first  av-inherit-size'><h1 class='av-special-heading-tag '  itemprop=\"headline\"  >Kontakt<\/h1><div class=\"special-heading-border\"><div class=\"special-heading-inner-border\"><\/div><\/div><\/div><br \/>\n\n<style type=\"text\/css\" data-created_by=\"avia_inline_auto\" id=\"style-css-av-av_hr-0dda62e92981490d17f79342809bdc13\">\n#top .hr.av-av_hr-0dda62e92981490d17f79342809bdc13{\nmargin-top:15px;\nmargin-bottom:15px;\n}\n.hr.av-av_hr-0dda62e92981490d17f79342809bdc13 .hr-inner{\nwidth:100px;\nborder-color:#6786a1;\nmax-width:45%;\n}\n.hr.av-av_hr-0dda62e92981490d17f79342809bdc13 .av-seperator-icon{\ncolor:#6786a1;\n}\n.hr.av-av_hr-0dda62e92981490d17f79342809bdc13 .av-seperator-icon.avia-svg-icon svg:first-child{\nfill:#6786a1;\nstroke:#6786a1;\n}\n<\/style>\n<div  class='hr av-av_hr-0dda62e92981490d17f79342809bdc13 hr-custom  avia-builder-el-3  el_after_av_heading  avia-builder-el-last  hr-center hr-icon-yes'><span class='hr-inner inner-border-av-border-thin'><span class=\"hr-inner-style\"><\/span><\/span><span class='av-seperator-icon avia-iconfont avia-font-entypo-fontello' data-av_icon='\ue8b1' data-av_iconfont='entypo-fontello' ><\/span><span class='hr-inner inner-border-av-border-thin'><span class=\"hr-inner-style\"><\/span><\/span><\/div><\/p><\/div>\n\n<style type=\"text\/css\" data-created_by=\"avia_inline_auto\" id=\"style-css-av-av_one_half-0b3d022d448fac6ff7b57de2817fe205\">\n.flex_column.av-av_one_half-0b3d022d448fac6ff7b57de2817fe205{\nborder-radius:0px 0px 0px 0px;\npadding:0px 0px 0px 0px;\n}\n<\/style>\n<div  class='flex_column av-av_one_half-0b3d022d448fac6ff7b57de2817fe205 av_one_half  avia-builder-el-4  el_after_av_one_full  el_before_av_one_half  first no_margin flex_column_div av-zero-column-padding  column-top-margin'     ><\/div>\n<style type=\"text\/css\" data-created_by=\"avia_inline_auto\" id=\"style-css-av-av_one_half-b151333b04a75bd32259a15870f4df5f\">\n.flex_column.av-av_one_half-b151333b04a75bd32259a15870f4df5f{\nborder-radius:0px 0px 0px 0px;\npadding:30px 30px 30px 30px;\nbackground-color:rgba(255,255,255,0.85);\n}\n<\/style>\n<div  class='flex_column av-av_one_half-b151333b04a75bd32259a15870f4df5f av_one_half  avia-builder-el-6  el_after_av_one_half  avia-builder-el-last  no_margin flex_column_div  column-top-margin'     ><section  class='av_textblock_section av-av_textblock-5387b3f35525b28b65f0993194ae66f8 '   itemscope=\"itemscope\" itemtype=\"https:\/\/schema.org\/CreativeWork\" ><div class='avia_textblock av_inherit_color'  itemprop=\"text\" ><h2>STUDIO MICALI<\/h2>\n<div  class='hr av-av_hr-7baa9936fe5691b53f4ae1c79d4cc23f hr-short  avia-builder-el-8  avia-builder-el-no-sibling  hr-left'><span class='hr-inner '><span class=\"hr-inner-style\"><\/span><\/span><\/div>\n<p>Via Cenisio, 8 &#8211; 20154\u00a0Mailand<br \/>\nTel.\/Fax (0039) 02.66823519<br \/>\n<a href=\"mailto:info@studiomicali.com\">info@studiomicali.com<\/a><\/p>\n<p>MwSt:\u00a004856510963<\/p>\n<\/div><\/section><br \/>\n<div  class='av_promobox av-av_promobox-2574612cef0a86cb0ed4964a045efad1 avia-button-no  avia-builder-el-9  el_after_av_textblock  avia-builder-el-last '><div class='avia-promocontent'><p>\n<strong>Zusammenarbeit mit uns<\/strong><\/p>\n<p>Um der steigenden Nachfrage nach qualitative hochwertigen \u00dcbersetzungen gerecht zu werden, sucht Studio MICALI st\u00e4ndig neue und motivierte Mitarbeiter welche \u00fcber eine spezifische technische Ausbildung verf\u00fcgen und bestrebt sind sich als Teil eines erfolgreichen Teams weiterzuentwickeln. Bitte senden Sie Ihren detaillierten Lebenslauf mit einer Liste von Referenzen an: <a href=\"mailto:CV@studiomicali.com\">CV@studiomicali.com<\/a><\/p>\n<\/div><\/div><\/p><\/div><\/p>\n","protected":false},"excerpt":{"rendered":"","protected":false},"author":1,"featured_media":0,"parent":0,"menu_order":0,"comment_status":"closed","ping_status":"closed","template":"","meta":{"footnotes":""},"class_list":["post-543","page","type-page","status-publish","hentry"],"yoast_head":"<!-- This site is optimized with the Yoast SEO plugin v27.2 - https:\/\/yoast.com\/product\/yoast-seo-wordpress\/ -->\n<title>Kontakt Studio Micali \u00dcbersetzungen Milano<\/title>\n<meta name=\"description\" content=\"Studio Micali befasst sich mit \u00dcbersetzungen in Mailand. Wir sind in der Via Cenisio, 8 - 20154 Milano Tel.\/Fax (0039) 02.66823519. Erfahren Sie mehr \u00fcber unsere \u00dcbersetzungen.\" \/>\n<meta name=\"robots\" content=\"index, follow, max-snippet:-1, max-image-preview:large, max-video-preview:-1\" \/>\n<link rel=\"canonical\" href=\"https:\/\/www.studiomicali.com\/de\/kontakt\/\" \/>\n<meta property=\"og:locale\" content=\"de_DE\" \/>\n<meta property=\"og:type\" content=\"article\" \/>\n<meta property=\"og:title\" content=\"Kontakt Studio Micali \u00dcbersetzungen Milano\" \/>\n<meta property=\"og:description\" content=\"Studio Micali befasst sich mit \u00dcbersetzungen in Mailand. Wir sind in der Via Cenisio, 8 - 20154 Milano Tel.\/Fax (0039) 02.66823519. Erfahren Sie mehr \u00fcber unsere \u00dcbersetzungen.\" \/>\n<meta property=\"og:url\" content=\"https:\/\/www.studiomicali.com\/de\/kontakt\/\" \/>\n<meta property=\"og:site_name\" content=\"Studio Micali\" \/>\n<meta property=\"article:modified_time\" content=\"2021-03-15T11:31:31+00:00\" \/>\n<meta name=\"twitter:card\" content=\"summary_large_image\" \/>\n<meta name=\"twitter:label1\" content=\"Gesch\u00e4tzte Lesezeit\" \/>\n\t<meta name=\"twitter:data1\" content=\"1\u00a0Minute\" \/>\n<script type=\"application\/ld+json\" class=\"yoast-schema-graph\">{\"@context\":\"https:\/\/schema.org\",\"@graph\":[{\"@type\":\"WebPage\",\"@id\":\"https:\/\/www.studiomicali.com\/de\/kontakt\/\",\"url\":\"https:\/\/www.studiomicali.com\/de\/kontakt\/\",\"name\":\"Kontakt Studio Micali \u00dcbersetzungen Milano\",\"isPartOf\":{\"@id\":\"https:\/\/www.studiomicali.com\/#website\"},\"datePublished\":\"2015-10-06T14:29:26+00:00\",\"dateModified\":\"2021-03-15T11:31:31+00:00\",\"description\":\"Studio Micali befasst sich mit \u00dcbersetzungen in Mailand. Wir sind in der Via Cenisio, 8 - 20154 Milano Tel.\/Fax (0039) 02.66823519. Erfahren Sie mehr \u00fcber unsere \u00dcbersetzungen.\",\"breadcrumb\":{\"@id\":\"https:\/\/www.studiomicali.com\/de\/kontakt\/#breadcrumb\"},\"inLanguage\":\"de\",\"potentialAction\":[{\"@type\":\"ReadAction\",\"target\":[\"https:\/\/www.studiomicali.com\/de\/kontakt\/\"]}]},{\"@type\":\"BreadcrumbList\",\"@id\":\"https:\/\/www.studiomicali.com\/de\/kontakt\/#breadcrumb\",\"itemListElement\":[{\"@type\":\"ListItem\",\"position\":1,\"name\":\"Home\",\"item\":\"https:\/\/www.studiomicali.com\/de\/\"},{\"@type\":\"ListItem\",\"position\":2,\"name\":\"Kontakt\"}]},{\"@type\":\"WebSite\",\"@id\":\"https:\/\/www.studiomicali.com\/#website\",\"url\":\"https:\/\/www.studiomicali.com\/\",\"name\":\"Studio Micali\",\"description\":\"\",\"publisher\":{\"@id\":\"https:\/\/www.studiomicali.com\/#organization\"},\"potentialAction\":[{\"@type\":\"SearchAction\",\"target\":{\"@type\":\"EntryPoint\",\"urlTemplate\":\"https:\/\/www.studiomicali.com\/?s={search_term_string}\"},\"query-input\":{\"@type\":\"PropertyValueSpecification\",\"valueRequired\":true,\"valueName\":\"search_term_string\"}}],\"inLanguage\":\"de\"},{\"@type\":\"Organization\",\"@id\":\"https:\/\/www.studiomicali.com\/#organization\",\"name\":\"Studio Micali - Servizi di traduzione\",\"url\":\"https:\/\/www.studiomicali.com\/\",\"logo\":{\"@type\":\"ImageObject\",\"inLanguage\":\"de\",\"@id\":\"https:\/\/www.studiomicali.com\/#\/schema\/logo\/image\/\",\"url\":\"https:\/\/www.studiomicali.com\/wp-content\/uploads\/2015\/10\/studio-micali-ico.png\",\"contentUrl\":\"https:\/\/www.studiomicali.com\/wp-content\/uploads\/2015\/10\/studio-micali-ico.png\",\"width\":64,\"height\":64,\"caption\":\"Studio Micali - Servizi di traduzione\"},\"image\":{\"@id\":\"https:\/\/www.studiomicali.com\/#\/schema\/logo\/image\/\"}}]}<\/script>\n<!-- \/ Yoast SEO plugin. -->","yoast_head_json":{"title":"Kontakt Studio Micali \u00dcbersetzungen Milano","description":"Studio Micali befasst sich mit \u00dcbersetzungen in Mailand. Wir sind in der Via Cenisio, 8 - 20154 Milano Tel.\/Fax (0039) 02.66823519. Erfahren Sie mehr \u00fcber unsere \u00dcbersetzungen.","robots":{"index":"index","follow":"follow","max-snippet":"max-snippet:-1","max-image-preview":"max-image-preview:large","max-video-preview":"max-video-preview:-1"},"canonical":"https:\/\/www.studiomicali.com\/de\/kontakt\/","og_locale":"de_DE","og_type":"article","og_title":"Kontakt Studio Micali \u00dcbersetzungen Milano","og_description":"Studio Micali befasst sich mit \u00dcbersetzungen in Mailand. Wir sind in der Via Cenisio, 8 - 20154 Milano Tel.\/Fax (0039) 02.66823519. Erfahren Sie mehr \u00fcber unsere \u00dcbersetzungen.","og_url":"https:\/\/www.studiomicali.com\/de\/kontakt\/","og_site_name":"Studio Micali","article_modified_time":"2021-03-15T11:31:31+00:00","twitter_card":"summary_large_image","twitter_misc":{"Gesch\u00e4tzte Lesezeit":"1\u00a0Minute"},"schema":{"@context":"https:\/\/schema.org","@graph":[{"@type":"WebPage","@id":"https:\/\/www.studiomicali.com\/de\/kontakt\/","url":"https:\/\/www.studiomicali.com\/de\/kontakt\/","name":"Kontakt Studio Micali \u00dcbersetzungen Milano","isPartOf":{"@id":"https:\/\/www.studiomicali.com\/#website"},"datePublished":"2015-10-06T14:29:26+00:00","dateModified":"2021-03-15T11:31:31+00:00","description":"Studio Micali befasst sich mit \u00dcbersetzungen in Mailand. Wir sind in der Via Cenisio, 8 - 20154 Milano Tel.\/Fax (0039) 02.66823519. Erfahren Sie mehr \u00fcber unsere \u00dcbersetzungen.","breadcrumb":{"@id":"https:\/\/www.studiomicali.com\/de\/kontakt\/#breadcrumb"},"inLanguage":"de","potentialAction":[{"@type":"ReadAction","target":["https:\/\/www.studiomicali.com\/de\/kontakt\/"]}]},{"@type":"BreadcrumbList","@id":"https:\/\/www.studiomicali.com\/de\/kontakt\/#breadcrumb","itemListElement":[{"@type":"ListItem","position":1,"name":"Home","item":"https:\/\/www.studiomicali.com\/de\/"},{"@type":"ListItem","position":2,"name":"Kontakt"}]},{"@type":"WebSite","@id":"https:\/\/www.studiomicali.com\/#website","url":"https:\/\/www.studiomicali.com\/","name":"Studio Micali","description":"","publisher":{"@id":"https:\/\/www.studiomicali.com\/#organization"},"potentialAction":[{"@type":"SearchAction","target":{"@type":"EntryPoint","urlTemplate":"https:\/\/www.studiomicali.com\/?s={search_term_string}"},"query-input":{"@type":"PropertyValueSpecification","valueRequired":true,"valueName":"search_term_string"}}],"inLanguage":"de"},{"@type":"Organization","@id":"https:\/\/www.studiomicali.com\/#organization","name":"Studio Micali - Servizi di traduzione","url":"https:\/\/www.studiomicali.com\/","logo":{"@type":"ImageObject","inLanguage":"de","@id":"https:\/\/www.studiomicali.com\/#\/schema\/logo\/image\/","url":"https:\/\/www.studiomicali.com\/wp-content\/uploads\/2015\/10\/studio-micali-ico.png","contentUrl":"https:\/\/www.studiomicali.com\/wp-content\/uploads\/2015\/10\/studio-micali-ico.png","width":64,"height":64,"caption":"Studio Micali - Servizi di traduzione"},"image":{"@id":"https:\/\/www.studiomicali.com\/#\/schema\/logo\/image\/"}}]}},"_links":{"self":[{"href":"https:\/\/www.studiomicali.com\/de\/wp-json\/wp\/v2\/pages\/543","targetHints":{"allow":["GET"]}}],"collection":[{"href":"https:\/\/www.studiomicali.com\/de\/wp-json\/wp\/v2\/pages"}],"about":[{"href":"https:\/\/www.studiomicali.com\/de\/wp-json\/wp\/v2\/types\/page"}],"author":[{"embeddable":true,"href":"https:\/\/www.studiomicali.com\/de\/wp-json\/wp\/v2\/users\/1"}],"replies":[{"embeddable":true,"href":"https:\/\/www.studiomicali.com\/de\/wp-json\/wp\/v2\/comments?post=543"}],"version-history":[{"count":3,"href":"https:\/\/www.studiomicali.com\/de\/wp-json\/wp\/v2\/pages\/543\/revisions"}],"predecessor-version":[{"id":740,"href":"https:\/\/www.studiomicali.com\/de\/wp-json\/wp\/v2\/pages\/543\/revisions\/740"}],"wp:attachment":[{"href":"https:\/\/www.studiomicali.com\/de\/wp-json\/wp\/v2\/media?parent=543"}],"curies":[{"name":"wp","href":"https:\/\/api.w.org\/{rel}","templated":true}]}}