{"id":316,"date":"2015-10-05T13:47:01","date_gmt":"2015-10-05T11:47:01","guid":{"rendered":"http:\/\/www.studiomicali.com\/fr\/chi-siamo\/"},"modified":"2015-11-26T15:14:19","modified_gmt":"2015-11-26T14:14:19","slug":"qui-sommes-nous","status":"publish","type":"page","link":"https:\/\/www.studiomicali.com\/fr\/qui-sommes-nous\/","title":{"rendered":"QUI SOMMES NOUS?"},"content":{"rendered":"\n<style type=\"text\/css\" data-created_by=\"avia_inline_auto\" id=\"style-css-av-av_section-35bac09303c1cb06661e7df75a47e0ff\">\n.avia-section.av-av_section-35bac09303c1cb06661e7df75a47e0ff{\nbackground-repeat:no-repeat;\nbackground-image:url(https:\/\/www.studiomicali.com\/wp-content\/uploads\/2015\/10\/traduzioni-milano.jpg);\nbackground-position:50% 0%;\nbackground-attachment:fixed;\n}\n.avia-section.av-av_section-35bac09303c1cb06661e7df75a47e0ff .av-extra-border-element .av-extra-border-inner{\nbackground-color:#f8f8f8;\n}\n<\/style>\n<div id='av_section_1'  class='avia-section av-av_section-35bac09303c1cb06661e7df75a47e0ff main_color avia-section-large avia-no-shadow  avia-builder-el-0  el_before_av_one_full  avia-builder-el-first  avia-full-stretch avia-bg-style-fixed av-arrow-down-section av-minimum-height av-minimum-height-custom av-height-custom  container_wrap sidebar_right'  data-section-bg-repeat='stretch' data-av_minimum_height_px='500'><div class='container av-section-cont-open' style='height:500px'><main  role=\"main\" itemprop=\"mainContentOfPage\"  class='template-page content  av-content-small alpha units'><div class='post-entry post-entry-type-page post-entry-316'><div class='entry-content-wrapper clearfix'><\/div><\/div><\/main><!-- close content main element --><\/div><div class='av-extra-border-element border-extra-arrow-down'><div class='av-extra-border-outer'><div class='av-extra-border-inner'><\/div><\/div><\/div><\/div><div id='after_section_1'  class='main_color av_default_container_wrap container_wrap sidebar_right'  ><div class='container av-section-cont-open' ><div class='template-page content  av-content-small alpha units'><div class='post-entry post-entry-type-page post-entry-316'><div class='entry-content-wrapper clearfix'>\n\n<style type=\"text\/css\" data-created_by=\"avia_inline_auto\" id=\"style-css-av-av_one_full-8c8acfc9aad294c299e6d11f42857933\">\n.flex_column.av-av_one_full-8c8acfc9aad294c299e6d11f42857933{\nborder-radius:0px 0px 0px 0px;\npadding:0 0 0 0;\n}\n<\/style>\n<div  class='flex_column av-av_one_full-8c8acfc9aad294c299e6d11f42857933 av_one_full  avia-builder-el-1  el_after_av_section  el_before_av_section  avia-builder-el-no-sibling  first flex_column_div av-zero-column-padding  '     ><p>\n<style type=\"text\/css\" data-created_by=\"avia_inline_auto\" id=\"style-css-av-av_heading-a08698b945c9726ae1f16c751fc3806c\">\n#top .av-special-heading.av-av_heading-a08698b945c9726ae1f16c751fc3806c{\npadding-bottom:10px;\nfont-size:40px;\n}\nbody .av-special-heading.av-av_heading-a08698b945c9726ae1f16c751fc3806c .av-special-heading-tag .heading-char{\nfont-size:25px;\n}\n#top #wrap_all .av-special-heading.av-av_heading-a08698b945c9726ae1f16c751fc3806c .av-special-heading-tag{\nfont-size:40px;\n}\n.av-special-heading.av-av_heading-a08698b945c9726ae1f16c751fc3806c .av-subheading{\nfont-size:15px;\n}\n\n@media only screen and (min-width: 480px) and (max-width: 767px){ \n#top #wrap_all .av-special-heading.av-av_heading-a08698b945c9726ae1f16c751fc3806c .av-special-heading-tag{\nfont-size:0.8em;\n}\n}\n\n@media only screen and (max-width: 479px){ \n#top #wrap_all .av-special-heading.av-av_heading-a08698b945c9726ae1f16c751fc3806c .av-special-heading-tag{\nfont-size:0.8em;\n}\n}\n<\/style>\n<div  class='av-special-heading av-av_heading-a08698b945c9726ae1f16c751fc3806c av-special-heading-h1 blockquote modern-quote modern-centered  avia-builder-el-2  el_before_av_hr  avia-builder-el-first  av-inherit-size'><h1 class='av-special-heading-tag '  itemprop=\"headline\"  >Qui sommes-nous?<\/h1><div class=\"special-heading-border\"><div class=\"special-heading-inner-border\"><\/div><\/div><\/div><br \/>\n\n<style type=\"text\/css\" data-created_by=\"avia_inline_auto\" id=\"style-css-av-av_hr-0dda62e92981490d17f79342809bdc13\">\n#top .hr.av-av_hr-0dda62e92981490d17f79342809bdc13{\nmargin-top:15px;\nmargin-bottom:15px;\n}\n.hr.av-av_hr-0dda62e92981490d17f79342809bdc13 .hr-inner{\nwidth:100px;\nborder-color:#6786a1;\nmax-width:45%;\n}\n.hr.av-av_hr-0dda62e92981490d17f79342809bdc13 .av-seperator-icon{\ncolor:#6786a1;\n}\n.hr.av-av_hr-0dda62e92981490d17f79342809bdc13 .av-seperator-icon.avia-svg-icon svg:first-child{\nfill:#6786a1;\nstroke:#6786a1;\n}\n<\/style>\n<div  class='hr av-av_hr-0dda62e92981490d17f79342809bdc13 hr-custom  avia-builder-el-3  el_after_av_heading  el_before_av_textblock  hr-center hr-icon-yes'><span class='hr-inner inner-border-av-border-thin'><span class=\"hr-inner-style\"><\/span><\/span><span class='av-seperator-icon avia-iconfont avia-font-entypo-fontello' data-av_icon='\ue8b1' data-av_iconfont='entypo-fontello' ><\/span><span class='hr-inner inner-border-av-border-thin'><span class=\"hr-inner-style\"><\/span><\/span><\/div><br \/>\n<section  class='av_textblock_section av-av_textblock-0366cc7376be6c9e82a3e9cc8987b64f '   itemscope=\"itemscope\" itemtype=\"https:\/\/schema.org\/CreativeWork\" ><div class='avia_textblock'  itemprop=\"text\" ><p style=\"text-align: center;\">Nous sommes un cabinet professionnel utilisant une m\u00e9thode de travail bas\u00e9e sur les connaissances linguistiques et r\u00e9dactionnelles de locuteurs de langue maternelle, sur les comp\u00e9tences techniques sp\u00e9cifiques et sur l\u2019exp\u00e9rience concr\u00e8te acquise au fil des ans \u201csur le terrain\u201d au contact direct de diff\u00e9rentes r\u00e9alit\u00e9s industrielles et \u2018technologiques soit au niveau national qu\u2019international et en mesure d\u2019offrir une gamme de services aux entreprises compl\u00e8te, soign\u00e9e, r\u00e9pondant aux besoins et d\u2019excellente qualit\u00e9.<\/p>\n<\/div><\/section><\/p><\/div><\/div><\/div><\/div><!-- close content main div --><\/div><\/div>\n<style type=\"text\/css\" data-created_by=\"avia_inline_auto\" id=\"style-css-av-av_section-228aec2b744d49d1cc9066754ac221b1\">\n.avia-section.av-av_section-228aec2b744d49d1cc9066754ac221b1{\nbackground-repeat:no-repeat;\nbackground-image:url(https:\/\/www.studiomicali.com\/wp-content\/uploads\/2015\/10\/traduzioni-milano.jpg);\nbackground-position:50% 50%;\nbackground-attachment:fixed;\n}\n<\/style>\n<div id='av_section_2'  class='avia-section av-av_section-228aec2b744d49d1cc9066754ac221b1 main_color avia-section-default avia-no-shadow  avia-builder-el-5  el_after_av_one_full  avia-builder-el-last  avia-full-stretch avia-bg-style-fixed container_wrap sidebar_right'  data-section-bg-repeat='stretch'><div class='container av-section-cont-open' ><div class='template-page content  av-content-small alpha units'><div class='post-entry post-entry-type-page post-entry-316'><div class='entry-content-wrapper clearfix'>\n\n<style type=\"text\/css\" data-created_by=\"avia_inline_auto\" id=\"style-css-av-av_one_half-352b07ef7d3bc99b2e9f92e7a9e06bdb\">\n.flex_column.av-av_one_half-352b07ef7d3bc99b2e9f92e7a9e06bdb{\nborder-radius:0px 0px 0px 0px;\npadding:0px 0px 0px 0px;\n}\n<\/style>\n<div  class='flex_column av-av_one_half-352b07ef7d3bc99b2e9f92e7a9e06bdb av_one_half  avia-builder-el-6  el_before_av_one_half  avia-builder-el-first  first flex_column_div av-zero-column-padding  '     ><\/div>\n<style type=\"text\/css\" data-created_by=\"avia_inline_auto\" id=\"style-css-av-av_one_half-4e2700ee963d0c05ad7a4af57d3151bb\">\n.flex_column.av-av_one_half-4e2700ee963d0c05ad7a4af57d3151bb{\nborder-radius:0px 0px 0px 0px;\npadding:30px 30px 30px 30px;\nbackground-color:rgba(255,255,255,0.95);\n}\n<\/style>\n<div  class='flex_column av-av_one_half-4e2700ee963d0c05ad7a4af57d3151bb av_one_half  avia-builder-el-7  el_after_av_one_half  avia-builder-el-last  flex_column_div  '     ><p><section  class='av_textblock_section av-av_textblock-19a12f198b1da2c3944a3b081a9efba9 '   itemscope=\"itemscope\" itemtype=\"https:\/\/schema.org\/CreativeWork\" ><div class='avia_textblock av_inherit_color'  itemprop=\"text\" ><p>Tout en garantissant la plus grande confidentialit\u00e9, le cabinet MICALI met \u00e0 disposition tout son savoir faire en personnalisant ses interventions et ses conseils afin de r\u00e9pondre parfaitement \u00e0 toutes vos n\u00e9cessit\u00e9s de quelque nature que ce soit et est sp\u00e9cialis\u00e9 dans la prestation de services de conseils aux entreprises priv\u00e9es tels que<\/p>\n<\/div><\/section><br \/>\n<section  class='av_textblock_section av-av_textblock-0366cc7376be6c9e82a3e9cc8987b64f '   itemscope=\"itemscope\" itemtype=\"https:\/\/schema.org\/CreativeWork\" ><div class='avia_textblock'  itemprop=\"text\" ><ul>\n<li>Traductions techniques et commerciales<\/li>\n<li>Conseils techniques<\/li>\n<li>Syst\u00e8mes qualit\u00e9<\/li>\n<li>S\u00e9curit\u00e9, environnement<\/li>\n<li>Conception graphique<\/li>\n<li>Assistance pr\u00e9paration\/participation \u00e0 foires<\/li>\n<li>Management de projet<\/li>\n<li>Ing\u00e9nierie industrielle<\/li>\n<li>Marketing<\/li>\n<li>Cr\u00e9ation de sites internet<\/li>\n<li>\u00c9v\u00e8nements d\u2019entreprise<\/li>\n<\/ul>\n<\/div><\/section><\/p><\/div><\/div><\/div><\/div><!-- close content main div --><\/div><\/div><div id='after_section_2'  class='main_color av_default_container_wrap container_wrap sidebar_right'  ><div class='container av-section-cont-open' ><div class='template-page content  av-content-small alpha units'><div class='post-entry post-entry-type-page post-entry-316'><div class='entry-content-wrapper clearfix'><\/p>\n","protected":false},"excerpt":{"rendered":"","protected":false},"author":1,"featured_media":0,"parent":0,"menu_order":0,"comment_status":"closed","ping_status":"closed","template":"","meta":{"footnotes":""},"class_list":["post-316","page","type-page","status-publish","hentry"],"yoast_head":"<!-- This site is optimized with the Yoast SEO plugin v27.2 - https:\/\/yoast.com\/product\/yoast-seo-wordpress\/ -->\n<title>connaissances linguistiques in Milan<\/title>\n<meta name=\"description\" content=\"e cabinet MICALI met \u00e0 disposition tout son savoir faire en personnalisant ses interventions et ses conseils afin de r\u00e9pondre parfaitement \u00e0 toutes vos n\u00e9cessit\u00e9s\" \/>\n<meta name=\"robots\" content=\"index, follow, max-snippet:-1, max-image-preview:large, max-video-preview:-1\" \/>\n<link rel=\"canonical\" href=\"https:\/\/www.studiomicali.com\/fr\/qui-sommes-nous\/\" \/>\n<meta property=\"og:locale\" content=\"fr_FR\" \/>\n<meta property=\"og:type\" content=\"article\" \/>\n<meta property=\"og:title\" content=\"connaissances linguistiques in Milan\" \/>\n<meta property=\"og:description\" content=\"e cabinet MICALI met \u00e0 disposition tout son savoir faire en personnalisant ses interventions et ses conseils afin de r\u00e9pondre parfaitement \u00e0 toutes vos n\u00e9cessit\u00e9s\" \/>\n<meta property=\"og:url\" content=\"https:\/\/www.studiomicali.com\/fr\/qui-sommes-nous\/\" \/>\n<meta property=\"og:site_name\" content=\"Studio Micali\" \/>\n<meta property=\"article:modified_time\" content=\"2015-11-26T14:14:19+00:00\" \/>\n<meta name=\"twitter:card\" content=\"summary_large_image\" \/>\n<meta name=\"twitter:label1\" content=\"Dur\u00e9e de lecture estim\u00e9e\" \/>\n\t<meta name=\"twitter:data1\" content=\"3 minutes\" \/>\n<script type=\"application\/ld+json\" class=\"yoast-schema-graph\">{\"@context\":\"https:\/\/schema.org\",\"@graph\":[{\"@type\":\"WebPage\",\"@id\":\"https:\/\/www.studiomicali.com\/fr\/qui-sommes-nous\/\",\"url\":\"https:\/\/www.studiomicali.com\/fr\/qui-sommes-nous\/\",\"name\":\"connaissances linguistiques in Milan\",\"isPartOf\":{\"@id\":\"https:\/\/www.studiomicali.com\/#website\"},\"datePublished\":\"2015-10-05T11:47:01+00:00\",\"dateModified\":\"2015-11-26T14:14:19+00:00\",\"description\":\"e cabinet MICALI met \u00e0 disposition tout son savoir faire en personnalisant ses interventions et ses conseils afin de r\u00e9pondre parfaitement \u00e0 toutes vos n\u00e9cessit\u00e9s\",\"breadcrumb\":{\"@id\":\"https:\/\/www.studiomicali.com\/fr\/qui-sommes-nous\/#breadcrumb\"},\"inLanguage\":\"fr-FR\",\"potentialAction\":[{\"@type\":\"ReadAction\",\"target\":[\"https:\/\/www.studiomicali.com\/fr\/qui-sommes-nous\/\"]}]},{\"@type\":\"BreadcrumbList\",\"@id\":\"https:\/\/www.studiomicali.com\/fr\/qui-sommes-nous\/#breadcrumb\",\"itemListElement\":[{\"@type\":\"ListItem\",\"position\":1,\"name\":\"Home\",\"item\":\"https:\/\/www.studiomicali.com\/fr\/\"},{\"@type\":\"ListItem\",\"position\":2,\"name\":\"QUI SOMMES NOUS?\"}]},{\"@type\":\"WebSite\",\"@id\":\"https:\/\/www.studiomicali.com\/#website\",\"url\":\"https:\/\/www.studiomicali.com\/\",\"name\":\"Studio Micali\",\"description\":\"\",\"publisher\":{\"@id\":\"https:\/\/www.studiomicali.com\/#organization\"},\"potentialAction\":[{\"@type\":\"SearchAction\",\"target\":{\"@type\":\"EntryPoint\",\"urlTemplate\":\"https:\/\/www.studiomicali.com\/?s={search_term_string}\"},\"query-input\":{\"@type\":\"PropertyValueSpecification\",\"valueRequired\":true,\"valueName\":\"search_term_string\"}}],\"inLanguage\":\"fr-FR\"},{\"@type\":\"Organization\",\"@id\":\"https:\/\/www.studiomicali.com\/#organization\",\"name\":\"Studio Micali - Servizi di traduzione\",\"url\":\"https:\/\/www.studiomicali.com\/\",\"logo\":{\"@type\":\"ImageObject\",\"inLanguage\":\"fr-FR\",\"@id\":\"https:\/\/www.studiomicali.com\/#\/schema\/logo\/image\/\",\"url\":\"https:\/\/www.studiomicali.com\/wp-content\/uploads\/2015\/10\/studio-micali-ico.png\",\"contentUrl\":\"https:\/\/www.studiomicali.com\/wp-content\/uploads\/2015\/10\/studio-micali-ico.png\",\"width\":64,\"height\":64,\"caption\":\"Studio Micali - Servizi di traduzione\"},\"image\":{\"@id\":\"https:\/\/www.studiomicali.com\/#\/schema\/logo\/image\/\"}}]}<\/script>\n<!-- \/ Yoast SEO plugin. -->","yoast_head_json":{"title":"connaissances linguistiques in Milan","description":"e cabinet MICALI met \u00e0 disposition tout son savoir faire en personnalisant ses interventions et ses conseils afin de r\u00e9pondre parfaitement \u00e0 toutes vos n\u00e9cessit\u00e9s","robots":{"index":"index","follow":"follow","max-snippet":"max-snippet:-1","max-image-preview":"max-image-preview:large","max-video-preview":"max-video-preview:-1"},"canonical":"https:\/\/www.studiomicali.com\/fr\/qui-sommes-nous\/","og_locale":"fr_FR","og_type":"article","og_title":"connaissances linguistiques in Milan","og_description":"e cabinet MICALI met \u00e0 disposition tout son savoir faire en personnalisant ses interventions et ses conseils afin de r\u00e9pondre parfaitement \u00e0 toutes vos n\u00e9cessit\u00e9s","og_url":"https:\/\/www.studiomicali.com\/fr\/qui-sommes-nous\/","og_site_name":"Studio Micali","article_modified_time":"2015-11-26T14:14:19+00:00","twitter_card":"summary_large_image","twitter_misc":{"Dur\u00e9e de lecture estim\u00e9e":"3 minutes"},"schema":{"@context":"https:\/\/schema.org","@graph":[{"@type":"WebPage","@id":"https:\/\/www.studiomicali.com\/fr\/qui-sommes-nous\/","url":"https:\/\/www.studiomicali.com\/fr\/qui-sommes-nous\/","name":"connaissances linguistiques in Milan","isPartOf":{"@id":"https:\/\/www.studiomicali.com\/#website"},"datePublished":"2015-10-05T11:47:01+00:00","dateModified":"2015-11-26T14:14:19+00:00","description":"e cabinet MICALI met \u00e0 disposition tout son savoir faire en personnalisant ses interventions et ses conseils afin de r\u00e9pondre parfaitement \u00e0 toutes vos n\u00e9cessit\u00e9s","breadcrumb":{"@id":"https:\/\/www.studiomicali.com\/fr\/qui-sommes-nous\/#breadcrumb"},"inLanguage":"fr-FR","potentialAction":[{"@type":"ReadAction","target":["https:\/\/www.studiomicali.com\/fr\/qui-sommes-nous\/"]}]},{"@type":"BreadcrumbList","@id":"https:\/\/www.studiomicali.com\/fr\/qui-sommes-nous\/#breadcrumb","itemListElement":[{"@type":"ListItem","position":1,"name":"Home","item":"https:\/\/www.studiomicali.com\/fr\/"},{"@type":"ListItem","position":2,"name":"QUI SOMMES NOUS?"}]},{"@type":"WebSite","@id":"https:\/\/www.studiomicali.com\/#website","url":"https:\/\/www.studiomicali.com\/","name":"Studio Micali","description":"","publisher":{"@id":"https:\/\/www.studiomicali.com\/#organization"},"potentialAction":[{"@type":"SearchAction","target":{"@type":"EntryPoint","urlTemplate":"https:\/\/www.studiomicali.com\/?s={search_term_string}"},"query-input":{"@type":"PropertyValueSpecification","valueRequired":true,"valueName":"search_term_string"}}],"inLanguage":"fr-FR"},{"@type":"Organization","@id":"https:\/\/www.studiomicali.com\/#organization","name":"Studio Micali - Servizi di traduzione","url":"https:\/\/www.studiomicali.com\/","logo":{"@type":"ImageObject","inLanguage":"fr-FR","@id":"https:\/\/www.studiomicali.com\/#\/schema\/logo\/image\/","url":"https:\/\/www.studiomicali.com\/wp-content\/uploads\/2015\/10\/studio-micali-ico.png","contentUrl":"https:\/\/www.studiomicali.com\/wp-content\/uploads\/2015\/10\/studio-micali-ico.png","width":64,"height":64,"caption":"Studio Micali - Servizi di traduzione"},"image":{"@id":"https:\/\/www.studiomicali.com\/#\/schema\/logo\/image\/"}}]}},"_links":{"self":[{"href":"https:\/\/www.studiomicali.com\/fr\/wp-json\/wp\/v2\/pages\/316","targetHints":{"allow":["GET"]}}],"collection":[{"href":"https:\/\/www.studiomicali.com\/fr\/wp-json\/wp\/v2\/pages"}],"about":[{"href":"https:\/\/www.studiomicali.com\/fr\/wp-json\/wp\/v2\/types\/page"}],"author":[{"embeddable":true,"href":"https:\/\/www.studiomicali.com\/fr\/wp-json\/wp\/v2\/users\/1"}],"replies":[{"embeddable":true,"href":"https:\/\/www.studiomicali.com\/fr\/wp-json\/wp\/v2\/comments?post=316"}],"version-history":[{"count":3,"href":"https:\/\/www.studiomicali.com\/fr\/wp-json\/wp\/v2\/pages\/316\/revisions"}],"predecessor-version":[{"id":326,"href":"https:\/\/www.studiomicali.com\/fr\/wp-json\/wp\/v2\/pages\/316\/revisions\/326"}],"wp:attachment":[{"href":"https:\/\/www.studiomicali.com\/fr\/wp-json\/wp\/v2\/media?parent=316"}],"curies":[{"name":"wp","href":"https:\/\/api.w.org\/{rel}","templated":true}]}}