{"id":327,"date":"2015-10-06T15:41:03","date_gmt":"2015-10-06T13:41:03","guid":{"rendered":"http:\/\/www.studiomicali.com\/fr\/lingue-offerte\/"},"modified":"2015-11-26T15:17:57","modified_gmt":"2015-11-26T14:17:57","slug":"langues","status":"publish","type":"page","link":"https:\/\/www.studiomicali.com\/fr\/langues\/","title":{"rendered":"LANGUES"},"content":{"rendered":"\n<style type=\"text\/css\" data-created_by=\"avia_inline_auto\" id=\"style-css-av-av_section-d5e18e74c0e3dd76cc60c68a9822487a\">\n.avia-section.av-av_section-d5e18e74c0e3dd76cc60c68a9822487a{\nbackground-repeat:no-repeat;\nbackground-image:url(https:\/\/www.studiomicali.com\/wp-content\/uploads\/2015\/10\/traduzioni-lingue-milano.jpg);\nbackground-position:50% 50%;\nbackground-attachment:fixed;\n}\n.avia-section.av-av_section-d5e18e74c0e3dd76cc60c68a9822487a .av-extra-border-element .av-extra-border-inner{\nbackground-color:#f8f8f8;\n}\n<\/style>\n<div id='av_section_1'  class='avia-section av-av_section-d5e18e74c0e3dd76cc60c68a9822487a main_color avia-section-large avia-no-shadow  avia-builder-el-0  el_before_av_one_full  avia-builder-el-first  avia-full-stretch avia-bg-style-fixed av-arrow-down-section av-minimum-height av-minimum-height-custom av-height-custom  container_wrap sidebar_right'  data-section-bg-repeat='stretch' data-av_minimum_height_px='500'><div class='container av-section-cont-open' style='height:500px'><main  role=\"main\" itemprop=\"mainContentOfPage\"  class='template-page content  av-content-small alpha units'><div class='post-entry post-entry-type-page post-entry-327'><div class='entry-content-wrapper clearfix'><\/div><\/div><\/main><!-- close content main element --><\/div><div class='av-extra-border-element border-extra-arrow-down'><div class='av-extra-border-outer'><div class='av-extra-border-inner'><\/div><\/div><\/div><\/div><div id='after_section_1'  class='main_color av_default_container_wrap container_wrap sidebar_right'  ><div class='container av-section-cont-open' ><div class='template-page content  av-content-small alpha units'><div class='post-entry post-entry-type-page post-entry-327'><div class='entry-content-wrapper clearfix'>\n\n<style type=\"text\/css\" data-created_by=\"avia_inline_auto\" id=\"style-css-av-av_one_full-8c8acfc9aad294c299e6d11f42857933\">\n.flex_column.av-av_one_full-8c8acfc9aad294c299e6d11f42857933{\nborder-radius:0px 0px 0px 0px;\npadding:0 0 0 0;\n}\n<\/style>\n<div  class='flex_column av-av_one_full-8c8acfc9aad294c299e6d11f42857933 av_one_full  avia-builder-el-1  el_after_av_section  el_before_av_section  avia-builder-el-no-sibling  first flex_column_div av-zero-column-padding  '     ><p>\n<style type=\"text\/css\" data-created_by=\"avia_inline_auto\" id=\"style-css-av-av_heading-a781ec2f8aac8dc726ac7a564eb7294b\">\n#top .av-special-heading.av-av_heading-a781ec2f8aac8dc726ac7a564eb7294b{\npadding-bottom:10px;\nfont-size:40px;\n}\nbody .av-special-heading.av-av_heading-a781ec2f8aac8dc726ac7a564eb7294b .av-special-heading-tag .heading-char{\nfont-size:25px;\n}\n#top #wrap_all .av-special-heading.av-av_heading-a781ec2f8aac8dc726ac7a564eb7294b .av-special-heading-tag{\nfont-size:40px;\n}\n.av-special-heading.av-av_heading-a781ec2f8aac8dc726ac7a564eb7294b .av-subheading{\nfont-size:15px;\n}\n\n@media only screen and (min-width: 480px) and (max-width: 767px){ \n#top #wrap_all .av-special-heading.av-av_heading-a781ec2f8aac8dc726ac7a564eb7294b .av-special-heading-tag{\nfont-size:0.8em;\n}\n}\n\n@media only screen and (max-width: 479px){ \n#top #wrap_all .av-special-heading.av-av_heading-a781ec2f8aac8dc726ac7a564eb7294b .av-special-heading-tag{\nfont-size:0.8em;\n}\n}\n<\/style>\n<div  class='av-special-heading av-av_heading-a781ec2f8aac8dc726ac7a564eb7294b av-special-heading-h1 blockquote modern-quote modern-centered  avia-builder-el-2  el_before_av_hr  avia-builder-el-first  av-inherit-size'><h1 class='av-special-heading-tag '  itemprop=\"headline\"  >LANGUES<\/h1><div class=\"special-heading-border\"><div class=\"special-heading-inner-border\"><\/div><\/div><\/div><br \/>\n\n<style type=\"text\/css\" data-created_by=\"avia_inline_auto\" id=\"style-css-av-av_hr-0dda62e92981490d17f79342809bdc13\">\n#top .hr.av-av_hr-0dda62e92981490d17f79342809bdc13{\nmargin-top:15px;\nmargin-bottom:15px;\n}\n.hr.av-av_hr-0dda62e92981490d17f79342809bdc13 .hr-inner{\nwidth:100px;\nborder-color:#6786a1;\nmax-width:45%;\n}\n.hr.av-av_hr-0dda62e92981490d17f79342809bdc13 .av-seperator-icon{\ncolor:#6786a1;\n}\n.hr.av-av_hr-0dda62e92981490d17f79342809bdc13 .av-seperator-icon.avia-svg-icon svg:first-child{\nfill:#6786a1;\nstroke:#6786a1;\n}\n<\/style>\n<div  class='hr av-av_hr-0dda62e92981490d17f79342809bdc13 hr-custom  avia-builder-el-3  el_after_av_heading  el_before_av_textblock  hr-center hr-icon-yes'><span class='hr-inner inner-border-av-border-thin'><span class=\"hr-inner-style\"><\/span><\/span><span class='av-seperator-icon avia-iconfont avia-font-entypo-fontello' data-av_icon='\ue8b1' data-av_iconfont='entypo-fontello' ><\/span><span class='hr-inner inner-border-av-border-thin'><span class=\"hr-inner-style\"><\/span><\/span><\/div><br \/>\n<section  class='av_textblock_section av-av_textblock-0366cc7376be6c9e82a3e9cc8987b64f '   itemscope=\"itemscope\" itemtype=\"https:\/\/schema.org\/CreativeWork\" ><div class='avia_textblock'  itemprop=\"text\" ><p style=\"text-align: center;\">Nous faisons des traductions m\u00eame multilingues dans toutes les langues europ\u00e9ennes et<br \/>\ndans les langues extra europ\u00e9ennes telles que le chinois, le japonais, le cor\u00e9en<br \/>\nl\u2019indon\u00e9sien ou l\u2019arabe.<\/p>\n<p style=\"text-align: center;\">Nous disposons d\u2019une \u00e9quipe de traducteurs professionnels chevronn\u00e9s de langue maternelle qui poss\u00e8dent une exp\u00e9rience de plusieurs ann\u00e9es et une sp\u00e9cialisation dans les diff\u00e9rents domaines d\u2019activit\u00e9<\/p>\n<\/div><\/section><br \/>\n<section  class='av_textblock_section av-av_textblock-19a12f198b1da2c3944a3b081a9efba9 '   itemscope=\"itemscope\" itemtype=\"https:\/\/schema.org\/CreativeWork\" ><div class='avia_textblock av_inherit_color'  itemprop=\"text\" ><h3 style=\"text-align: center;\">L\u2019excellent niveau de pr\u00e9paration,, la comp\u00e9tence et les instruments techniques utilis\u00e9s dans l\u2019exercice de notre activit\u00e9 nous permettent d\u2019offrir des traductions de haute qualit\u00e9 dans les combinaisons linguistiques suivantes<\/h3>\n<\/div><\/section><\/p><\/div><\/div><\/div><\/div><!-- close content main div --><\/div><\/div>\n<style type=\"text\/css\" data-created_by=\"avia_inline_auto\" id=\"style-css-av-av_section-5f3dcba65e4df24c43c79a628d9408d8\">\n.avia-section.av-av_section-5f3dcba65e4df24c43c79a628d9408d8{\nbackground-repeat:no-repeat;\nbackground-image:url(https:\/\/www.studiomicali.com\/wp-content\/uploads\/2015\/10\/traduzioni-lingue-milano.jpg);\nbackground-position:50% 50%;\nbackground-attachment:fixed;\n}\n<\/style>\n<div id='av_section_2'  class='avia-section av-av_section-5f3dcba65e4df24c43c79a628d9408d8 main_color avia-section-default avia-no-shadow  avia-builder-el-6  el_after_av_one_full  el_before_av_promobox  avia-full-stretch avia-bg-style-fixed container_wrap sidebar_right'  data-section-bg-repeat='stretch'><div class='container av-section-cont-open' ><div class='template-page content  av-content-small alpha units'><div class='post-entry post-entry-type-page post-entry-327'><div class='entry-content-wrapper clearfix'>\n\n<style type=\"text\/css\" data-created_by=\"avia_inline_auto\" id=\"style-css-av-av_one_third-7bb0d0f43d7faa4268dc7d8bbb2e2982\">\n.flex_column.av-av_one_third-7bb0d0f43d7faa4268dc7d8bbb2e2982{\nborder-radius:0px 0px 0px 0px;\npadding:30px 30px 30px 30px;\nbackground-color:rgba(255,255,255,0.95);\n}\n<\/style>\n<div  class='flex_column av-av_one_third-7bb0d0f43d7faa4268dc7d8bbb2e2982 av_one_third  avia-builder-el-7  el_before_av_one_third  avia-builder-el-first  first flex_column_div  '     ><section  class='av_textblock_section av-av_textblock-19a12f198b1da2c3944a3b081a9efba9 '   itemscope=\"itemscope\" itemtype=\"https:\/\/schema.org\/CreativeWork\" ><div class='avia_textblock av_inherit_color'  itemprop=\"text\" ><p>TALIEN &#8211; ARABE<br \/>\nITALIEN &#8211; BULGARE<br \/>\nITALIEN &#8211; TCH\u00c8QUE<br \/>\nITALIEN &#8211; CHINOIS<br \/>\nITALIAN &#8211; COR\u00c9EN<br \/>\nITALIEN &#8211; CROATE<br \/>\nITALIEN &#8211; DANOIS<br \/>\nITALIEN &#8211; ESTONIEN<br \/>\nITALIEN &#8211; FINLANDAIS<br \/>\nITALIEN &#8211; FRAN\u00c7AIS<br \/>\nITALIEN &#8211; JAPONAIS<br \/>\nITALIEN &#8211; GREC<br \/>\nITALIEN &#8211; INDON\u00c9SIEN<br \/>\nITALIEN &#8211; ANGLAIS<br \/>\nITALIEN &#8211; IRLANDAIS<br \/>\nITALIEN &#8211; LETTON<br \/>\nITALIEN &#8211; LITHUANIEN<br \/>\nITALIEN &#8211; MALTAIS<br \/>\nITALIEN &#8211; NORV\u00c9GIEN<br \/>\nITALIEN &#8211; HOLLANDAIS<br \/>\nITALIEN &#8211; POLONAIS<br \/>\nITALIEN &#8211; PORTUGAIS<br \/>\nITALIEN &#8211; ROUMAIN<br \/>\nITALIEN &#8211; RUSSE<br \/>\nITALIEN &#8211; SLOVAQUE<br \/>\nITALIEN &#8211; SLOV\u00c8NE<br \/>\nITALIEN &#8211; ESPAGNOL<br \/>\nITALIEN &#8211; SU\u00c9DOIS<br \/>\nITALIEN &#8211; ALLEMAND<br \/>\nITALIEN &#8211; TURC<br \/>\nITALIEN &#8211; HONGROIS<\/p>\n<\/div><\/section><\/div>\n<style type=\"text\/css\" data-created_by=\"avia_inline_auto\" id=\"style-css-av-av_one_third-4e2700ee963d0c05ad7a4af57d3151bb\">\n.flex_column.av-av_one_third-4e2700ee963d0c05ad7a4af57d3151bb{\nborder-radius:0px 0px 0px 0px;\npadding:30px 30px 30px 30px;\nbackground-color:rgba(255,255,255,0.95);\n}\n<\/style>\n<div  class='flex_column av-av_one_third-4e2700ee963d0c05ad7a4af57d3151bb av_one_third  avia-builder-el-9  el_after_av_one_third  el_before_av_one_third  flex_column_div  '     ><section  class='av_textblock_section av-av_textblock-19a12f198b1da2c3944a3b081a9efba9 '   itemscope=\"itemscope\" itemtype=\"https:\/\/schema.org\/CreativeWork\" ><div class='avia_textblock av_inherit_color'  itemprop=\"text\" ><p>ALLEMAND &#8211; ARABE<br \/>\nALLEMAND &#8211; BULGARE<br \/>\nALLEMAND &#8211; TCH\u00c8QUE<br \/>\nALLEMAND &#8211; CHINOIS<br \/>\nALLEMAND &#8211; COR\u00c9EN<br \/>\nALLEMAND &#8211; CROATE<br \/>\nALLEMAND \u2013 DANOIS<br \/>\nALLEMAND &#8211; ESTONIEN<br \/>\nALLEMAND \u2013 FINLANDAIS<br \/>\nALLEMAND &#8211; FRAN\u00c7AIS<br \/>\nALLEMAND &#8211; JAPONAIS<br \/>\nALLEMAND &#8211; GREC<br \/>\nALLEMAND &#8211; INDON\u00c9SIEN<br \/>\nALLEMAND &#8211; ANGLAIS<br \/>\nALLEMAND &#8211; IRLANDAIS<br \/>\nALLEMAND &#8211; ITALIEN<br \/>\nALLEMAND &#8211; LETTON<br \/>\nALLEMAND &#8211; LITHUANIEN<br \/>\nALLEMAND &#8211; MALTAIS<br \/>\nALLEMAND &#8211; NORV\u00c9GIEN<br \/>\nALLEMAND &#8211; HOLLANDAIS<br \/>\nALLEMAND &#8211; POLONAIS<br \/>\nALLEMAND &#8211; PORTUGAIS<br \/>\nALLEMAND &#8211; ROUMAIN<br \/>\nALLEMAND &#8211; RUSSE<br \/>\nALLEMAND &#8211; SLOVAQUE<br \/>\nALLEMAND &#8211; SLOV\u00c8NE<br \/>\nALLEMAND &#8211; ESPAGNOL<br \/>\nALLEMAND &#8211; SU\u00c9DOIS<br \/>\nALLEMAND &#8211; TURC<br \/>\nALLEMAND &#8211; HONGROIS<\/p>\n<\/div><\/section><\/div>\n<style type=\"text\/css\" data-created_by=\"avia_inline_auto\" id=\"style-css-av-av_one_third-4e2700ee963d0c05ad7a4af57d3151bb\">\n.flex_column.av-av_one_third-4e2700ee963d0c05ad7a4af57d3151bb{\nborder-radius:0px 0px 0px 0px;\npadding:30px 30px 30px 30px;\nbackground-color:rgba(255,255,255,0.95);\n}\n<\/style>\n<div  class='flex_column av-av_one_third-4e2700ee963d0c05ad7a4af57d3151bb av_one_third  avia-builder-el-11  el_after_av_one_third  avia-builder-el-last  flex_column_div  '     ><section  class='av_textblock_section av-av_textblock-19a12f198b1da2c3944a3b081a9efba9 '   itemscope=\"itemscope\" itemtype=\"https:\/\/schema.org\/CreativeWork\" ><div class='avia_textblock av_inherit_color'  itemprop=\"text\" ><p>ANGLAIS &#8211; ARABE<br \/>\nANGLAIS &#8211; BULGARE<br \/>\nANGLAIS &#8211; TCH\u00c8QUE<br \/>\nANGLAIS &#8211; CHINOIS<br \/>\nANGLAIS &#8211; COR\u00c9EN<br \/>\nANGLAIS &#8211; CROATE<br \/>\nANGLAIS &#8211; DANOIS<br \/>\nANGLAIS &#8211; ESTONIEN<br \/>\nANGLAIS &#8211; FINLANDAIS<br \/>\nANGLAIS &#8211; FRAN\u00c7AIS<br \/>\nANGLAIS &#8211; JAPONAIS<br \/>\nANGLAIS &#8211; GREC<br \/>\nANGLAIS &#8211; INDON\u00c9SIEN<br \/>\nANGLAIS &#8211; IRLANDAIS<br \/>\nANGLAIS &#8211; ITALIEN<br \/>\nANGLAIS &#8211; LETTON<br \/>\nANGLAIS &#8211; LITHUANIEN<br \/>\nANGLAIS &#8211; MALTAIS<br \/>\nANGLAIS &#8211; NORV\u00c9GIEN<br \/>\nANGLAIS &#8211; HOLLANDAIS<br \/>\nANGLAIS &#8211; POLONAIS<br \/>\nANGLAIS &#8211; PORTUGAIS<br \/>\nANGLAIS &#8211; ROUMAIN<br \/>\nANGLAIS &#8211; RUSSE<br \/>\nANGLAIS &#8211; SLOVAQUE<br \/>\nANGLAIS &#8211; SLOV\u00c8NE<br \/>\nANGLAIS &#8211; ESPAGNOL<br \/>\nANGLAIS &#8211; SU\u00c9DOIS<br \/>\nANGLAIS &#8211; ALLEMAND<br \/>\nANGLAIS &#8211; TURC<br \/>\nANGLAIS &#8211; HONGROIS<\/p>\n<\/div><\/section><\/div><\/div><\/div><\/div><!-- close content main div --><\/div><\/div><div id='after_section_2'  class='main_color av_default_container_wrap container_wrap sidebar_right'  ><div class='container av-section-cont-open' ><div class='template-page content  av-content-small alpha units'><div class='post-entry post-entry-type-page post-entry-327'><div class='entry-content-wrapper clearfix'><div  class='av_promobox av-av_promobox-e6dc186666f8aa6eaef3f53f775de1d8 avia-button-no  avia-builder-el-13  el_after_av_section  avia-builder-el-no-sibling '><div class='avia-promocontent'><\/p>\n<p style=\"text-align: center;\">Nous sommes \u00e9galement en mesure de r\u00e9aliser sur demande des projets pour d\u2019autres combinaisons linguistiques ou des langues rares<\/p>\n<p style=\"text-align: center;\">Imm\u00e9diates et fiables, selon les exigences du client et dans les d\u00e9lais pr\u00e9vus &#8230; sur CD &#8230; par mail &#8230; support papier &#8230; y compris les formats Autocad (DWG), InDesign (INDD), etc.<\/p>\n<p>\n<\/div><\/div><\/p>\n","protected":false},"excerpt":{"rendered":"","protected":false},"author":1,"featured_media":0,"parent":0,"menu_order":0,"comment_status":"closed","ping_status":"closed","template":"","meta":{"footnotes":""},"class_list":["post-327","page","type-page","status-publish","hentry"],"yoast_head":"<!-- This site is optimized with the Yoast SEO plugin v27.2 - https:\/\/yoast.com\/product\/yoast-seo-wordpress\/ -->\n<title>traductions de haute qualit\u00e9<\/title>\n<meta name=\"description\" content=\"Nous faisons des traductions m\u00eame multilingues dans toutes les langues europ\u00e9ennes et dans les langues extra europ\u00e9ennes telles que le chinois, le japonais, le cor\u00e9en l\u2019indon\u00e9sien ou l\u2019arabe\" \/>\n<meta name=\"robots\" content=\"index, follow, max-snippet:-1, max-image-preview:large, max-video-preview:-1\" \/>\n<link rel=\"canonical\" href=\"https:\/\/www.studiomicali.com\/fr\/langues\/\" \/>\n<meta property=\"og:locale\" content=\"fr_FR\" \/>\n<meta property=\"og:type\" content=\"article\" \/>\n<meta property=\"og:title\" content=\"traductions de haute qualit\u00e9\" \/>\n<meta property=\"og:description\" content=\"Nous faisons des traductions m\u00eame multilingues dans toutes les langues europ\u00e9ennes et dans les langues extra europ\u00e9ennes telles que le chinois, le japonais, le cor\u00e9en l\u2019indon\u00e9sien ou l\u2019arabe\" \/>\n<meta property=\"og:url\" content=\"https:\/\/www.studiomicali.com\/fr\/langues\/\" \/>\n<meta property=\"og:site_name\" content=\"Studio Micali\" \/>\n<meta property=\"article:modified_time\" content=\"2015-11-26T14:17:57+00:00\" \/>\n<meta name=\"twitter:card\" content=\"summary_large_image\" \/>\n<meta name=\"twitter:label1\" content=\"Dur\u00e9e de lecture estim\u00e9e\" \/>\n\t<meta name=\"twitter:data1\" content=\"5 minutes\" \/>\n<script type=\"application\/ld+json\" class=\"yoast-schema-graph\">{\"@context\":\"https:\/\/schema.org\",\"@graph\":[{\"@type\":\"WebPage\",\"@id\":\"https:\/\/www.studiomicali.com\/fr\/langues\/\",\"url\":\"https:\/\/www.studiomicali.com\/fr\/langues\/\",\"name\":\"traductions de haute qualit\u00e9\",\"isPartOf\":{\"@id\":\"https:\/\/www.studiomicali.com\/#website\"},\"datePublished\":\"2015-10-06T13:41:03+00:00\",\"dateModified\":\"2015-11-26T14:17:57+00:00\",\"description\":\"Nous faisons des traductions m\u00eame multilingues dans toutes les langues europ\u00e9ennes et dans les langues extra europ\u00e9ennes telles que le chinois, le japonais, le cor\u00e9en l\u2019indon\u00e9sien ou l\u2019arabe\",\"breadcrumb\":{\"@id\":\"https:\/\/www.studiomicali.com\/fr\/langues\/#breadcrumb\"},\"inLanguage\":\"fr-FR\",\"potentialAction\":[{\"@type\":\"ReadAction\",\"target\":[\"https:\/\/www.studiomicali.com\/fr\/langues\/\"]}]},{\"@type\":\"BreadcrumbList\",\"@id\":\"https:\/\/www.studiomicali.com\/fr\/langues\/#breadcrumb\",\"itemListElement\":[{\"@type\":\"ListItem\",\"position\":1,\"name\":\"Home\",\"item\":\"https:\/\/www.studiomicali.com\/fr\/\"},{\"@type\":\"ListItem\",\"position\":2,\"name\":\"LANGUES\"}]},{\"@type\":\"WebSite\",\"@id\":\"https:\/\/www.studiomicali.com\/#website\",\"url\":\"https:\/\/www.studiomicali.com\/\",\"name\":\"Studio Micali\",\"description\":\"\",\"publisher\":{\"@id\":\"https:\/\/www.studiomicali.com\/#organization\"},\"potentialAction\":[{\"@type\":\"SearchAction\",\"target\":{\"@type\":\"EntryPoint\",\"urlTemplate\":\"https:\/\/www.studiomicali.com\/?s={search_term_string}\"},\"query-input\":{\"@type\":\"PropertyValueSpecification\",\"valueRequired\":true,\"valueName\":\"search_term_string\"}}],\"inLanguage\":\"fr-FR\"},{\"@type\":\"Organization\",\"@id\":\"https:\/\/www.studiomicali.com\/#organization\",\"name\":\"Studio Micali - Servizi di traduzione\",\"url\":\"https:\/\/www.studiomicali.com\/\",\"logo\":{\"@type\":\"ImageObject\",\"inLanguage\":\"fr-FR\",\"@id\":\"https:\/\/www.studiomicali.com\/#\/schema\/logo\/image\/\",\"url\":\"https:\/\/www.studiomicali.com\/wp-content\/uploads\/2015\/10\/studio-micali-ico.png\",\"contentUrl\":\"https:\/\/www.studiomicali.com\/wp-content\/uploads\/2015\/10\/studio-micali-ico.png\",\"width\":64,\"height\":64,\"caption\":\"Studio Micali - Servizi di traduzione\"},\"image\":{\"@id\":\"https:\/\/www.studiomicali.com\/#\/schema\/logo\/image\/\"}}]}<\/script>\n<!-- \/ Yoast SEO plugin. -->","yoast_head_json":{"title":"traductions de haute qualit\u00e9","description":"Nous faisons des traductions m\u00eame multilingues dans toutes les langues europ\u00e9ennes et dans les langues extra europ\u00e9ennes telles que le chinois, le japonais, le cor\u00e9en l\u2019indon\u00e9sien ou l\u2019arabe","robots":{"index":"index","follow":"follow","max-snippet":"max-snippet:-1","max-image-preview":"max-image-preview:large","max-video-preview":"max-video-preview:-1"},"canonical":"https:\/\/www.studiomicali.com\/fr\/langues\/","og_locale":"fr_FR","og_type":"article","og_title":"traductions de haute qualit\u00e9","og_description":"Nous faisons des traductions m\u00eame multilingues dans toutes les langues europ\u00e9ennes et dans les langues extra europ\u00e9ennes telles que le chinois, le japonais, le cor\u00e9en l\u2019indon\u00e9sien ou l\u2019arabe","og_url":"https:\/\/www.studiomicali.com\/fr\/langues\/","og_site_name":"Studio Micali","article_modified_time":"2015-11-26T14:17:57+00:00","twitter_card":"summary_large_image","twitter_misc":{"Dur\u00e9e de lecture estim\u00e9e":"5 minutes"},"schema":{"@context":"https:\/\/schema.org","@graph":[{"@type":"WebPage","@id":"https:\/\/www.studiomicali.com\/fr\/langues\/","url":"https:\/\/www.studiomicali.com\/fr\/langues\/","name":"traductions de haute qualit\u00e9","isPartOf":{"@id":"https:\/\/www.studiomicali.com\/#website"},"datePublished":"2015-10-06T13:41:03+00:00","dateModified":"2015-11-26T14:17:57+00:00","description":"Nous faisons des traductions m\u00eame multilingues dans toutes les langues europ\u00e9ennes et dans les langues extra europ\u00e9ennes telles que le chinois, le japonais, le cor\u00e9en l\u2019indon\u00e9sien ou l\u2019arabe","breadcrumb":{"@id":"https:\/\/www.studiomicali.com\/fr\/langues\/#breadcrumb"},"inLanguage":"fr-FR","potentialAction":[{"@type":"ReadAction","target":["https:\/\/www.studiomicali.com\/fr\/langues\/"]}]},{"@type":"BreadcrumbList","@id":"https:\/\/www.studiomicali.com\/fr\/langues\/#breadcrumb","itemListElement":[{"@type":"ListItem","position":1,"name":"Home","item":"https:\/\/www.studiomicali.com\/fr\/"},{"@type":"ListItem","position":2,"name":"LANGUES"}]},{"@type":"WebSite","@id":"https:\/\/www.studiomicali.com\/#website","url":"https:\/\/www.studiomicali.com\/","name":"Studio Micali","description":"","publisher":{"@id":"https:\/\/www.studiomicali.com\/#organization"},"potentialAction":[{"@type":"SearchAction","target":{"@type":"EntryPoint","urlTemplate":"https:\/\/www.studiomicali.com\/?s={search_term_string}"},"query-input":{"@type":"PropertyValueSpecification","valueRequired":true,"valueName":"search_term_string"}}],"inLanguage":"fr-FR"},{"@type":"Organization","@id":"https:\/\/www.studiomicali.com\/#organization","name":"Studio Micali - Servizi di traduzione","url":"https:\/\/www.studiomicali.com\/","logo":{"@type":"ImageObject","inLanguage":"fr-FR","@id":"https:\/\/www.studiomicali.com\/#\/schema\/logo\/image\/","url":"https:\/\/www.studiomicali.com\/wp-content\/uploads\/2015\/10\/studio-micali-ico.png","contentUrl":"https:\/\/www.studiomicali.com\/wp-content\/uploads\/2015\/10\/studio-micali-ico.png","width":64,"height":64,"caption":"Studio Micali - Servizi di traduzione"},"image":{"@id":"https:\/\/www.studiomicali.com\/#\/schema\/logo\/image\/"}}]}},"_links":{"self":[{"href":"https:\/\/www.studiomicali.com\/fr\/wp-json\/wp\/v2\/pages\/327","targetHints":{"allow":["GET"]}}],"collection":[{"href":"https:\/\/www.studiomicali.com\/fr\/wp-json\/wp\/v2\/pages"}],"about":[{"href":"https:\/\/www.studiomicali.com\/fr\/wp-json\/wp\/v2\/types\/page"}],"author":[{"embeddable":true,"href":"https:\/\/www.studiomicali.com\/fr\/wp-json\/wp\/v2\/users\/1"}],"replies":[{"embeddable":true,"href":"https:\/\/www.studiomicali.com\/fr\/wp-json\/wp\/v2\/comments?post=327"}],"version-history":[{"count":2,"href":"https:\/\/www.studiomicali.com\/fr\/wp-json\/wp\/v2\/pages\/327\/revisions"}],"predecessor-version":[{"id":329,"href":"https:\/\/www.studiomicali.com\/fr\/wp-json\/wp\/v2\/pages\/327\/revisions\/329"}],"wp:attachment":[{"href":"https:\/\/www.studiomicali.com\/fr\/wp-json\/wp\/v2\/media?parent=327"}],"curies":[{"name":"wp","href":"https:\/\/api.w.org\/{rel}","templated":true}]}}